{"id":2210,"date":"2023-09-01T17:05:47","date_gmt":"2023-09-01T17:05:47","guid":{"rendered":"https:\/\/vaejfit.com\/?post_type=product&#038;p=2210"},"modified":"2025-12-07T02:42:59","modified_gmt":"2025-12-07T02:42:59","slug":"creatina-simply","status":"publish","type":"product","link":"https:\/\/vaejfit.com\/index.php\/product\/creatina-simply\/","title":{"rendered":"CREATINA SIMPLY"},"content":{"rendered":"<p>CREATINA SIMPLY es un compuesto natural formado por tres amino\u00e1cidos: metionina, arginina y glicina. Los amino\u00e1cidos son los bloques b\u00e1sicos que forman la prote\u00edna. El cuerpo es capaz de sintetizar una peque\u00f1a cantidad de creatina al d\u00eda (+\/- 1g), y el resto debe aportarse a trav\u00e9s de la dieta o suplementaci\u00f3n. La carne y pescado son las principales fuentes. Por algo su nombre deriva de \u201ckreas\u201c, carne en griego. USOS Y BENEFICIOS DE LA CREATINA SIMPLY El cuerpo tiene diferentes sistemas energ\u00e9ticos, siendo la fosfocreatina el combustible principal del sistema anaer\u00f3bico puro, con diferencia el m\u00e1s explosivo, pero tambi\u00e9n el que se fatiga m\u00e1s r\u00e1pido. La suplementaci\u00f3n con creatina facilita la regeneraci\u00f3n de este escaso combustible, permiti\u00e9ndole realizar alguna repetici\u00f3n extra o usar algo m\u00e1s de peso. El resultado ser\u00e1 m\u00e1s fuerza y m\u00e1s m\u00fasculo. Volumen muscular. Las ganancias de m\u00fasculo y fuerza proceden principalmente del\u00a0aporte extra de energ\u00eda, que permite entrenar con m\u00e1s intensidad, pero hay\u00a0otros factores. Por ejemplo se logra mayor volumen muscular, al favorecer la creatina el aumento del gluc\u00f3geno muscular y retenci\u00f3n de agua intracelular, optimizando\u00a0la s\u00edntesis de prote\u00edna. El gluc\u00f3geno extra mejora tambi\u00e9n\u00a0el rendimiento en actividades que hacen uso del sistema glucol\u00edtico, como CrossFit o\u00a0entrenamientos de alta intensidad\u00a0en general. Si\u00a0te especializas en actividades de fondo\u00a0los beneficios directos (aporte de fosfocreatina) no son\u00a0tan claros, y\u00a0el volumen muscular adicional quiz\u00e1\u00a0no te ayude a rendir mejor. Un maratonista no necesita grandes b\u00edceps. Pero\u00a0el aumento de las reservas de gluc\u00f3geno es interesante\u00a0y est\u00e1 demostrado\u00a0que la creatina ayuda en la\u00a0recuperaci\u00f3n tras\u00a0competiciones de larga distancia, reduciendo por ejemplo el da\u00f1o muscular y la inflamaci\u00f3n. Resumen: Si haces deporte, la creatina simply mejorar\u00e1 tu rendimiento y\u00a0composici\u00f3n corporal. Pero sus beneficios van m\u00e1s all\u00e1 de maximizar\u00a0tu sentadilla o velocidad en un sprint: Mejora\u00a0el control de glucosa en personas diab\u00e9ticas. Previene la p\u00e9rdida muscular y debilidad \u00f3sea en hombres y mujeres mayores. Aunque el 90% de la creatina se acumula en los m\u00fasculos, es tambi\u00e9n importante en el cerebro, y est\u00e1 demostrada su mejora de\u00a0la capacidad cognitiva, en personas mayores. Mejora el estado de \u00e1nimo en casos de fatiga mental por falta de sue\u00f1o\u00a0y reduce s\u00edntomas de depresi\u00f3n. &#8211; 5 gramos de creatina pura por servicio. &#8211; Aumenta el rendimiento. &#8211; Aumenta la fuerza y ayuda al aumento de masa corporal. &#8211; Retarda la fatiga. &#8211; Mejora la recuperaci\u00f3n muscular<\/p>\n","protected":false},"excerpt":{"rendered":"<p>CREATINA SIMPLY es un compuesto natural formado por tres amino\u00e1cidos: metionina, arginina y glicina. Los amino\u00e1cidos son los bloques b\u00e1sicos que forman la prote\u00edna. El cuerpo es capaz de sintetizar una peque\u00f1a cantidad de creatina al d\u00eda (+\/- 1g), y el resto debe aportarse a trav\u00e9s de la dieta o suplementaci\u00f3n. La carne y pescado [&hellip;]<\/p>\n","protected":false},"featured_media":2211,"comment_status":"open","ping_status":"closed","template":"","meta":{"site-sidebar-layout":"default","site-content-layout":"","ast-site-content-layout":"default","site-content-style":"default","site-sidebar-style":"default","ast-global-header-display":"","ast-banner-title-visibility":"","ast-main-header-display":"","ast-hfb-above-header-display":"","ast-hfb-below-header-display":"","ast-hfb-mobile-header-display":"","site-post-title":"","ast-breadcrumbs-content":"","ast-featured-img":"","footer-sml-layout":"","ast-disable-related-posts":"","theme-transparent-header-meta":"default","adv-header-id-meta":"","stick-header-meta":"","header-above-stick-meta":"","header-main-stick-meta":"","header-below-stick-meta":"","astra-migrate-meta-layouts":"set","ast-page-background-enabled":"default","ast-page-background-meta":{"desktop":{"background-color":"var(--ast-global-color-4)","background-image":"","background-repeat":"repeat","background-position":"center center","background-size":"auto","background-attachment":"scroll","background-type":"","background-media":"","overlay-type":"","overlay-color":"","overlay-opacity":"","overlay-gradient":""},"tablet":{"background-color":"","background-image":"","background-repeat":"repeat","background-position":"center center","background-size":"auto","background-attachment":"scroll","background-type":"","background-media":"","overlay-type":"","overlay-color":"","overlay-opacity":"","overlay-gradient":""},"mobile":{"background-color":"","background-image":"","background-repeat":"repeat","background-position":"center center","background-size":"auto","background-attachment":"scroll","background-type":"","background-media":"","overlay-type":"","overlay-color":"","overlay-opacity":"","overlay-gradient":""}},"ast-content-background-meta":{"desktop":{"background-color":"var(--ast-global-color-5)","background-image":"","background-repeat":"repeat","background-position":"center center","background-size":"auto","background-attachment":"scroll","background-type":"","background-media":"","overlay-type":"","overlay-color":"","overlay-opacity":"","overlay-gradient":""},"tablet":{"background-color":"var(--ast-global-color-5)","background-image":"","background-repeat":"repeat","background-position":"center center","background-size":"auto","background-attachment":"scroll","background-type":"","background-media":"","overlay-type":"","overlay-color":"","overlay-opacity":"","overlay-gradient":""},"mobile":{"background-color":"var(--ast-global-color-5)","background-image":"","background-repeat":"repeat","background-position":"center center","background-size":"auto","background-attachment":"scroll","background-type":"","background-media":"","overlay-type":"","overlay-color":"","overlay-opacity":"","overlay-gradient":""}}},"product_cat":[22,53],"product_tag":[47],"_links":{"self":[{"href":"https:\/\/vaejfit.com\/index.php\/wp-json\/wp\/v2\/product\/2210"}],"collection":[{"href":"https:\/\/vaejfit.com\/index.php\/wp-json\/wp\/v2\/product"}],"about":[{"href":"https:\/\/vaejfit.com\/index.php\/wp-json\/wp\/v2\/types\/product"}],"replies":[{"embeddable":true,"href":"https:\/\/vaejfit.com\/index.php\/wp-json\/wp\/v2\/comments?post=2210"}],"wp:featuredmedia":[{"embeddable":true,"href":"https:\/\/vaejfit.com\/index.php\/wp-json\/wp\/v2\/media\/2211"}],"wp:attachment":[{"href":"https:\/\/vaejfit.com\/index.php\/wp-json\/wp\/v2\/media?parent=2210"}],"wp:term":[{"taxonomy":"product_cat","embeddable":true,"href":"https:\/\/vaejfit.com\/index.php\/wp-json\/wp\/v2\/product_cat?post=2210"},{"taxonomy":"product_tag","embeddable":true,"href":"https:\/\/vaejfit.com\/index.php\/wp-json\/wp\/v2\/product_tag?post=2210"}],"curies":[{"name":"wp","href":"https:\/\/api.w.org\/{rel}","templated":true}]}}