{"id":2207,"date":"2023-09-01T17:00:24","date_gmt":"2023-09-01T17:00:24","guid":{"rendered":"https:\/\/vaejfit.com\/?post_type=product&#038;p=2207"},"modified":"2025-12-07T02:42:28","modified_gmt":"2025-12-07T02:42:28","slug":"cell-tech-3lb","status":"publish","type":"product","link":"https:\/\/vaejfit.com\/index.php\/product\/cell-tech-3lb\/","title":{"rendered":"Cell-Tech 3lb"},"content":{"rendered":"<p>El m\u00e1s potente creatina Musclebuilder que hemos desarrollado Cell-Tech f\u00f3rmula de creatina cient\u00edficamente dise\u00f1ado para hardgainers que deseas mas tama\u00f1o y fuerza. Esta f\u00f3rmula contiene potentes ingredientes soportados por m\u00e1s de 30 estudios de investigaci\u00f3n llevados a cabo durante varios decenios.<br \/>\nF\u00f3rmula superior:<br \/>\nM\u00e1s r\u00e1pido crecimiento del m\u00fasculo<br \/>\nCada raci\u00f3n de Cell-Tech proporciona 3,5 gramos de Creatine Monohydrate y 1,5 gramos de creatina HCl. En un estudio, los sujetos que consumir la cantidad de creatina y carbohidratos suministrados durante la fase de carga de Cell-Tech adquiridos en promedio de 3,4 kg de m\u00fasculo en 7 d\u00edas. Sujetos tomar creatina con zumo gained s\u00f3lo 0,8 libras.<br \/>\nMayor fuerza.<\/p>\n","protected":false},"excerpt":{"rendered":"<p>El m\u00e1s potente creatina Musclebuilder que hemos desarrollado Cell-Tech f\u00f3rmula de creatina cient\u00edficamente dise\u00f1ado para hardgainers que deseas mas tama\u00f1o y fuerza. Esta f\u00f3rmula contiene potentes ingredientes soportados por m\u00e1s de 30 estudios de investigaci\u00f3n llevados a cabo durante varios decenios. F\u00f3rmula superior: M\u00e1s r\u00e1pido crecimiento del m\u00fasculo Cada raci\u00f3n de Cell-Tech proporciona 3,5 gramos [&hellip;]<\/p>\n","protected":false},"featured_media":2208,"comment_status":"open","ping_status":"closed","template":"","meta":{"site-sidebar-layout":"default","site-content-layout":"","ast-site-content-layout":"default","site-content-style":"default","site-sidebar-style":"default","ast-global-header-display":"","ast-banner-title-visibility":"","ast-main-header-display":"","ast-hfb-above-header-display":"","ast-hfb-below-header-display":"","ast-hfb-mobile-header-display":"","site-post-title":"","ast-breadcrumbs-content":"","ast-featured-img":"","footer-sml-layout":"","ast-disable-related-posts":"","theme-transparent-header-meta":"default","adv-header-id-meta":"","stick-header-meta":"","header-above-stick-meta":"","header-main-stick-meta":"","header-below-stick-meta":"","astra-migrate-meta-layouts":"set","ast-page-background-enabled":"default","ast-page-background-meta":{"desktop":{"background-color":"var(--ast-global-color-4)","background-image":"","background-repeat":"repeat","background-position":"center center","background-size":"auto","background-attachment":"scroll","background-type":"","background-media":"","overlay-type":"","overlay-color":"","overlay-opacity":"","overlay-gradient":""},"tablet":{"background-color":"","background-image":"","background-repeat":"repeat","background-position":"center center","background-size":"auto","background-attachment":"scroll","background-type":"","background-media":"","overlay-type":"","overlay-color":"","overlay-opacity":"","overlay-gradient":""},"mobile":{"background-color":"","background-image":"","background-repeat":"repeat","background-position":"center center","background-size":"auto","background-attachment":"scroll","background-type":"","background-media":"","overlay-type":"","overlay-color":"","overlay-opacity":"","overlay-gradient":""}},"ast-content-background-meta":{"desktop":{"background-color":"var(--ast-global-color-5)","background-image":"","background-repeat":"repeat","background-position":"center center","background-size":"auto","background-attachment":"scroll","background-type":"","background-media":"","overlay-type":"","overlay-color":"","overlay-opacity":"","overlay-gradient":""},"tablet":{"background-color":"var(--ast-global-color-5)","background-image":"","background-repeat":"repeat","background-position":"center center","background-size":"auto","background-attachment":"scroll","background-type":"","background-media":"","overlay-type":"","overlay-color":"","overlay-opacity":"","overlay-gradient":""},"mobile":{"background-color":"var(--ast-global-color-5)","background-image":"","background-repeat":"repeat","background-position":"center center","background-size":"auto","background-attachment":"scroll","background-type":"","background-media":"","overlay-type":"","overlay-color":"","overlay-opacity":"","overlay-gradient":""}}},"product_cat":[22,28,37],"product_tag":[47],"_links":{"self":[{"href":"https:\/\/vaejfit.com\/index.php\/wp-json\/wp\/v2\/product\/2207"}],"collection":[{"href":"https:\/\/vaejfit.com\/index.php\/wp-json\/wp\/v2\/product"}],"about":[{"href":"https:\/\/vaejfit.com\/index.php\/wp-json\/wp\/v2\/types\/product"}],"replies":[{"embeddable":true,"href":"https:\/\/vaejfit.com\/index.php\/wp-json\/wp\/v2\/comments?post=2207"}],"wp:featuredmedia":[{"embeddable":true,"href":"https:\/\/vaejfit.com\/index.php\/wp-json\/wp\/v2\/media\/2208"}],"wp:attachment":[{"href":"https:\/\/vaejfit.com\/index.php\/wp-json\/wp\/v2\/media?parent=2207"}],"wp:term":[{"taxonomy":"product_cat","embeddable":true,"href":"https:\/\/vaejfit.com\/index.php\/wp-json\/wp\/v2\/product_cat?post=2207"},{"taxonomy":"product_tag","embeddable":true,"href":"https:\/\/vaejfit.com\/index.php\/wp-json\/wp\/v2\/product_tag?post=2207"}],"curies":[{"name":"wp","href":"https:\/\/api.w.org\/{rel}","templated":true}]}}