{"id":2204,"date":"2023-09-01T16:58:30","date_gmt":"2023-09-01T16:58:30","guid":{"rendered":"https:\/\/vaejfit.com\/?post_type=product&#038;p=2204"},"modified":"2025-12-07T02:43:18","modified_gmt":"2025-12-07T02:43:18","slug":"glutamina-platinum-muscletech","status":"publish","type":"product","link":"https:\/\/vaejfit.com\/index.php\/product\/glutamina-platinum-muscletech\/","title":{"rendered":"GLUTAMINA PLATINUM MUSCLETECH"},"content":{"rendered":"<p>DESCRIPCI\u00d3N Es una glutamina 100% pura. Presentaci\u00f3n: 5 gr de L-Glutamina. Sin sabor. Modo de uso: Adultos, Tomar 1 servicio (1 Cucharas medidora) disuelta en 6-8 oz. de agua 1 vez al d\u00eda. Tama\u00f1o de la porci\u00f3n: 5 gr (60 Servicios aprox.) Contenido: Neto 300g \/10.58 oz Ingredientes: L-Glutamina. M\u00e9todo de conservaci\u00f3n: El producto debe estar almacenado en su empaque original a temperatura inferior a 30\u00b0C y a una humedad relativa inferior a 75%. No introducir elementos h\u00famedos, despu\u00e9s de abierto consumase en el menor tiempo posible. ADVERTENCIA: Este producto es un suplemento dietario, no es un medicamento y no suple una alimentaci\u00f3n equilibrada. Reg. San. INVIMA No. INVIMA SD2014-0003395<\/p>\n","protected":false},"excerpt":{"rendered":"<p>DESCRIPCI\u00d3N Es una glutamina 100% pura. Presentaci\u00f3n: 5 gr de L-Glutamina. Sin sabor. Modo de uso: Adultos, Tomar 1 servicio (1 Cucharas medidora) disuelta en 6-8 oz. de agua 1 vez al d\u00eda. Tama\u00f1o de la porci\u00f3n: 5 gr (60 Servicios aprox.) Contenido: Neto 300g \/10.58 oz Ingredientes: L-Glutamina. M\u00e9todo de conservaci\u00f3n: El producto debe [&hellip;]<\/p>\n","protected":false},"featured_media":2205,"comment_status":"open","ping_status":"closed","template":"","meta":{"site-sidebar-layout":"default","site-content-layout":"","ast-site-content-layout":"default","site-content-style":"default","site-sidebar-style":"default","ast-global-header-display":"","ast-banner-title-visibility":"","ast-main-header-display":"","ast-hfb-above-header-display":"","ast-hfb-below-header-display":"","ast-hfb-mobile-header-display":"","site-post-title":"","ast-breadcrumbs-content":"","ast-featured-img":"","footer-sml-layout":"","ast-disable-related-posts":"","theme-transparent-header-meta":"default","adv-header-id-meta":"","stick-header-meta":"","header-above-stick-meta":"","header-main-stick-meta":"","header-below-stick-meta":"","astra-migrate-meta-layouts":"set","ast-page-background-enabled":"default","ast-page-background-meta":{"desktop":{"background-color":"var(--ast-global-color-4)","background-image":"","background-repeat":"repeat","background-position":"center center","background-size":"auto","background-attachment":"scroll","background-type":"","background-media":"","overlay-type":"","overlay-color":"","overlay-opacity":"","overlay-gradient":""},"tablet":{"background-color":"","background-image":"","background-repeat":"repeat","background-position":"center center","background-size":"auto","background-attachment":"scroll","background-type":"","background-media":"","overlay-type":"","overlay-color":"","overlay-opacity":"","overlay-gradient":""},"mobile":{"background-color":"","background-image":"","background-repeat":"repeat","background-position":"center center","background-size":"auto","background-attachment":"scroll","background-type":"","background-media":"","overlay-type":"","overlay-color":"","overlay-opacity":"","overlay-gradient":""}},"ast-content-background-meta":{"desktop":{"background-color":"var(--ast-global-color-5)","background-image":"","background-repeat":"repeat","background-position":"center center","background-size":"auto","background-attachment":"scroll","background-type":"","background-media":"","overlay-type":"","overlay-color":"","overlay-opacity":"","overlay-gradient":""},"tablet":{"background-color":"var(--ast-global-color-5)","background-image":"","background-repeat":"repeat","background-position":"center center","background-size":"auto","background-attachment":"scroll","background-type":"","background-media":"","overlay-type":"","overlay-color":"","overlay-opacity":"","overlay-gradient":""},"mobile":{"background-color":"var(--ast-global-color-5)","background-image":"","background-repeat":"repeat","background-position":"center center","background-size":"auto","background-attachment":"scroll","background-type":"","background-media":"","overlay-type":"","overlay-color":"","overlay-opacity":"","overlay-gradient":""}}},"product_cat":[23,39],"product_tag":[47],"_links":{"self":[{"href":"https:\/\/vaejfit.com\/index.php\/wp-json\/wp\/v2\/product\/2204"}],"collection":[{"href":"https:\/\/vaejfit.com\/index.php\/wp-json\/wp\/v2\/product"}],"about":[{"href":"https:\/\/vaejfit.com\/index.php\/wp-json\/wp\/v2\/types\/product"}],"replies":[{"embeddable":true,"href":"https:\/\/vaejfit.com\/index.php\/wp-json\/wp\/v2\/comments?post=2204"}],"wp:featuredmedia":[{"embeddable":true,"href":"https:\/\/vaejfit.com\/index.php\/wp-json\/wp\/v2\/media\/2205"}],"wp:attachment":[{"href":"https:\/\/vaejfit.com\/index.php\/wp-json\/wp\/v2\/media?parent=2204"}],"wp:term":[{"taxonomy":"product_cat","embeddable":true,"href":"https:\/\/vaejfit.com\/index.php\/wp-json\/wp\/v2\/product_cat?post=2204"},{"taxonomy":"product_tag","embeddable":true,"href":"https:\/\/vaejfit.com\/index.php\/wp-json\/wp\/v2\/product_tag?post=2204"}],"curies":[{"name":"wp","href":"https:\/\/api.w.org\/{rel}","templated":true}]}}