{"id":2191,"date":"2023-09-01T16:28:00","date_gmt":"2023-09-01T16:28:00","guid":{"rendered":"https:\/\/vaejfit.com\/?post_type=product&#038;p=2191"},"modified":"2025-12-07T02:44:53","modified_gmt":"2025-12-07T02:44:53","slug":"platinum-creatine","status":"publish","type":"product","link":"https:\/\/vaejfit.com\/index.php\/product\/platinum-creatine\/","title":{"rendered":"Platinum Creatine"},"content":{"rendered":"<h2>DESCRIPCI\u00d3N<\/h2>\n<p><strong>Platinum Creatine<\/strong>\u00a0forma parte de la l\u00ednea\u00a0\u00a0de\u00a0<strong>Muscletech<\/strong>, es una creatina monohidrato micronizada, de la m\u00e1s alta calidad y pureza. La creatina, es uno de los complementos m\u00e1s estudiados y eficaces en cuanto a rendimiento deportivo, incremento de la masa muscular, fuerza, resistencia y recuperaci\u00f3n muscular.<\/p>\n<p>&nbsp;<\/p>\n<h3>Platinum Creatine. Caracter\u00edsticas principales:<\/h3>\n<p>5000 mg de Creatina Monohidrato por dosis.<\/p>\n<p>Alta calidad y pureza.<\/p>\n<p>Micronizada para m\u00e1xima absorci\u00f3n.<\/p>\n<p>400 g por envase (80 dosis).<\/p>\n<p>&nbsp;<\/p>\n<h3>Platinum 100 % Creatine. Efectos principales:<\/h3>\n<ul>\n<li>Aumenta la fuerza muscular y el rendimiento f\u00edsico.<\/li>\n<li>Favorece el desarrollo muscular y el volumen.<\/li>\n<li>Mejora la recuperaci\u00f3n entre esfuerzos.<\/li>\n<li>Favorece la s\u00edntesis proteica, protege los m\u00fasculos y facilita la recuperaci\u00f3n.<\/li>\n<\/ul>\n<p>&nbsp;<\/p>\n<h3>Platinum Creatine. La ciencia detr\u00e1s:<\/h3>\n<p><strong>Platinum Creatine\u00a0<\/strong>es un producto a base de creatina monohidrato micronizada de alta pureza. Esta creatina, al ser micronizada presenta una r\u00e1pida y completa absorci\u00f3n. La creatina es una ayuda ergog\u00e9nica muy estudiada y eficaz, est\u00e1 demostrado que una dosis adecuada, ayuda a aumentar los niveles de fosfocreatina en el m\u00fasculo, aumentando la energ\u00eda disponible para la actividad f\u00edsica, lo cual permite retrasar la aparici\u00f3n de fatiga y mejorar el rendimiento.<\/p>\n<p>Adem\u00e1s, la creatina favorece la hidrataci\u00f3n celular, incrementa el tama\u00f1o de las fibras musculares, fomenta las ganancias de masa muscular y ayuda a proteger frente a lesiones.<\/p>\n<p>&nbsp;<\/p>\n<h3>Platinum Creatine. Objetivos principales:<\/h3>\n<ol>\n<li>Desarrollo muscular.<\/li>\n<li>Mejora del entrenamiento.\n<ul>\n<li>Entrenamientos m\u00e1s intensos.<\/li>\n<li>Aumento de la fuerza.<\/li>\n<\/ul>\n<\/li>\n<li><\/li>\n<li><strong>Modo de uso:\u00a0<\/strong>Fase de Carga (los primeros 3 d\u00edas): mezclar una medida (5 g) en 240 ml de agua y consumir 4 veces al d\u00eda. Fase de Mantenimiento (despu\u00e9s del 3er d\u00eda): mezclar una medida (5 g) en 240 ml de agua y consumir 1 o 2 veces al d\u00eda. Para resultados m\u00e1s llamativos, reemplazar el agua por una bebida rica en hidratos de carbono o bebida deportiva.&nbsp;<br \/>\n<h3><strong>Tama\u00f1os<\/strong><\/h3>\n<p>400 grm<\/p>\n<p>&nbsp;<\/p>\n<h3><strong>Sabores<\/strong><\/h3>\n<p>Sin Sabor<\/li>\n<\/ol>\n","protected":false},"excerpt":{"rendered":"<p>DESCRIPCI\u00d3N Platinum Creatine\u00a0forma parte de la l\u00ednea\u00a0\u00a0de\u00a0Muscletech, es una creatina monohidrato micronizada, de la m\u00e1s alta calidad y pureza. La creatina, es uno de los complementos m\u00e1s estudiados y eficaces en cuanto a rendimiento deportivo, incremento de la masa muscular, fuerza, resistencia y recuperaci\u00f3n muscular. &nbsp; Platinum Creatine. Caracter\u00edsticas principales: 5000 mg de Creatina Monohidrato [&hellip;]<\/p>\n","protected":false},"featured_media":2193,"comment_status":"open","ping_status":"closed","template":"","meta":{"site-sidebar-layout":"default","site-content-layout":"","ast-site-content-layout":"default","site-content-style":"default","site-sidebar-style":"default","ast-global-header-display":"","ast-banner-title-visibility":"","ast-main-header-display":"","ast-hfb-above-header-display":"","ast-hfb-below-header-display":"","ast-hfb-mobile-header-display":"","site-post-title":"","ast-breadcrumbs-content":"","ast-featured-img":"","footer-sml-layout":"","ast-disable-related-posts":"","theme-transparent-header-meta":"default","adv-header-id-meta":"","stick-header-meta":"","header-above-stick-meta":"","header-main-stick-meta":"","header-below-stick-meta":"","astra-migrate-meta-layouts":"set","ast-page-background-enabled":"default","ast-page-background-meta":{"desktop":{"background-color":"var(--ast-global-color-4)","background-image":"","background-repeat":"repeat","background-position":"center center","background-size":"auto","background-attachment":"scroll","background-type":"","background-media":"","overlay-type":"","overlay-color":"","overlay-opacity":"","overlay-gradient":""},"tablet":{"background-color":"","background-image":"","background-repeat":"repeat","background-position":"center center","background-size":"auto","background-attachment":"scroll","background-type":"","background-media":"","overlay-type":"","overlay-color":"","overlay-opacity":"","overlay-gradient":""},"mobile":{"background-color":"","background-image":"","background-repeat":"repeat","background-position":"center center","background-size":"auto","background-attachment":"scroll","background-type":"","background-media":"","overlay-type":"","overlay-color":"","overlay-opacity":"","overlay-gradient":""}},"ast-content-background-meta":{"desktop":{"background-color":"var(--ast-global-color-5)","background-image":"","background-repeat":"repeat","background-position":"center center","background-size":"auto","background-attachment":"scroll","background-type":"","background-media":"","overlay-type":"","overlay-color":"","overlay-opacity":"","overlay-gradient":""},"tablet":{"background-color":"var(--ast-global-color-5)","background-image":"","background-repeat":"repeat","background-position":"center center","background-size":"auto","background-attachment":"scroll","background-type":"","background-media":"","overlay-type":"","overlay-color":"","overlay-opacity":"","overlay-gradient":""},"mobile":{"background-color":"var(--ast-global-color-5)","background-image":"","background-repeat":"repeat","background-position":"center center","background-size":"auto","background-attachment":"scroll","background-type":"","background-media":"","overlay-type":"","overlay-color":"","overlay-opacity":"","overlay-gradient":""}}},"product_cat":[22,37],"product_tag":[47],"_links":{"self":[{"href":"https:\/\/vaejfit.com\/index.php\/wp-json\/wp\/v2\/product\/2191"}],"collection":[{"href":"https:\/\/vaejfit.com\/index.php\/wp-json\/wp\/v2\/product"}],"about":[{"href":"https:\/\/vaejfit.com\/index.php\/wp-json\/wp\/v2\/types\/product"}],"replies":[{"embeddable":true,"href":"https:\/\/vaejfit.com\/index.php\/wp-json\/wp\/v2\/comments?post=2191"}],"wp:featuredmedia":[{"embeddable":true,"href":"https:\/\/vaejfit.com\/index.php\/wp-json\/wp\/v2\/media\/2193"}],"wp:attachment":[{"href":"https:\/\/vaejfit.com\/index.php\/wp-json\/wp\/v2\/media?parent=2191"}],"wp:term":[{"taxonomy":"product_cat","embeddable":true,"href":"https:\/\/vaejfit.com\/index.php\/wp-json\/wp\/v2\/product_cat?post=2191"},{"taxonomy":"product_tag","embeddable":true,"href":"https:\/\/vaejfit.com\/index.php\/wp-json\/wp\/v2\/product_tag?post=2191"}],"curies":[{"name":"wp","href":"https:\/\/api.w.org\/{rel}","templated":true}]}}