{"id":2175,"date":"2023-09-01T16:06:17","date_gmt":"2023-09-01T16:06:17","guid":{"rendered":"https:\/\/vaejfit.com\/?post_type=product&#038;p=2175"},"modified":"2025-10-12T21:01:45","modified_gmt":"2025-10-12T21:01:45","slug":"essential-amino-energy-watermelon","status":"publish","type":"product","link":"https:\/\/vaejfit.com\/index.php\/product\/essential-amino-energy-watermelon\/","title":{"rendered":"Essential Amino Energy Watermelon"},"content":{"rendered":"<p>ESSENTIAL AMINO ENERGY\u2122 Todos deseamos un f\u00edsico definido sin gota de grasa. Pero desearlo no es suficiente, hay que seguir una dieta y un programa de entrenamiento intensos que pondr\u00e1n a prueba la entereza f\u00edsica y mental de cualquiera. Para satisfacer estas demandas, ESSENTIAL AMINO ENERGY\u2122 de OPTIMUM NUTRITION combina un excelente \u00edndice de amino\u00e1cidos libres de r\u00e1pida absorci\u00f3n (incluyendo amino\u00e1cidos de cadena ramificada para formar m\u00fasculo y arginina para unos bombeos vasculares intensos) con energizantes naturales, beta alanina e ingredientes para incrementar los \u00edndices de \u00f3xido n\u00edtrico. Con tan solo 10 calor\u00edas por dosis, ESSENTIAL AMINO ENERGY\u2122 le da todo lo que necesita sin perjudicar su dieta. Puede tomar ESSENTIAL AMINO ENERGY\u2122 solo o mezcl\u00e1ndolo con sus suplementos en polvo favoritos siempre que necesite m\u00e1s concentraci\u00f3n mental, energ\u00eda f\u00edsica, producci\u00f3n de \u00f3xido n\u00edtrico o una recuperaci\u00f3n m\u00e1s r\u00e1pida. ESSENTIAL AMINO ENERGY\u2122 incluye 5 g de amino\u00e1cidos micronizados en su forma libre. Beta alanina. Extracto de t\u00e9 verde (100 mg de cafe\u00edna de t\u00e9 verde). Extracto de caf\u00e9 verde. 10 calor\u00edas por dosis. 0 grasas y az\u00facares. Principales beneficios de ESSENTIAL AMINO ENERGY\u2122 Ayuda en el transporte de los amino\u00e1cidos esenciales. Favorece la producci\u00f3n de \u00f3xido n\u00edtrico. Acelera la recuperaci\u00f3n muscular. Mejora la energ\u00eda y la concentraci\u00f3n.<\/p>\n","protected":false},"excerpt":{"rendered":"<p>ESSENTIAL AMINO ENERGY\u2122 Todos deseamos un f\u00edsico definido sin gota de grasa. Pero desearlo no es suficiente, hay que seguir una dieta y un programa de entrenamiento intensos que pondr\u00e1n a prueba la entereza f\u00edsica y mental de cualquiera. Para satisfacer estas demandas, ESSENTIAL AMINO ENERGY\u2122 de OPTIMUM NUTRITION combina un excelente \u00edndice de amino\u00e1cidos [&hellip;]<\/p>\n","protected":false},"featured_media":2176,"comment_status":"open","ping_status":"closed","template":"","meta":{"site-sidebar-layout":"default","site-content-layout":"","ast-site-content-layout":"default","site-content-style":"default","site-sidebar-style":"default","ast-global-header-display":"","ast-banner-title-visibility":"","ast-main-header-display":"","ast-hfb-above-header-display":"","ast-hfb-below-header-display":"","ast-hfb-mobile-header-display":"","site-post-title":"","ast-breadcrumbs-content":"","ast-featured-img":"","footer-sml-layout":"","ast-disable-related-posts":"","theme-transparent-header-meta":"default","adv-header-id-meta":"","stick-header-meta":"","header-above-stick-meta":"","header-main-stick-meta":"","header-below-stick-meta":"","astra-migrate-meta-layouts":"set","ast-page-background-enabled":"default","ast-page-background-meta":{"desktop":{"background-color":"var(--ast-global-color-4)","background-image":"","background-repeat":"repeat","background-position":"center center","background-size":"auto","background-attachment":"scroll","background-type":"","background-media":"","overlay-type":"","overlay-color":"","overlay-opacity":"","overlay-gradient":""},"tablet":{"background-color":"","background-image":"","background-repeat":"repeat","background-position":"center center","background-size":"auto","background-attachment":"scroll","background-type":"","background-media":"","overlay-type":"","overlay-color":"","overlay-opacity":"","overlay-gradient":""},"mobile":{"background-color":"","background-image":"","background-repeat":"repeat","background-position":"center center","background-size":"auto","background-attachment":"scroll","background-type":"","background-media":"","overlay-type":"","overlay-color":"","overlay-opacity":"","overlay-gradient":""}},"ast-content-background-meta":{"desktop":{"background-color":"var(--ast-global-color-5)","background-image":"","background-repeat":"repeat","background-position":"center center","background-size":"auto","background-attachment":"scroll","background-type":"","background-media":"","overlay-type":"","overlay-color":"","overlay-opacity":"","overlay-gradient":""},"tablet":{"background-color":"var(--ast-global-color-5)","background-image":"","background-repeat":"repeat","background-position":"center center","background-size":"auto","background-attachment":"scroll","background-type":"","background-media":"","overlay-type":"","overlay-color":"","overlay-opacity":"","overlay-gradient":""},"mobile":{"background-color":"var(--ast-global-color-5)","background-image":"","background-repeat":"repeat","background-position":"center center","background-size":"auto","background-attachment":"scroll","background-type":"","background-media":"","overlay-type":"","overlay-color":"","overlay-opacity":"","overlay-gradient":""}}},"product_cat":[23,39],"product_tag":[47],"_links":{"self":[{"href":"https:\/\/vaejfit.com\/index.php\/wp-json\/wp\/v2\/product\/2175"}],"collection":[{"href":"https:\/\/vaejfit.com\/index.php\/wp-json\/wp\/v2\/product"}],"about":[{"href":"https:\/\/vaejfit.com\/index.php\/wp-json\/wp\/v2\/types\/product"}],"replies":[{"embeddable":true,"href":"https:\/\/vaejfit.com\/index.php\/wp-json\/wp\/v2\/comments?post=2175"}],"wp:featuredmedia":[{"embeddable":true,"href":"https:\/\/vaejfit.com\/index.php\/wp-json\/wp\/v2\/media\/2176"}],"wp:attachment":[{"href":"https:\/\/vaejfit.com\/index.php\/wp-json\/wp\/v2\/media?parent=2175"}],"wp:term":[{"taxonomy":"product_cat","embeddable":true,"href":"https:\/\/vaejfit.com\/index.php\/wp-json\/wp\/v2\/product_cat?post=2175"},{"taxonomy":"product_tag","embeddable":true,"href":"https:\/\/vaejfit.com\/index.php\/wp-json\/wp\/v2\/product_tag?post=2175"}],"curies":[{"name":"wp","href":"https:\/\/api.w.org\/{rel}","templated":true}]}}