{"id":2172,"date":"2023-09-01T16:03:10","date_gmt":"2023-09-01T16:03:10","guid":{"rendered":"https:\/\/vaejfit.com\/?post_type=product&#038;p=2172"},"modified":"2025-12-27T01:56:42","modified_gmt":"2025-12-27T01:56:42","slug":"glutapure","status":"publish","type":"product","link":"https:\/\/vaejfit.com\/index.php\/product\/glutapure\/","title":{"rendered":"GLUTAPURE\u00ae"},"content":{"rendered":"<div class=\"product-section\">\n<div class=\"row\">\n<div class=\"large-10 col pb-0 mb-0\">\n<div class=\"panel entry-content\">\n<h2>GLUTAPURE<sup>\u00ae<\/sup><\/h2>\n<p><strong>Evita la p\u00e9rdida de la masa muscular<\/strong><\/p>\n<ul>\n<li>Evita la p\u00e9rdida de la masa muscular<\/li>\n<li>Ganancia de m\u00fasculo limpio<\/li>\n<li>Bloquea los efectos de cortisol en el m\u00fasculo<\/li>\n<\/ul>\n<p>GlutaPure de Ultimate Nutrition ha sido dise\u00f1ado para ayuda a la recuperaci\u00f3n inmediata del m\u00fasculo y se ha convertido en el suplemento deportivo necesario para atletas de alta intensidad. La Glutamina el amino\u00e1cido m\u00e1s abundante en el cuerpo juega un papel importante cuando se realiza rutina intensa. Evita la p\u00e9rdida de masa muscular y activa las hormonas de crecimiento durante el sue\u00f1o. GlutaPure tambi\u00e9n regula la gluconeog\u00e9nesis proceso que consiste consiste en el almacenamiento de la glucosa proveniente de la dieta en forma de gluc\u00f3geno.<\/p>\n<h2>Contiene<\/h2>\n<p>100% L-Glutamina micronizada.<\/p>\n<\/div>\n<\/div>\n<\/div>\n<\/div>\n<div class=\"product-section\">\n<div class=\"row\">\n<div class=\"large-10 col pb-0 mb-0\">\n<div class=\"panel entry-content\">\n<div id=\"reviews\" class=\"woocommerce-Reviews row\">\n<div id=\"comments\" class=\"col large-12\"><\/div>\n<\/div>\n<\/div>\n<\/div>\n<\/div>\n<\/div>\n","protected":false},"excerpt":{"rendered":"<p>GLUTAPURE\u00ae Evita la p\u00e9rdida de la masa muscular Evita la p\u00e9rdida de la masa muscular Ganancia de m\u00fasculo limpio Bloquea los efectos de cortisol en el m\u00fasculo GlutaPure de Ultimate Nutrition ha sido dise\u00f1ado para ayuda a la recuperaci\u00f3n inmediata del m\u00fasculo y se ha convertido en el suplemento deportivo necesario para atletas de alta [&hellip;]<\/p>\n","protected":false},"featured_media":2173,"comment_status":"open","ping_status":"closed","template":"","meta":{"site-sidebar-layout":"default","site-content-layout":"","ast-site-content-layout":"default","site-content-style":"default","site-sidebar-style":"default","ast-global-header-display":"","ast-banner-title-visibility":"","ast-main-header-display":"","ast-hfb-above-header-display":"","ast-hfb-below-header-display":"","ast-hfb-mobile-header-display":"","site-post-title":"","ast-breadcrumbs-content":"","ast-featured-img":"","footer-sml-layout":"","ast-disable-related-posts":"","theme-transparent-header-meta":"default","adv-header-id-meta":"","stick-header-meta":"","header-above-stick-meta":"","header-main-stick-meta":"","header-below-stick-meta":"","astra-migrate-meta-layouts":"set","ast-page-background-enabled":"default","ast-page-background-meta":{"desktop":{"background-color":"var(--ast-global-color-4)","background-image":"","background-repeat":"repeat","background-position":"center center","background-size":"auto","background-attachment":"scroll","background-type":"","background-media":"","overlay-type":"","overlay-color":"","overlay-opacity":"","overlay-gradient":""},"tablet":{"background-color":"","background-image":"","background-repeat":"repeat","background-position":"center center","background-size":"auto","background-attachment":"scroll","background-type":"","background-media":"","overlay-type":"","overlay-color":"","overlay-opacity":"","overlay-gradient":""},"mobile":{"background-color":"","background-image":"","background-repeat":"repeat","background-position":"center center","background-size":"auto","background-attachment":"scroll","background-type":"","background-media":"","overlay-type":"","overlay-color":"","overlay-opacity":"","overlay-gradient":""}},"ast-content-background-meta":{"desktop":{"background-color":"var(--ast-global-color-5)","background-image":"","background-repeat":"repeat","background-position":"center center","background-size":"auto","background-attachment":"scroll","background-type":"","background-media":"","overlay-type":"","overlay-color":"","overlay-opacity":"","overlay-gradient":""},"tablet":{"background-color":"var(--ast-global-color-5)","background-image":"","background-repeat":"repeat","background-position":"center center","background-size":"auto","background-attachment":"scroll","background-type":"","background-media":"","overlay-type":"","overlay-color":"","overlay-opacity":"","overlay-gradient":""},"mobile":{"background-color":"var(--ast-global-color-5)","background-image":"","background-repeat":"repeat","background-position":"center center","background-size":"auto","background-attachment":"scroll","background-type":"","background-media":"","overlay-type":"","overlay-color":"","overlay-opacity":"","overlay-gradient":""}}},"product_cat":[23,42],"product_tag":[47],"_links":{"self":[{"href":"https:\/\/vaejfit.com\/index.php\/wp-json\/wp\/v2\/product\/2172"}],"collection":[{"href":"https:\/\/vaejfit.com\/index.php\/wp-json\/wp\/v2\/product"}],"about":[{"href":"https:\/\/vaejfit.com\/index.php\/wp-json\/wp\/v2\/types\/product"}],"replies":[{"embeddable":true,"href":"https:\/\/vaejfit.com\/index.php\/wp-json\/wp\/v2\/comments?post=2172"}],"wp:featuredmedia":[{"embeddable":true,"href":"https:\/\/vaejfit.com\/index.php\/wp-json\/wp\/v2\/media\/2173"}],"wp:attachment":[{"href":"https:\/\/vaejfit.com\/index.php\/wp-json\/wp\/v2\/media?parent=2172"}],"wp:term":[{"taxonomy":"product_cat","embeddable":true,"href":"https:\/\/vaejfit.com\/index.php\/wp-json\/wp\/v2\/product_cat?post=2172"},{"taxonomy":"product_tag","embeddable":true,"href":"https:\/\/vaejfit.com\/index.php\/wp-json\/wp\/v2\/product_tag?post=2172"}],"curies":[{"name":"wp","href":"https:\/\/api.w.org\/{rel}","templated":true}]}}