{"id":2170,"date":"2023-09-01T16:01:34","date_gmt":"2023-09-01T16:01:34","guid":{"rendered":"https:\/\/vaejfit.com\/?post_type=product&#038;p=2170"},"modified":"2025-12-07T02:46:19","modified_gmt":"2025-12-07T02:46:19","slug":"whey-gold-standard-100-5lb","status":"publish","type":"product","link":"https:\/\/vaejfit.com\/index.php\/product\/whey-gold-standard-100-5lb\/","title":{"rendered":"WHEY GOLD STANDARD 100% 5lb"},"content":{"rendered":"<p>DESCRIPCI\u00d3N WHEY GOLD STANDARD 100% Whey Gold Standard del laboratorio Optimum Nutrition es una prote\u00edna l\u00edder en su categor\u00eda, cuenta con una formulaci\u00f3n que integra 3 ingredientes claves, prote\u00edna de suero aislado, prote\u00edna de suero concentrado y pepitos de suero de leche. Esta combinaci\u00f3n permite una recuperaci\u00f3n optima de la masa muscular, promueve el desarrollo de fibras musculares y aumenta la fuerza y resistencia. Una de las caracter\u00edsticas m\u00e1s importante de 100% Whey Gold Standard es que al componerse de fuentes de prote\u00edna de r\u00e1pida absorci\u00f3n, el paso de amino\u00e1cidos por el torrente sangu\u00edneo es acelerado y con esto se logra reducir los tiempos de recuperaci\u00f3n y mejora de la s\u00edntesis de prote\u00ednas que ocurre posterior a la actividad f\u00edsica. Es la prote\u00edna ideal para las personas desean mejorar su composici\u00f3n muscular y requieren un alto consumo de prote\u00ednas de alto valor biol\u00f3gico dentro de su alimentaci\u00f3n, contiene enzimas digestivas como la lactasa que facilitan la digesti\u00f3n del producto incluso en individuos que padecen problemas gastrointestinales. Optimum Nutrition se ha asegurado durante muchos a\u00f1os de brindar a sus consumidores productos con los mejores sabores del mercado y con los m\u00e1s altos est\u00e1ndares de calidad y , es por estas razones que 100% Whey Gold Standard cuenta con materias primas que son sometidas a los m\u00e1s avanzados y rigurosos procesos de microfiltraci\u00f3n y ultrafiltraci\u00f3n que permiten extraer todas las impurezas no deseadas como lo son carbohidratos, grasas, lactosa y aspartamo. \u00bfQUI\u00c9NES LA CONSUMEN? Ya seas un principiante o un atleta experimentado, 100% Whey Gold Standard es una opci\u00f3n ideal si quieres aumentar tu masa muscular, mejorar tu rendimiento y lograr una figura corporal mas definida. Si no realizas actividad f\u00edsica puedes incorporar esta prote\u00edna a tu alimentaci\u00f3n y podr\u00e1s evitar la degradaci\u00f3n de tus m\u00fasculos y por ende mejorar tu calidad y expectativa de vida. Una preocupaci\u00f3n latente de muchas personas frente a las prote\u00ednas de suero es la de llegar a sufrir malestar estomacal por el consumo de lactosa, por fortuna formulas como 100% Whey Gold Standard son elaboradas con avanzadas t\u00e9cnicas de microfiltraci\u00f3n, adem\u00e1s contiene lactasa y otras enzimas digestivas que facilitaran la absorci\u00f3n y procesamiento de la prote\u00edna en nuestro cuerpo. CARACTERISTICAS \u2022 24 gramos de prote\u00edna \u2022 5.5 gramos de amino\u00e1cidos bcaa`s \u2022 4 gramos de glutamina \u2022 Tan solo 120 calor\u00edas \u2022 Libre de gluten \u2022 La m\u00e1s vendida a nivel mundial \u2022 Se puede usar en volumen o definici\u00f3n BENEFICIOS \u2022 Construcci\u00f3n de masa muscular magra \u2022 Recuperaci\u00f3n post-entreno \u2022 Evita el catabolismo muscular \u2022 Aumento del rendimiento \u2022 F\u00e1cil digesti\u00f3n \u2022 F\u00e1cil preparaci\u00f3n \u2022 Delicioso sabor MODO DE USO Mezcle 1-2 porciones de Whey Gold Standard en 10 oz. de agua fr\u00eda o leche deslactosada en un vaso mezclador. Utilizar entre las comidas principales y antes y despu\u00e9s del ejercicio. RECOMENDACIONES Si estas bajo el cuidado de un medico, cons\u00faltalo antes de usarlo Cons\u00e9rvese almacenado en su empaque original a temperatura inferior a 30\u00b0C y humedad relativa inferior a 75%. ALMACENAR EN UN LUGAR FRESCO Y MANTENER FUERA DEL ALCANCE DE LOS NI\u00d1OS<\/p>\n","protected":false},"excerpt":{"rendered":"<p>DESCRIPCI\u00d3N WHEY GOLD STANDARD 100% Whey Gold Standard del laboratorio Optimum Nutrition es una prote\u00edna l\u00edder en su categor\u00eda, cuenta con una formulaci\u00f3n que integra 3 ingredientes claves, prote\u00edna de suero aislado, prote\u00edna de suero concentrado y pepitos de suero de leche. Esta combinaci\u00f3n permite una recuperaci\u00f3n optima de la masa muscular, promueve el desarrollo [&hellip;]<\/p>\n","protected":false},"featured_media":2171,"comment_status":"open","ping_status":"closed","template":"","meta":{"site-sidebar-layout":"default","site-content-layout":"","ast-site-content-layout":"default","site-content-style":"default","site-sidebar-style":"default","ast-global-header-display":"","ast-banner-title-visibility":"","ast-main-header-display":"","ast-hfb-above-header-display":"","ast-hfb-below-header-display":"","ast-hfb-mobile-header-display":"","site-post-title":"","ast-breadcrumbs-content":"","ast-featured-img":"","footer-sml-layout":"","ast-disable-related-posts":"","theme-transparent-header-meta":"default","adv-header-id-meta":"","stick-header-meta":"","header-above-stick-meta":"","header-main-stick-meta":"","header-below-stick-meta":"","astra-migrate-meta-layouts":"set","ast-page-background-enabled":"default","ast-page-background-meta":{"desktop":{"background-color":"var(--ast-global-color-4)","background-image":"","background-repeat":"repeat","background-position":"center center","background-size":"auto","background-attachment":"scroll","background-type":"","background-media":"","overlay-type":"","overlay-color":"","overlay-opacity":"","overlay-gradient":""},"tablet":{"background-color":"","background-image":"","background-repeat":"repeat","background-position":"center center","background-size":"auto","background-attachment":"scroll","background-type":"","background-media":"","overlay-type":"","overlay-color":"","overlay-opacity":"","overlay-gradient":""},"mobile":{"background-color":"","background-image":"","background-repeat":"repeat","background-position":"center center","background-size":"auto","background-attachment":"scroll","background-type":"","background-media":"","overlay-type":"","overlay-color":"","overlay-opacity":"","overlay-gradient":""}},"ast-content-background-meta":{"desktop":{"background-color":"var(--ast-global-color-5)","background-image":"","background-repeat":"repeat","background-position":"center center","background-size":"auto","background-attachment":"scroll","background-type":"","background-media":"","overlay-type":"","overlay-color":"","overlay-opacity":"","overlay-gradient":""},"tablet":{"background-color":"var(--ast-global-color-5)","background-image":"","background-repeat":"repeat","background-position":"center center","background-size":"auto","background-attachment":"scroll","background-type":"","background-media":"","overlay-type":"","overlay-color":"","overlay-opacity":"","overlay-gradient":""},"mobile":{"background-color":"var(--ast-global-color-5)","background-image":"","background-repeat":"repeat","background-position":"center center","background-size":"auto","background-attachment":"scroll","background-type":"","background-media":"","overlay-type":"","overlay-color":"","overlay-opacity":"","overlay-gradient":""}}},"product_cat":[39,21],"product_tag":[47],"_links":{"self":[{"href":"https:\/\/vaejfit.com\/index.php\/wp-json\/wp\/v2\/product\/2170"}],"collection":[{"href":"https:\/\/vaejfit.com\/index.php\/wp-json\/wp\/v2\/product"}],"about":[{"href":"https:\/\/vaejfit.com\/index.php\/wp-json\/wp\/v2\/types\/product"}],"replies":[{"embeddable":true,"href":"https:\/\/vaejfit.com\/index.php\/wp-json\/wp\/v2\/comments?post=2170"}],"wp:featuredmedia":[{"embeddable":true,"href":"https:\/\/vaejfit.com\/index.php\/wp-json\/wp\/v2\/media\/2171"}],"wp:attachment":[{"href":"https:\/\/vaejfit.com\/index.php\/wp-json\/wp\/v2\/media?parent=2170"}],"wp:term":[{"taxonomy":"product_cat","embeddable":true,"href":"https:\/\/vaejfit.com\/index.php\/wp-json\/wp\/v2\/product_cat?post=2170"},{"taxonomy":"product_tag","embeddable":true,"href":"https:\/\/vaejfit.com\/index.php\/wp-json\/wp\/v2\/product_tag?post=2170"}],"curies":[{"name":"wp","href":"https:\/\/api.w.org\/{rel}","templated":true}]}}