{"id":2161,"date":"2023-09-01T15:54:02","date_gmt":"2023-09-01T15:54:02","guid":{"rendered":"https:\/\/vaejfit.com\/?post_type=product&#038;p=2161"},"modified":"2023-09-01T15:54:23","modified_gmt":"2023-09-01T15:54:23","slug":"gold-isolate-3lb","status":"publish","type":"product","link":"https:\/\/vaejfit.com\/index.php\/product\/gold-isolate-3lb\/","title":{"rendered":"GOLD ISOLATE 3lb"},"content":{"rendered":"<h2 class=\"ui-pdp-description__title\">Descripci\u00f3n<\/h2>\n<p class=\"ui-pdp-description__content\">Para crear GOLD STANDARD 100% ISOLATE, comenzamos seleccionando solo la prote\u00edna de suero de la m\u00e1s alta calidad que se somete a una serie de procesos de filtraci\u00f3n sofisticados para \u00abaislar\u00bb el exceso de grasa, colesterol y az\u00facar. Una porci\u00f3n de este aislado de prote\u00edna de suero de leche se hidroliza luego, se descompone en peque\u00f1as cadenas de amino\u00e1cidos, para facilitar la digesti\u00f3n. El producto final es una prote\u00edna completa de r\u00e1pida digesti\u00f3n que contiene no m\u00e1s de 1 gramo de carbohidratos, menos de 1 gramo de grasa y m\u00e1s del 80% de prote\u00edna pura por porci\u00f3n. Trabajamos arduamente para garantizar la calidad superior, para que pueda centrarse en lograr objetivos de rendimiento ambiciosos.<\/p>\n<p>Prote\u00edna de suero aislada, hidrolizada y Ultra-Filtrada<br \/>\n1 Gramo de carbohidratos por servicio<br \/>\nMas del 80% de proteina por servicio<br \/>\nDelicioso sabor en 6 u 8 Fl. Oz. de agua fria<br \/>\n5.5 Gramos de BCAAs<br \/>\n4.3 Gramos de Glutamina y \u00c1cido Glut\u00e1mico<br \/>\n11.4 Gramos deAmino\u00e1cidos Esenciales<br \/>\nUltra pureza para ultra resultados<br \/>\nObt\u00e9n los m\u00e1ximos resultados con ingredientes m\u00ednimos. Usando una serie de procesos de separaci\u00f3n sofisticados, se eliminan el exceso de grasa, colesterol, az\u00facares y otros materiales para que queden solo 0 gramos de grasa total y 1 gramo de carbohidratos. El resultado es un aislado de prote\u00edna de suero de leche hidrolizado, ultrapuro y delicioso, dise\u00f1ado para ingresar a su cuerpo r\u00e1pidamente, para que sus m\u00fasculos puedan reconstruirse.<\/p>\n","protected":false},"excerpt":{"rendered":"<p>Descripci\u00f3n Para crear GOLD STANDARD 100% ISOLATE, comenzamos seleccionando solo la prote\u00edna de suero de la m\u00e1s alta calidad que se somete a una serie de procesos de filtraci\u00f3n sofisticados para \u00abaislar\u00bb el exceso de grasa, colesterol y az\u00facar. Una porci\u00f3n de este aislado de prote\u00edna de suero de leche se hidroliza luego, se descompone [&hellip;]<\/p>\n","protected":false},"featured_media":2159,"comment_status":"open","ping_status":"closed","template":"","meta":{"site-sidebar-layout":"default","site-content-layout":"","ast-site-content-layout":"default","site-content-style":"default","site-sidebar-style":"default","ast-global-header-display":"","ast-banner-title-visibility":"","ast-main-header-display":"","ast-hfb-above-header-display":"","ast-hfb-below-header-display":"","ast-hfb-mobile-header-display":"","site-post-title":"","ast-breadcrumbs-content":"","ast-featured-img":"","footer-sml-layout":"","ast-disable-related-posts":"","theme-transparent-header-meta":"default","adv-header-id-meta":"","stick-header-meta":"","header-above-stick-meta":"","header-main-stick-meta":"","header-below-stick-meta":"","astra-migrate-meta-layouts":"set","ast-page-background-enabled":"default","ast-page-background-meta":{"desktop":{"background-color":"var(--ast-global-color-4)","background-image":"","background-repeat":"repeat","background-position":"center center","background-size":"auto","background-attachment":"scroll","background-type":"","background-media":"","overlay-type":"","overlay-color":"","overlay-opacity":"","overlay-gradient":""},"tablet":{"background-color":"","background-image":"","background-repeat":"repeat","background-position":"center center","background-size":"auto","background-attachment":"scroll","background-type":"","background-media":"","overlay-type":"","overlay-color":"","overlay-opacity":"","overlay-gradient":""},"mobile":{"background-color":"","background-image":"","background-repeat":"repeat","background-position":"center center","background-size":"auto","background-attachment":"scroll","background-type":"","background-media":"","overlay-type":"","overlay-color":"","overlay-opacity":"","overlay-gradient":""}},"ast-content-background-meta":{"desktop":{"background-color":"var(--ast-global-color-5)","background-image":"","background-repeat":"repeat","background-position":"center center","background-size":"auto","background-attachment":"scroll","background-type":"","background-media":"","overlay-type":"","overlay-color":"","overlay-opacity":"","overlay-gradient":""},"tablet":{"background-color":"var(--ast-global-color-5)","background-image":"","background-repeat":"repeat","background-position":"center center","background-size":"auto","background-attachment":"scroll","background-type":"","background-media":"","overlay-type":"","overlay-color":"","overlay-opacity":"","overlay-gradient":""},"mobile":{"background-color":"var(--ast-global-color-5)","background-image":"","background-repeat":"repeat","background-position":"center center","background-size":"auto","background-attachment":"scroll","background-type":"","background-media":"","overlay-type":"","overlay-color":"","overlay-opacity":"","overlay-gradient":""}}},"product_cat":[39,21],"product_tag":[47],"_links":{"self":[{"href":"https:\/\/vaejfit.com\/index.php\/wp-json\/wp\/v2\/product\/2161"}],"collection":[{"href":"https:\/\/vaejfit.com\/index.php\/wp-json\/wp\/v2\/product"}],"about":[{"href":"https:\/\/vaejfit.com\/index.php\/wp-json\/wp\/v2\/types\/product"}],"replies":[{"embeddable":true,"href":"https:\/\/vaejfit.com\/index.php\/wp-json\/wp\/v2\/comments?post=2161"}],"wp:featuredmedia":[{"embeddable":true,"href":"https:\/\/vaejfit.com\/index.php\/wp-json\/wp\/v2\/media\/2159"}],"wp:attachment":[{"href":"https:\/\/vaejfit.com\/index.php\/wp-json\/wp\/v2\/media?parent=2161"}],"wp:term":[{"taxonomy":"product_cat","embeddable":true,"href":"https:\/\/vaejfit.com\/index.php\/wp-json\/wp\/v2\/product_cat?post=2161"},{"taxonomy":"product_tag","embeddable":true,"href":"https:\/\/vaejfit.com\/index.php\/wp-json\/wp\/v2\/product_tag?post=2161"}],"curies":[{"name":"wp","href":"https:\/\/api.w.org\/{rel}","templated":true}]}}