{"id":2151,"date":"2023-09-01T15:40:41","date_gmt":"2023-09-01T15:40:41","guid":{"rendered":"https:\/\/vaejfit.com\/?post_type=product&#038;p=2151"},"modified":"2023-09-01T15:48:58","modified_gmt":"2023-09-01T15:48:58","slug":"iso-100-3-lb","status":"publish","type":"product","link":"https:\/\/vaejfit.com\/index.php\/product\/iso-100-3-lb\/","title":{"rendered":"Iso 100 3 LB"},"content":{"rendered":"<p>La Iso 100 es una\u00a0<strong>prote\u00edna 100% hidrolizada del aislado de suero de leche.<\/strong>\u00a0Aporta por cada toma de 30gr unos incre\u00edbles\u00a0<strong>25 gr de prote\u00edna\u00a0<\/strong>con tan solo 1 gr de carbohidratos. Adem\u00e1s es\u00a0<strong>0 lactosa<\/strong>,\u00a0<strong>0 gluten<\/strong>,\u00a0<strong>0 grasa<\/strong>,\u00a0<strong>0 az\u00facar<\/strong>\u00a0y tan s\u00f3lo contiene\u00a0<strong>110 calor\u00edas<\/strong>\u00a0por servicio.<\/p>\n<p>Los exigentes procesos de filtraci\u00f3n de la Iso 100, hacen que su porcentaje de concentraci\u00f3n de prote\u00edna sea del 90%, y le dan un alt\u00edsimo valor biol\u00f3gico\u00a0para una r\u00e1pida recuperaci\u00f3n post-entreno y m\u00e1xima absorci\u00f3n en el m\u00fasculo.\u00a0En una sola toma la Iso 100 aporta la prote\u00edna necesaria para\u00a0<strong>construir m\u00fasculo<\/strong>\u00a0sin necesidad de a\u00f1adir az\u00facares o grasas, trat\u00e1ndose de unas de las prote\u00ednas aisladas m\u00e1s\u00a0<strong>limpias<\/strong>\u00a0del mercado, perfecta para\u00a0<strong>procesos de tonificaci\u00f3n<\/strong>.<\/p>\n<p>La Iso 100 aporta\u00a0<strong>6,6 gr de BCAA<\/strong>\u00a0por toma y\u00a0<strong>4,4 gr de glutamina<\/strong>, otorgando unos niveles excelentes de estos amino\u00e1cidos para favorecer la recuperaci\u00f3n. Adem\u00e1s, incluye enzimas digestivas para mejorar su asimilaci\u00f3n.<\/p>\n<p>La disoluci\u00f3n de la Iso 100 es excelente, y est\u00e1 disponible en sabores diversos y exquisitos.<\/p>\n<p>&nbsp;<\/p>\n<p>Nota: la informaci\u00f3n nutricional de \u00e9ste producto puede variar seg\u00fan el sabor.<\/p>\n","protected":false},"excerpt":{"rendered":"<p>La Iso 100 es una\u00a0prote\u00edna 100% hidrolizada del aislado de suero de leche.\u00a0Aporta por cada toma de 30gr unos incre\u00edbles\u00a025 gr de prote\u00edna\u00a0con tan solo 1 gr de carbohidratos. Adem\u00e1s es\u00a00 lactosa,\u00a00 gluten,\u00a00 grasa,\u00a00 az\u00facar\u00a0y tan s\u00f3lo contiene\u00a0110 calor\u00edas\u00a0por servicio. Los exigentes procesos de filtraci\u00f3n de la Iso 100, hacen que su porcentaje de concentraci\u00f3n [&hellip;]<\/p>\n","protected":false},"featured_media":2152,"comment_status":"open","ping_status":"closed","template":"","meta":{"site-sidebar-layout":"default","site-content-layout":"","ast-site-content-layout":"default","site-content-style":"default","site-sidebar-style":"default","ast-global-header-display":"","ast-banner-title-visibility":"","ast-main-header-display":"","ast-hfb-above-header-display":"","ast-hfb-below-header-display":"","ast-hfb-mobile-header-display":"","site-post-title":"","ast-breadcrumbs-content":"","ast-featured-img":"","footer-sml-layout":"","ast-disable-related-posts":"","theme-transparent-header-meta":"default","adv-header-id-meta":"","stick-header-meta":"","header-above-stick-meta":"","header-main-stick-meta":"","header-below-stick-meta":"","astra-migrate-meta-layouts":"set","ast-page-background-enabled":"default","ast-page-background-meta":{"desktop":{"background-color":"var(--ast-global-color-4)","background-image":"","background-repeat":"repeat","background-position":"center center","background-size":"auto","background-attachment":"scroll","background-type":"","background-media":"","overlay-type":"","overlay-color":"","overlay-opacity":"","overlay-gradient":""},"tablet":{"background-color":"","background-image":"","background-repeat":"repeat","background-position":"center center","background-size":"auto","background-attachment":"scroll","background-type":"","background-media":"","overlay-type":"","overlay-color":"","overlay-opacity":"","overlay-gradient":""},"mobile":{"background-color":"","background-image":"","background-repeat":"repeat","background-position":"center center","background-size":"auto","background-attachment":"scroll","background-type":"","background-media":"","overlay-type":"","overlay-color":"","overlay-opacity":"","overlay-gradient":""}},"ast-content-background-meta":{"desktop":{"background-color":"var(--ast-global-color-5)","background-image":"","background-repeat":"repeat","background-position":"center center","background-size":"auto","background-attachment":"scroll","background-type":"","background-media":"","overlay-type":"","overlay-color":"","overlay-opacity":"","overlay-gradient":""},"tablet":{"background-color":"var(--ast-global-color-5)","background-image":"","background-repeat":"repeat","background-position":"center center","background-size":"auto","background-attachment":"scroll","background-type":"","background-media":"","overlay-type":"","overlay-color":"","overlay-opacity":"","overlay-gradient":""},"mobile":{"background-color":"var(--ast-global-color-5)","background-image":"","background-repeat":"repeat","background-position":"center center","background-size":"auto","background-attachment":"scroll","background-type":"","background-media":"","overlay-type":"","overlay-color":"","overlay-opacity":"","overlay-gradient":""}}},"product_cat":[50,21],"product_tag":[47],"_links":{"self":[{"href":"https:\/\/vaejfit.com\/index.php\/wp-json\/wp\/v2\/product\/2151"}],"collection":[{"href":"https:\/\/vaejfit.com\/index.php\/wp-json\/wp\/v2\/product"}],"about":[{"href":"https:\/\/vaejfit.com\/index.php\/wp-json\/wp\/v2\/types\/product"}],"replies":[{"embeddable":true,"href":"https:\/\/vaejfit.com\/index.php\/wp-json\/wp\/v2\/comments?post=2151"}],"wp:featuredmedia":[{"embeddable":true,"href":"https:\/\/vaejfit.com\/index.php\/wp-json\/wp\/v2\/media\/2152"}],"wp:attachment":[{"href":"https:\/\/vaejfit.com\/index.php\/wp-json\/wp\/v2\/media?parent=2151"}],"wp:term":[{"taxonomy":"product_cat","embeddable":true,"href":"https:\/\/vaejfit.com\/index.php\/wp-json\/wp\/v2\/product_cat?post=2151"},{"taxonomy":"product_tag","embeddable":true,"href":"https:\/\/vaejfit.com\/index.php\/wp-json\/wp\/v2\/product_tag?post=2151"}],"curies":[{"name":"wp","href":"https:\/\/api.w.org\/{rel}","templated":true}]}}