{"id":2149,"date":"2023-09-01T15:36:35","date_gmt":"2023-09-01T15:36:35","guid":{"rendered":"https:\/\/vaejfit.com\/?post_type=product&#038;p=2149"},"modified":"2025-10-12T21:01:45","modified_gmt":"2025-10-12T21:01:45","slug":"nitro-tech-elite-2lb","status":"publish","type":"product","link":"https:\/\/vaejfit.com\/index.php\/product\/nitro-tech-elite-2lb\/","title":{"rendered":"NITRO TECH ELITE 2LB"},"content":{"rendered":"<p>&#8211; Prote\u00edna de suero sobrecargado y amplificador de m\u00fasculos. &#8211; Aporta 30g de prote\u00edna por porci\u00f3n. &#8211; 3g de creatina por porci\u00f3n. &#8211; Previene la p\u00e9rdida y el desgaste muscular. &#8211; Bajo contenido de carbohidratos y grasas. &#8211; Ayuda a mejorar el rendimiento y la fuerza. &#8211; Promueve el crecimiento y la recuperaci\u00f3n muscular. NITRO TECH ELITE AISLADO DE PROTE\u00cdNA DE SUERO SOBRECARGADO Y AMPLIFICADOR DE M\u00daSCULOS &#8211; 300MG PROHYDROLASE\u00ae Se ha demostrado cl\u00ednicamente que aumenta la absorci\u00f3n de BCAA en un 20 % en comparaci\u00f3n con la prote\u00edna de suero de leche sola. &#8211; 30G PROTE\u00cdNA Aislado de prote\u00edna de suero 100% puro con menos carbohidratos y grasas que otras f\u00f3rmulas de prote\u00ednas. &#8211; 1.5G MYHMB\u00ae Ayuda a prevenir la p\u00e9rdida y el desgaste muscular, para que pueda mantener todo el trabajo duro que est\u00e1 haciendo en el gimnasio o en el campo. &#8211; 3G CREATINA La creatina se encuentra naturalmente en las c\u00e9lulas musculares y ayuda a los m\u00fasculos a producir energ\u00eda durante el levantamiento de pesas o el ejercicio HIIT. Polvo de prote\u00edna Whey. Nitro-Tech Elite es una f\u00f3rmula de aislamiento de prote\u00edna de suero supercargada. Cuenta con s\u00f3lo aislamiento de prote\u00edna de suero de leche premium para una absorci\u00f3n y digestibilidad superiores, f\u00e1cil mezcla y altos niveles de amino\u00e1cidos esenciales de cadena ramificada (BCAAA) Polvo de prote\u00edna para ganar m\u00fasculo: En un estudio de 12 semanas que involucra 22 temas, aquellos que combinan la dosis de creatina que se encuentra en 2 cucharadas de Nitro-Tech Elite con entrenamiento de peso han ganado m\u00e1s de 4 veces de m\u00fasculo magro en comparaci\u00f3n con el grupo placebo. Desarrollador muscular para hombres y mujeres: Empieza a reimaginar los l\u00edmites de tama\u00f1o y fuerza con monohidrato de creatina puro y probado por HPLC. Estudios cient\u00edficos han demostrado que ayuda a reponer las tiendas ATP en el cuerpo para un mejor rendimiento, m\u00e1s m\u00fasculo y un aumento de la fuerza Recuperaci\u00f3n muscular. 20% mejor absorci\u00f3n de amino\u00e1ceos. Este grado de prote\u00edna aislada de alta calidad cuenta con prohidrolasa, que mejora tu capacidad para absorber los beneficios de los bloques de construcci\u00f3n b\u00e1sicos, as\u00ed como la actualizaci\u00f3n de EAAs para promover el crecimiento y la recuperaci\u00f3n<\/p>\n","protected":false},"excerpt":{"rendered":"<p>&#8211; Prote\u00edna de suero sobrecargado y amplificador de m\u00fasculos. &#8211; Aporta 30g de prote\u00edna por porci\u00f3n. &#8211; 3g de creatina por porci\u00f3n. &#8211; Previene la p\u00e9rdida y el desgaste muscular. &#8211; Bajo contenido de carbohidratos y grasas. &#8211; Ayuda a mejorar el rendimiento y la fuerza. &#8211; Promueve el crecimiento y la recuperaci\u00f3n muscular. NITRO [&hellip;]<\/p>\n","protected":false},"featured_media":2150,"comment_status":"open","ping_status":"closed","template":"","meta":{"site-sidebar-layout":"default","site-content-layout":"","ast-site-content-layout":"default","site-content-style":"default","site-sidebar-style":"default","ast-global-header-display":"","ast-banner-title-visibility":"","ast-main-header-display":"","ast-hfb-above-header-display":"","ast-hfb-below-header-display":"","ast-hfb-mobile-header-display":"","site-post-title":"","ast-breadcrumbs-content":"","ast-featured-img":"","footer-sml-layout":"","ast-disable-related-posts":"","theme-transparent-header-meta":"default","adv-header-id-meta":"","stick-header-meta":"","header-above-stick-meta":"","header-main-stick-meta":"","header-below-stick-meta":"","astra-migrate-meta-layouts":"set","ast-page-background-enabled":"default","ast-page-background-meta":{"desktop":{"background-color":"var(--ast-global-color-4)","background-image":"","background-repeat":"repeat","background-position":"center center","background-size":"auto","background-attachment":"scroll","background-type":"","background-media":"","overlay-type":"","overlay-color":"","overlay-opacity":"","overlay-gradient":""},"tablet":{"background-color":"","background-image":"","background-repeat":"repeat","background-position":"center center","background-size":"auto","background-attachment":"scroll","background-type":"","background-media":"","overlay-type":"","overlay-color":"","overlay-opacity":"","overlay-gradient":""},"mobile":{"background-color":"","background-image":"","background-repeat":"repeat","background-position":"center center","background-size":"auto","background-attachment":"scroll","background-type":"","background-media":"","overlay-type":"","overlay-color":"","overlay-opacity":"","overlay-gradient":""}},"ast-content-background-meta":{"desktop":{"background-color":"var(--ast-global-color-5)","background-image":"","background-repeat":"repeat","background-position":"center center","background-size":"auto","background-attachment":"scroll","background-type":"","background-media":"","overlay-type":"","overlay-color":"","overlay-opacity":"","overlay-gradient":""},"tablet":{"background-color":"var(--ast-global-color-5)","background-image":"","background-repeat":"repeat","background-position":"center center","background-size":"auto","background-attachment":"scroll","background-type":"","background-media":"","overlay-type":"","overlay-color":"","overlay-opacity":"","overlay-gradient":""},"mobile":{"background-color":"var(--ast-global-color-5)","background-image":"","background-repeat":"repeat","background-position":"center center","background-size":"auto","background-attachment":"scroll","background-type":"","background-media":"","overlay-type":"","overlay-color":"","overlay-opacity":"","overlay-gradient":""}}},"product_cat":[37,21],"product_tag":[47],"_links":{"self":[{"href":"https:\/\/vaejfit.com\/index.php\/wp-json\/wp\/v2\/product\/2149"}],"collection":[{"href":"https:\/\/vaejfit.com\/index.php\/wp-json\/wp\/v2\/product"}],"about":[{"href":"https:\/\/vaejfit.com\/index.php\/wp-json\/wp\/v2\/types\/product"}],"replies":[{"embeddable":true,"href":"https:\/\/vaejfit.com\/index.php\/wp-json\/wp\/v2\/comments?post=2149"}],"wp:featuredmedia":[{"embeddable":true,"href":"https:\/\/vaejfit.com\/index.php\/wp-json\/wp\/v2\/media\/2150"}],"wp:attachment":[{"href":"https:\/\/vaejfit.com\/index.php\/wp-json\/wp\/v2\/media?parent=2149"}],"wp:term":[{"taxonomy":"product_cat","embeddable":true,"href":"https:\/\/vaejfit.com\/index.php\/wp-json\/wp\/v2\/product_cat?post=2149"},{"taxonomy":"product_tag","embeddable":true,"href":"https:\/\/vaejfit.com\/index.php\/wp-json\/wp\/v2\/product_tag?post=2149"}],"curies":[{"name":"wp","href":"https:\/\/api.w.org\/{rel}","templated":true}]}}