{"id":2146,"date":"2023-09-01T15:34:22","date_gmt":"2023-09-01T15:34:22","guid":{"rendered":"https:\/\/vaejfit.com\/?post_type=product&#038;p=2146"},"modified":"2025-10-12T21:04:16","modified_gmt":"2025-10-12T21:04:16","slug":"nitro-tech-whey-gold-2-2-libras-muscletech","status":"publish","type":"product","link":"https:\/\/vaejfit.com\/index.php\/product\/nitro-tech-whey-gold-2-2-libras-muscletech\/","title":{"rendered":"Nitro Tech Whey Gold 2.2 Libras Muscletech"},"content":{"rendered":"<h2 class=\"ui-pdp-description__title\">Descripci\u00f3n<\/h2>\n<p class=\"ui-pdp-description__content\">NITRO TECH 100% WHEY GOLD 2 LIBRAS<br \/>\nMUSCLETECH<br \/>\nProte\u00edna de suero de excelente calidad con p\u00e9ptidos de suero a\u00f1adidos.<\/p>\n<p>Nitrotech 100% Whey Gold de Muscletech es una mezcla de prote\u00edna de suero aislada y concentrada de alta calidad y pureza, con p\u00e9ptidos de suero l\u00e1cteo a\u00f1adidos. Esta prote\u00edna tiene una r\u00e1pida absorci\u00f3n y digestibilidad, ideal para recuperarse despu\u00e9s de un entrenamiento.<\/p>\n<p>\u00a1Cada servicio de Nitrotech 100% Whey Gold te proporciona 24g de prote\u00edna, 5,5g de BCAA&#8217;s y 4g de glutamina! Adem\u00e1s, tiene una cantidad muy baja en grasas y carbohidratos.<\/p>\n<p>\u00bfC\u00f3mo tomar? En agua al gusto despu\u00e9s de entrenar<\/p>\n","protected":false},"excerpt":{"rendered":"<p>Descripci\u00f3n NITRO TECH 100% WHEY GOLD 2 LIBRAS MUSCLETECH Prote\u00edna de suero de excelente calidad con p\u00e9ptidos de suero a\u00f1adidos. Nitrotech 100% Whey Gold de Muscletech es una mezcla de prote\u00edna de suero aislada y concentrada de alta calidad y pureza, con p\u00e9ptidos de suero l\u00e1cteo a\u00f1adidos. Esta prote\u00edna tiene una r\u00e1pida absorci\u00f3n y digestibilidad, [&hellip;]<\/p>\n","protected":false},"featured_media":2147,"comment_status":"open","ping_status":"closed","template":"","meta":{"site-sidebar-layout":"default","site-content-layout":"","ast-site-content-layout":"default","site-content-style":"default","site-sidebar-style":"default","ast-global-header-display":"","ast-banner-title-visibility":"","ast-main-header-display":"","ast-hfb-above-header-display":"","ast-hfb-below-header-display":"","ast-hfb-mobile-header-display":"","site-post-title":"","ast-breadcrumbs-content":"","ast-featured-img":"","footer-sml-layout":"","ast-disable-related-posts":"","theme-transparent-header-meta":"default","adv-header-id-meta":"","stick-header-meta":"","header-above-stick-meta":"","header-main-stick-meta":"","header-below-stick-meta":"","astra-migrate-meta-layouts":"set","ast-page-background-enabled":"default","ast-page-background-meta":{"desktop":{"background-color":"var(--ast-global-color-4)","background-image":"","background-repeat":"repeat","background-position":"center center","background-size":"auto","background-attachment":"scroll","background-type":"","background-media":"","overlay-type":"","overlay-color":"","overlay-opacity":"","overlay-gradient":""},"tablet":{"background-color":"","background-image":"","background-repeat":"repeat","background-position":"center center","background-size":"auto","background-attachment":"scroll","background-type":"","background-media":"","overlay-type":"","overlay-color":"","overlay-opacity":"","overlay-gradient":""},"mobile":{"background-color":"","background-image":"","background-repeat":"repeat","background-position":"center center","background-size":"auto","background-attachment":"scroll","background-type":"","background-media":"","overlay-type":"","overlay-color":"","overlay-opacity":"","overlay-gradient":""}},"ast-content-background-meta":{"desktop":{"background-color":"var(--ast-global-color-5)","background-image":"","background-repeat":"repeat","background-position":"center center","background-size":"auto","background-attachment":"scroll","background-type":"","background-media":"","overlay-type":"","overlay-color":"","overlay-opacity":"","overlay-gradient":""},"tablet":{"background-color":"var(--ast-global-color-5)","background-image":"","background-repeat":"repeat","background-position":"center center","background-size":"auto","background-attachment":"scroll","background-type":"","background-media":"","overlay-type":"","overlay-color":"","overlay-opacity":"","overlay-gradient":""},"mobile":{"background-color":"var(--ast-global-color-5)","background-image":"","background-repeat":"repeat","background-position":"center center","background-size":"auto","background-attachment":"scroll","background-type":"","background-media":"","overlay-type":"","overlay-color":"","overlay-opacity":"","overlay-gradient":""}}},"product_cat":[37,21],"product_tag":[47],"_links":{"self":[{"href":"https:\/\/vaejfit.com\/index.php\/wp-json\/wp\/v2\/product\/2146"}],"collection":[{"href":"https:\/\/vaejfit.com\/index.php\/wp-json\/wp\/v2\/product"}],"about":[{"href":"https:\/\/vaejfit.com\/index.php\/wp-json\/wp\/v2\/types\/product"}],"replies":[{"embeddable":true,"href":"https:\/\/vaejfit.com\/index.php\/wp-json\/wp\/v2\/comments?post=2146"}],"wp:featuredmedia":[{"embeddable":true,"href":"https:\/\/vaejfit.com\/index.php\/wp-json\/wp\/v2\/media\/2147"}],"wp:attachment":[{"href":"https:\/\/vaejfit.com\/index.php\/wp-json\/wp\/v2\/media?parent=2146"}],"wp:term":[{"taxonomy":"product_cat","embeddable":true,"href":"https:\/\/vaejfit.com\/index.php\/wp-json\/wp\/v2\/product_cat?post=2146"},{"taxonomy":"product_tag","embeddable":true,"href":"https:\/\/vaejfit.com\/index.php\/wp-json\/wp\/v2\/product_tag?post=2146"}],"curies":[{"name":"wp","href":"https:\/\/api.w.org\/{rel}","templated":true}]}}