{"id":2135,"date":"2023-09-01T14:44:05","date_gmt":"2023-09-01T14:44:05","guid":{"rendered":"https:\/\/vaejfit.com\/?post_type=product&#038;p=2135"},"modified":"2023-09-01T14:46:49","modified_gmt":"2023-09-01T14:46:49","slug":"the-one","status":"publish","type":"product","link":"https:\/\/vaejfit.com\/index.php\/product\/the-one\/","title":{"rendered":"THE ONE"},"content":{"rendered":"<p>Alimento en polvo de fruta deshidratada con vitaminas y minerales, sabor Orange. Consume este producto a cualquier hora, preferiblemente en la ma\u00f1ana, no temas. Lo pueden consumir personas adultos mayores. Ingredientes: Polvo Deshidratado de Frutos Amarillos, Citrato de Calcio, Acidulante (\u00c1cidoM\u00e1lico), Saborizante Id\u00e9ntico al Natural (Orange), Coenzima Q10, Endulzante Artificial (Sucralosa), Anti compactante (Di\u00f3xido De Silicio), Lecitina de Soya (Estabilizante), Vitamina C, \u00c1cido R-Alfa Lipoico, Cloruro de Potasio, Citrato de Magnesio, Niacina, Fumarato Ferroso, Citrato de Zinc, \u00c1cido Pantot\u00e9nico, Betacaroteno, Cloruro de Sodio, Bioperina, Citrato de Boro, Cobre, Piridoxina Clorhidrato Riboflavina, Vitamina A Retinol Acetato, Tiamina, Vitamina D, Vitamina E, Biotina, Yoduro de Potasio, Selenito de Sodio, Vitamina K. Presentaci\u00f3n Comercial: Envase y Liners interno de seguridad. Material del Empaque: Envase pl\u00e1stico. M\u00e9todo de Conservaci\u00f3n: El producto debe estar almacenado en su empaque original a temperatura inferior a 30 \u00b0C y a una humedad relativa inferior a 75 %. No introducir elementos h\u00famedos, despu\u00e9s de abierto consumase en el menor tiempo posible. Contenido: Neto 0,66 Lb\/ 10,58Oz. Servicios: 30 Scoops por envase. Sabor: Orange. Modo o M\u00e9todo de Consumo o Preparaci\u00f3n: \u00bfC\u00f3mo se toma The One? Mezclar un servicio de10 gr (1 Scoop) en 250 ml de agua, ag\u00edtese hasta tener un producto homog\u00e9neo, consumase una vez preparado. Formato de Venta: Polvo. Registro Sanitario: RSA-0009949-2020.<\/p>\n","protected":false},"excerpt":{"rendered":"<p>Alimento en polvo de fruta deshidratada con vitaminas y minerales, sabor Orange. Consume este producto a cualquier hora, preferiblemente en la ma\u00f1ana, no temas. Lo pueden consumir personas adultos mayores. Ingredientes: Polvo Deshidratado de Frutos Amarillos, Citrato de Calcio, Acidulante (\u00c1cidoM\u00e1lico), Saborizante Id\u00e9ntico al Natural (Orange), Coenzima Q10, Endulzante Artificial (Sucralosa), Anti compactante (Di\u00f3xido De [&hellip;]<\/p>\n","protected":false},"featured_media":2136,"comment_status":"open","ping_status":"closed","template":"","meta":{"site-sidebar-layout":"default","site-content-layout":"","ast-site-content-layout":"default","site-content-style":"default","site-sidebar-style":"default","ast-global-header-display":"","ast-banner-title-visibility":"","ast-main-header-display":"","ast-hfb-above-header-display":"","ast-hfb-below-header-display":"","ast-hfb-mobile-header-display":"","site-post-title":"","ast-breadcrumbs-content":"","ast-featured-img":"","footer-sml-layout":"","ast-disable-related-posts":"","theme-transparent-header-meta":"default","adv-header-id-meta":"","stick-header-meta":"","header-above-stick-meta":"","header-main-stick-meta":"","header-below-stick-meta":"","astra-migrate-meta-layouts":"set","ast-page-background-enabled":"default","ast-page-background-meta":{"desktop":{"background-color":"var(--ast-global-color-4)","background-image":"","background-repeat":"repeat","background-position":"center center","background-size":"auto","background-attachment":"scroll","background-type":"","background-media":"","overlay-type":"","overlay-color":"","overlay-opacity":"","overlay-gradient":""},"tablet":{"background-color":"","background-image":"","background-repeat":"repeat","background-position":"center center","background-size":"auto","background-attachment":"scroll","background-type":"","background-media":"","overlay-type":"","overlay-color":"","overlay-opacity":"","overlay-gradient":""},"mobile":{"background-color":"","background-image":"","background-repeat":"repeat","background-position":"center center","background-size":"auto","background-attachment":"scroll","background-type":"","background-media":"","overlay-type":"","overlay-color":"","overlay-opacity":"","overlay-gradient":""}},"ast-content-background-meta":{"desktop":{"background-color":"var(--ast-global-color-5)","background-image":"","background-repeat":"repeat","background-position":"center center","background-size":"auto","background-attachment":"scroll","background-type":"","background-media":"","overlay-type":"","overlay-color":"","overlay-opacity":"","overlay-gradient":""},"tablet":{"background-color":"var(--ast-global-color-5)","background-image":"","background-repeat":"repeat","background-position":"center center","background-size":"auto","background-attachment":"scroll","background-type":"","background-media":"","overlay-type":"","overlay-color":"","overlay-opacity":"","overlay-gradient":""},"mobile":{"background-color":"var(--ast-global-color-5)","background-image":"","background-repeat":"repeat","background-position":"center center","background-size":"auto","background-attachment":"scroll","background-type":"","background-media":"","overlay-type":"","overlay-color":"","overlay-opacity":"","overlay-gradient":""}}},"product_cat":[40,29],"product_tag":[47],"_links":{"self":[{"href":"https:\/\/vaejfit.com\/index.php\/wp-json\/wp\/v2\/product\/2135"}],"collection":[{"href":"https:\/\/vaejfit.com\/index.php\/wp-json\/wp\/v2\/product"}],"about":[{"href":"https:\/\/vaejfit.com\/index.php\/wp-json\/wp\/v2\/types\/product"}],"replies":[{"embeddable":true,"href":"https:\/\/vaejfit.com\/index.php\/wp-json\/wp\/v2\/comments?post=2135"}],"wp:featuredmedia":[{"embeddable":true,"href":"https:\/\/vaejfit.com\/index.php\/wp-json\/wp\/v2\/media\/2136"}],"wp:attachment":[{"href":"https:\/\/vaejfit.com\/index.php\/wp-json\/wp\/v2\/media?parent=2135"}],"wp:term":[{"taxonomy":"product_cat","embeddable":true,"href":"https:\/\/vaejfit.com\/index.php\/wp-json\/wp\/v2\/product_cat?post=2135"},{"taxonomy":"product_tag","embeddable":true,"href":"https:\/\/vaejfit.com\/index.php\/wp-json\/wp\/v2\/product_tag?post=2135"}],"curies":[{"name":"wp","href":"https:\/\/api.w.org\/{rel}","templated":true}]}}