{"id":2072,"date":"2023-09-01T13:09:03","date_gmt":"2023-09-01T13:09:03","guid":{"rendered":"https:\/\/vaejfit.com\/?post_type=product&#038;p=2072"},"modified":"2023-09-01T13:18:18","modified_gmt":"2023-09-01T13:18:18","slug":"mind-fucker-nootropico-30-servicios-sabor-wild-red","status":"publish","type":"product","link":"https:\/\/vaejfit.com\/index.php\/product\/mind-fucker-nootropico-30-servicios-sabor-wild-red\/","title":{"rendered":"BEST PROTEIN 2.18 LB"},"content":{"rendered":"<div class=\"vtex-flex-layout-0-x-flexColChild pb0\">\n<div class=\"vtex-flex-layout-0-x-flexRow vtex-flex-layout-0-x-flexRow--product-specification\">\n<div class=\"flex mt0 mb0 pt0 pb0 justify-start vtex-flex-layout-0-x-flexRowContent vtex-flex-layout-0-x-flexRowContent--product-specification items-stretch w-100\">\n<div class=\"pr0 items-stretch vtex-flex-layout-0-x-stretchChildrenWidth flex\">\n<div class=\"chefcompany-product-details-0-x-specificationContainer\">\n<div class=\"chefcompany-product-details-0-x-specificationItem\">\n<div class=\"chefcompany-product-details-0-x-specificationLabel\">\n<div class=\"vtex-flex-layout-0-x-flexColChild pb0\">\n<div class=\"vtex-flex-layout-0-x-flexRow vtex-flex-layout-0-x-flexRow--product-specification\">\n<div class=\"flex mt0 mb0 pt0 pb0 justify-start vtex-flex-layout-0-x-flexRowContent vtex-flex-layout-0-x-flexRowContent--product-specification items-stretch w-100\">\n<div class=\"pr0 items-stretch vtex-flex-layout-0-x-stretchChildrenWidth flex\">\n<div class=\"chefcompany-product-details-0-x-specificationContainer\">\n<div class=\"chefcompany-product-details-0-x-specificationItem\">\n<div class=\"chefcompany-product-details-0-x-specificationLabel\">\n<div class=\"vtex-flex-layout-0-x-flexColChild pb0\">\n<div class=\"vtex-flex-layout-0-x-flexRow vtex-flex-layout-0-x-flexRow--product-specification\">\n<div class=\"flex mt0 mb0 pt0 pb0 justify-start vtex-flex-layout-0-x-flexRowContent vtex-flex-layout-0-x-flexRowContent--product-specification items-stretch w-100\">\n<div class=\"pr0 items-stretch vtex-flex-layout-0-x-stretchChildrenWidth flex\">\n<div class=\"chefcompany-product-details-0-x-specificationContainer\">\n<div class=\"chefcompany-product-details-0-x-specificationItem\">\n<div class=\"chefcompany-product-details-0-x-specificationLabel\">\n<div class=\"vtex-flex-layout-0-x-flexColChild pb0\">\n<div class=\"vtex-flex-layout-0-x-flexRow vtex-flex-layout-0-x-flexRow--product-specification\">\n<div class=\"flex mt0 mb0 pt0 pb0 justify-start vtex-flex-layout-0-x-flexRowContent vtex-flex-layout-0-x-flexRowContent--product-specification items-stretch w-100\">\n<div class=\"pr0 items-stretch vtex-flex-layout-0-x-stretchChildrenWidth flex\">\n<div class=\"chefcompany-product-details-0-x-specificationContainer\">\n<div class=\"chefcompany-product-details-0-x-specificationItem\">\n<div class=\"chefcompany-product-details-0-x-specificationLabel\">\n<div class=\"modules-left\">\n<div class=\"data-sheet\">\n<div class=\"vtex-flex-layout-0-x-flexColChild pb0\">\n<div class=\"vtex-flex-layout-0-x-flexRow\">\n<div class=\"flex mt0 mb3 pt0 pb0 justify-start vtex-flex-layout-0-x-flexRowContent items-stretch w-100\">\n<div class=\"pr0 items-stretch vtex-flex-layout-0-x-stretchChildrenWidth flex\">\n<div class=\"vtex-flex-layout-0-x-flexColChild pb0\">\n<div class=\"vtex-flex-layout-0-x-flexRow\">\n<div class=\"flex mt0 mb3 pt0 pb0 justify-start vtex-flex-layout-0-x-flexRowContent items-stretch w-100\">\n<div class=\"pr0 items-stretch vtex-flex-layout-0-x-stretchChildrenWidth flex\">\n<div class=\"vtex-flex-layout-0-x-flexColChild pb0\">\n<div class=\"vtex-flex-layout-0-x-flexRow\">\n<div class=\"flex mt0 mb3 pt0 pb0 justify-start vtex-flex-layout-0-x-flexRowContent items-stretch w-100\">\n<div class=\"pr0 items-stretch vtex-flex-layout-0-x-stretchChildrenWidth flex\">\n<div class=\"vtex-flex-layout-0-x-flexColChild pb0\">\n<div class=\"vtex-flex-layout-0-x-flexRow vtex-flex-layout-0-x-flexRow--product-specification\">\n<div class=\"flex mt0 mb0 pt0 pb0 justify-start vtex-flex-layout-0-x-flexRowContent vtex-flex-layout-0-x-flexRowContent--product-specification items-stretch w-100\">\n<div class=\"pr0 items-stretch vtex-flex-layout-0-x-stretchChildrenWidth flex\">\n<div class=\"chefcompany-product-details-0-x-specificationContainer\">\n<div class=\"chefcompany-product-details-0-x-specificationItem\">\n<div class=\"chefcompany-product-details-0-x-specificationLabel\">\n<div class=\"vtex-flex-layout-0-x-flexColChild pb0\">\n<div class=\"vtex-flex-layout-0-x-flexRow vtex-flex-layout-0-x-flexRow--product-specification\">\n<div class=\"flex mt0 mb0 pt0 pb0 justify-start vtex-flex-layout-0-x-flexRowContent vtex-flex-layout-0-x-flexRowContent--product-specification items-stretch w-100\">\n<div class=\"pr0 items-stretch vtex-flex-layout-0-x-stretchChildrenWidth flex\">\n<div class=\"chefcompany-product-details-0-x-specificationContainer\">\n<div class=\"chefcompany-product-details-0-x-specificationItem\">\n<div class=\"chefcompany-product-details-0-x-specificationLabel\">\n<div class=\"vtex-flex-layout-0-x-flexColChild pb0\">\n<div class=\"vtex-flex-layout-0-x-flexRow vtex-flex-layout-0-x-flexRow--product-specification\">\n<div class=\"flex mt0 mb0 pt0 pb0 justify-start vtex-flex-layout-0-x-flexRowContent vtex-flex-layout-0-x-flexRowContent--product-specification items-stretch w-100\">\n<div class=\"pr0 items-stretch vtex-flex-layout-0-x-stretchChildrenWidth flex\">\n<div class=\"chefcompany-product-details-0-x-specificationContainer\">\n<div class=\"chefcompany-product-details-0-x-specificationItem\">\n<div class=\"chefcompany-product-details-0-x-specificationLabel\">\n<div class=\"vtex-flex-layout-0-x-flexColChild pb0\">\n<div class=\"vtex-flex-layout-0-x-flexRow vtex-flex-layout-0-x-flexRow--product-specification\">\n<div class=\"flex mt0 mb0 pt0 pb0 justify-start vtex-flex-layout-0-x-flexRowContent vtex-flex-layout-0-x-flexRowContent--product-specification items-stretch w-100\">\n<div class=\"pr0 items-stretch vtex-flex-layout-0-x-stretchChildrenWidth flex\">\n<div class=\"chefcompany-product-details-0-x-specificationContainer\">\n<div class=\"chefcompany-product-details-0-x-specificationItem\">\n<div class=\"chefcompany-product-details-0-x-specificationLabel\">\n<div class=\"vtex-flex-layout-0-x-flexColChild pb0\">\n<div class=\"vtex-flex-layout-0-x-flexRow vtex-flex-layout-0-x-flexRow--product-specification\">\n<div class=\"flex mt0 mb0 pt0 pb0 justify-start vtex-flex-layout-0-x-flexRowContent vtex-flex-layout-0-x-flexRowContent--product-specification items-stretch w-100\">\n<div class=\"pr0 items-stretch vtex-flex-layout-0-x-stretchChildrenWidth flex\">\n<div class=\"chefcompany-product-details-0-x-specificationContainer\">\n<div class=\"chefcompany-product-details-0-x-specificationItem\">\n<div class=\"chefcompany-product-details-0-x-specificationLabel\">\n<div class=\"vtex-flex-layout-0-x-flexColChild pb0\">\n<div class=\"vtex-flex-layout-0-x-flexRow vtex-flex-layout-0-x-flexRow--product-specification\">\n<div class=\"flex mt0 mb0 pt0 pb0 justify-start vtex-flex-layout-0-x-flexRowContent vtex-flex-layout-0-x-flexRowContent--product-specification items-stretch w-100\">\n<div class=\"pr0 items-stretch vtex-flex-layout-0-x-stretchChildrenWidth flex\">\n<div class=\"chefcompany-product-details-0-x-specificationContainer\">\n<div class=\"chefcompany-product-details-0-x-specificationItem\">\n<div class=\"chefcompany-product-details-0-x-specificationLabel\">\n<div class=\"vtex-flex-layout-0-x-flexColChild pb0\">\n<div class=\"vtex-flex-layout-0-x-flexRow vtex-flex-layout-0-x-flexRow--product-specification\">\n<div class=\"flex mt0 mb0 pt0 pb0 justify-start vtex-flex-layout-0-x-flexRowContent vtex-flex-layout-0-x-flexRowContent--product-specification items-stretch w-100\">\n<div class=\"pr0 items-stretch vtex-flex-layout-0-x-stretchChildrenWidth flex\">\n<div class=\"chefcompany-product-details-0-x-specificationContainer\">\n<div class=\"chefcompany-product-details-0-x-specificationItem\">\n<div class=\"chefcompany-product-details-0-x-specificationLabel\">\n<div class=\"vtex-flex-layout-0-x-flexColChild pb0\">\n<div class=\"vtex-flex-layout-0-x-flexRow vtex-flex-layout-0-x-flexRow--product-specification\">\n<div class=\"flex mt0 mb0 pt0 pb0 justify-start vtex-flex-layout-0-x-flexRowContent vtex-flex-layout-0-x-flexRowContent--product-specification items-stretch w-100\">\n<div class=\"pr0 items-stretch vtex-flex-layout-0-x-stretchChildrenWidth flex\">\n<div class=\"chefcompany-product-details-0-x-specificationContainer\">\n<div class=\"chefcompany-product-details-0-x-specificationItem\">\n<div class=\"chefcompany-product-details-0-x-specificationLabel\">\n<div class=\"vtex-flex-layout-0-x-flexColChild pb0\">\n<div class=\"vtex-flex-layout-0-x-flexRow vtex-flex-layout-0-x-flexRow--product-specification\">\n<div class=\"flex mt0 mb0 pt0 pb0 justify-start vtex-flex-layout-0-x-flexRowContent vtex-flex-layout-0-x-flexRowContent--product-specification items-stretch w-100\">\n<div class=\"pr0 items-stretch vtex-flex-layout-0-x-stretchChildrenWidth flex\">\n<div class=\"chefcompany-product-details-0-x-specificationContainer\">\n<div class=\"chefcompany-product-details-0-x-specificationItem\">\n<div class=\"chefcompany-product-details-0-x-specificationLabel\">\n<ul class=\"tabs wc-tabs\" role=\"tablist\">\n<li id=\"tab-title-description\" class=\"description_tab active\" role=\"tab\" aria-controls=\"tab-description\">\n<div class=\"elementor-element elementor-element-5f7b110b elementor-widget elementor-widget-text-editor\" data-id=\"5f7b110b\" data-element_type=\"widget\" data-widget_type=\"text-editor.default\">\n<div class=\"elementor-widget-container\">\n<div class=\"elementor-element elementor-element-5f7b110b elementor-widget elementor-widget-text-editor\" data-id=\"5f7b110b\" data-element_type=\"widget\" data-widget_type=\"text-editor.default\">\n<div class=\"elementor-widget-container\">\n<div class=\"elementor-element elementor-element-cf0de9f elementor-widget elementor-widget-text-editor\" data-id=\"cf0de9f\" data-element_type=\"widget\" data-widget_type=\"text-editor.default\">\n<div class=\"elementor-widget-container\">\n<div class=\"elementor-element elementor-element-5f7b110b elementor-widget elementor-widget-text-editor\" data-id=\"5f7b110b\" data-element_type=\"widget\" data-widget_type=\"text-editor.default\">\n<div class=\"elementor-widget-container\">\n<div class=\"elementor-element elementor-element-5f7b110b elementor-widget elementor-widget-text-editor\" data-id=\"5f7b110b\" data-element_type=\"widget\" data-widget_type=\"text-editor.default\">\n<div class=\"elementor-widget-container\">\n<p>Es un suplemento nootr\u00f3pico dise\u00f1ado para maximizar el rendimiento de tu mente. Si eres un \u00abgym rat\u00bb, ya sabes lo importante que es cuidar de tu cuerpo para alcanzar tus objetivos f\u00edsicos, pero \u00bfqu\u00e9 hay del cerebro? Este \u00f3rgano vital tambi\u00e9n necesita su dosis de cuidado y atenci\u00f3n para funcionar a su m\u00e1ximo potencial.\u00a0Mind Fcker\u00a0est\u00e1 dise\u00f1ado para hacer precisamente eso: ayudarte a alcanzar tu m\u00e1ximo potencial cerebral. \u00bfQu\u00e9 es un nootr\u00f3pico? B\u00e1sicamente, es un complemento alimenticio dise\u00f1ado para mejorar el rendimiento del cerebro, potenciando el estado de \u00e1nimo, mejorando la concentraci\u00f3n y facilitando la toma de decisiones. Es un producto dise\u00f1ado para mejorar el rendimiento mental, el enfoque, el estado de \u00e1nimo, mejorar la memoria, dar energ\u00eda y mejorar la salud visual.<\/p>\n<\/div>\n<\/div>\n<\/div>\n<\/div>\n<\/div>\n<\/div>\n<\/div>\n<\/div>\n<\/div>\n<\/div>\n<\/li>\n<\/ul>\n<\/div>\n<\/div>\n<\/div>\n<\/div>\n<\/div>\n<\/div>\n<\/div>\n<\/div>\n<\/div>\n<\/div>\n<\/div>\n<\/div>\n<\/div>\n<\/div>\n<\/div>\n<\/div>\n<\/div>\n<\/div>\n<\/div>\n<\/div>\n<\/div>\n<\/div>\n<\/div>\n<\/div>\n<\/div>\n<\/div>\n<\/div>\n<\/div>\n<\/div>\n<\/div>\n<\/div>\n<\/div>\n<\/div>\n<\/div>\n<\/div>\n<\/div>\n<\/div>\n<\/div>\n<\/div>\n<\/div>\n<\/div>\n<\/div>\n<\/div>\n<\/div>\n<\/div>\n<\/div>\n<\/div>\n<\/div>\n<\/div>\n<\/div>\n<\/div>\n<\/div>\n<\/div>\n<\/div>\n<\/div>\n<\/div>\n<\/div>\n<\/div>\n<\/div>\n<\/div>\n<\/div>\n<\/div>\n<\/div>\n<\/div>\n<\/div>\n<\/div>\n<\/div>\n<\/div>\n<\/div>\n<\/div>\n<\/div>\n<\/div>\n<\/div>\n<\/div>\n<\/div>\n<\/div>\n<\/div>\n<\/div>\n<\/div>\n<\/div>\n<\/div>\n<\/div>\n<\/div>\n<\/div>\n<\/div>\n<\/div>\n<\/div>\n<\/div>\n<\/div>\n<\/div>\n<\/div>\n<\/div>\n<\/div>\n<\/div>\n<\/div>\n<\/div>\n<\/div>\n<\/div>\n<\/div>\n<\/div>\n<\/div>\n<\/div>\n<\/div>\n<\/div>\n<\/div>\n","protected":false},"excerpt":{"rendered":"<p>Es un suplemento nootr\u00f3pico dise\u00f1ado para maximizar el rendimiento de tu mente. Si eres un \u00abgym rat\u00bb, ya sabes lo importante que es cuidar de tu cuerpo para alcanzar tus objetivos f\u00edsicos, pero \u00bfqu\u00e9 hay del cerebro? Este \u00f3rgano vital tambi\u00e9n necesita su dosis de cuidado y atenci\u00f3n para funcionar a su m\u00e1ximo potencial.\u00a0Mind Fcker\u00a0est\u00e1 [&hellip;]<\/p>\n","protected":false},"featured_media":2080,"comment_status":"open","ping_status":"closed","template":"","meta":{"site-sidebar-layout":"default","site-content-layout":"","ast-site-content-layout":"default","site-content-style":"default","site-sidebar-style":"default","ast-global-header-display":"","ast-banner-title-visibility":"","ast-main-header-display":"","ast-hfb-above-header-display":"","ast-hfb-below-header-display":"","ast-hfb-mobile-header-display":"","site-post-title":"","ast-breadcrumbs-content":"","ast-featured-img":"","footer-sml-layout":"","ast-disable-related-posts":"","theme-transparent-header-meta":"default","adv-header-id-meta":"","stick-header-meta":"","header-above-stick-meta":"","header-main-stick-meta":"","header-below-stick-meta":"","astra-migrate-meta-layouts":"set","ast-page-background-enabled":"default","ast-page-background-meta":{"desktop":{"background-color":"var(--ast-global-color-4)","background-image":"","background-repeat":"repeat","background-position":"center center","background-size":"auto","background-attachment":"scroll","background-type":"","background-media":"","overlay-type":"","overlay-color":"","overlay-opacity":"","overlay-gradient":""},"tablet":{"background-color":"","background-image":"","background-repeat":"repeat","background-position":"center center","background-size":"auto","background-attachment":"scroll","background-type":"","background-media":"","overlay-type":"","overlay-color":"","overlay-opacity":"","overlay-gradient":""},"mobile":{"background-color":"","background-image":"","background-repeat":"repeat","background-position":"center center","background-size":"auto","background-attachment":"scroll","background-type":"","background-media":"","overlay-type":"","overlay-color":"","overlay-opacity":"","overlay-gradient":""}},"ast-content-background-meta":{"desktop":{"background-color":"var(--ast-global-color-5)","background-image":"","background-repeat":"repeat","background-position":"center center","background-size":"auto","background-attachment":"scroll","background-type":"","background-media":"","overlay-type":"","overlay-color":"","overlay-opacity":"","overlay-gradient":""},"tablet":{"background-color":"var(--ast-global-color-5)","background-image":"","background-repeat":"repeat","background-position":"center center","background-size":"auto","background-attachment":"scroll","background-type":"","background-media":"","overlay-type":"","overlay-color":"","overlay-opacity":"","overlay-gradient":""},"mobile":{"background-color":"var(--ast-global-color-5)","background-image":"","background-repeat":"repeat","background-position":"center center","background-size":"auto","background-attachment":"scroll","background-type":"","background-media":"","overlay-type":"","overlay-color":"","overlay-opacity":"","overlay-gradient":""}}},"product_cat":[40,21],"product_tag":[47],"_links":{"self":[{"href":"https:\/\/vaejfit.com\/index.php\/wp-json\/wp\/v2\/product\/2072"}],"collection":[{"href":"https:\/\/vaejfit.com\/index.php\/wp-json\/wp\/v2\/product"}],"about":[{"href":"https:\/\/vaejfit.com\/index.php\/wp-json\/wp\/v2\/types\/product"}],"replies":[{"embeddable":true,"href":"https:\/\/vaejfit.com\/index.php\/wp-json\/wp\/v2\/comments?post=2072"}],"wp:featuredmedia":[{"embeddable":true,"href":"https:\/\/vaejfit.com\/index.php\/wp-json\/wp\/v2\/media\/2080"}],"wp:attachment":[{"href":"https:\/\/vaejfit.com\/index.php\/wp-json\/wp\/v2\/media?parent=2072"}],"wp:term":[{"taxonomy":"product_cat","embeddable":true,"href":"https:\/\/vaejfit.com\/index.php\/wp-json\/wp\/v2\/product_cat?post=2072"},{"taxonomy":"product_tag","embeddable":true,"href":"https:\/\/vaejfit.com\/index.php\/wp-json\/wp\/v2\/product_tag?post=2072"}],"curies":[{"name":"wp","href":"https:\/\/api.w.org\/{rel}","templated":true}]}}