{"id":2041,"date":"2023-08-31T20:44:19","date_gmt":"2023-08-31T20:44:19","guid":{"rendered":"https:\/\/vaejfit.com\/?post_type=product&#038;p=2041"},"modified":"2025-10-08T19:32:26","modified_gmt":"2025-10-08T19:32:26","slug":"isolate-gourmet-x-5-libras-cookies-and-cream","status":"publish","type":"product","link":"https:\/\/vaejfit.com\/index.php\/product\/isolate-gourmet-x-5-libras-cookies-and-cream\/","title":{"rendered":"Isolate Gourmet x 5 libras \u2013 Cookies and Cream"},"content":{"rendered":"<div class=\"vtex-flex-layout-0-x-flexColChild pb0\">\n<div class=\"vtex-flex-layout-0-x-flexRow vtex-flex-layout-0-x-flexRow--product-specification\">\n<div class=\"flex mt0 mb0 pt0 pb0 justify-start vtex-flex-layout-0-x-flexRowContent vtex-flex-layout-0-x-flexRowContent--product-specification items-stretch w-100\">\n<div class=\"pr0 items-stretch vtex-flex-layout-0-x-stretchChildrenWidth flex\">\n<div class=\"chefcompany-product-details-0-x-specificationContainer\">\n<div class=\"chefcompany-product-details-0-x-specificationItem\">\n<div class=\"chefcompany-product-details-0-x-specificationLabel\">\n<div class=\"vtex-flex-layout-0-x-flexColChild pb0\">\n<div class=\"vtex-flex-layout-0-x-flexRow vtex-flex-layout-0-x-flexRow--product-specification\">\n<div class=\"flex mt0 mb0 pt0 pb0 justify-start vtex-flex-layout-0-x-flexRowContent vtex-flex-layout-0-x-flexRowContent--product-specification items-stretch w-100\">\n<div class=\"pr0 items-stretch vtex-flex-layout-0-x-stretchChildrenWidth flex\">\n<div class=\"chefcompany-product-details-0-x-specificationContainer\">\n<div class=\"chefcompany-product-details-0-x-specificationItem\">\n<div class=\"chefcompany-product-details-0-x-specificationLabel\">\n<div class=\"vtex-flex-layout-0-x-flexColChild pb0\">\n<div class=\"vtex-flex-layout-0-x-flexRow vtex-flex-layout-0-x-flexRow--product-specification\">\n<div class=\"flex mt0 mb0 pt0 pb0 justify-start vtex-flex-layout-0-x-flexRowContent vtex-flex-layout-0-x-flexRowContent--product-specification items-stretch w-100\">\n<div class=\"pr0 items-stretch vtex-flex-layout-0-x-stretchChildrenWidth flex\">\n<div class=\"chefcompany-product-details-0-x-specificationContainer\">\n<div class=\"chefcompany-product-details-0-x-specificationItem\">\n<div class=\"chefcompany-product-details-0-x-specificationLabel\">\n<div class=\"vtex-flex-layout-0-x-flexColChild pb0\">\n<div class=\"vtex-flex-layout-0-x-flexRow vtex-flex-layout-0-x-flexRow--product-specification\">\n<div class=\"flex mt0 mb0 pt0 pb0 justify-start vtex-flex-layout-0-x-flexRowContent vtex-flex-layout-0-x-flexRowContent--product-specification items-stretch w-100\">\n<div class=\"pr0 items-stretch vtex-flex-layout-0-x-stretchChildrenWidth flex\">\n<div class=\"chefcompany-product-details-0-x-specificationContainer\">\n<div class=\"chefcompany-product-details-0-x-specificationItem\">\n<div class=\"chefcompany-product-details-0-x-specificationLabel\">\n<div class=\"modules-left\">\n<div class=\"data-sheet\">\n<div class=\"vtex-flex-layout-0-x-flexColChild pb0\">\n<div class=\"vtex-flex-layout-0-x-flexRow\">\n<div class=\"flex mt0 mb3 pt0 pb0 justify-start vtex-flex-layout-0-x-flexRowContent items-stretch w-100\">\n<div class=\"pr0 items-stretch vtex-flex-layout-0-x-stretchChildrenWidth flex\">\n<div class=\"vtex-flex-layout-0-x-flexColChild pb0\">\n<div class=\"vtex-flex-layout-0-x-flexRow\">\n<div class=\"flex mt0 mb3 pt0 pb0 justify-start vtex-flex-layout-0-x-flexRowContent items-stretch w-100\">\n<div class=\"pr0 items-stretch vtex-flex-layout-0-x-stretchChildrenWidth flex\">\n<div class=\"vtex-flex-layout-0-x-flexColChild pb0\">\n<div class=\"vtex-flex-layout-0-x-flexRow\">\n<div class=\"flex mt0 mb3 pt0 pb0 justify-start vtex-flex-layout-0-x-flexRowContent items-stretch w-100\">\n<div class=\"pr0 items-stretch vtex-flex-layout-0-x-stretchChildrenWidth flex\">\n<div class=\"vtex-flex-layout-0-x-flexColChild pb0\">\n<div class=\"vtex-flex-layout-0-x-flexRow vtex-flex-layout-0-x-flexRow--product-specification\">\n<div class=\"flex mt0 mb0 pt0 pb0 justify-start vtex-flex-layout-0-x-flexRowContent vtex-flex-layout-0-x-flexRowContent--product-specification items-stretch w-100\">\n<div class=\"pr0 items-stretch vtex-flex-layout-0-x-stretchChildrenWidth flex\">\n<div class=\"chefcompany-product-details-0-x-specificationContainer\">\n<div class=\"chefcompany-product-details-0-x-specificationItem\">\n<div class=\"chefcompany-product-details-0-x-specificationLabel\">\n<div class=\"vtex-flex-layout-0-x-flexColChild pb0\">\n<div class=\"vtex-flex-layout-0-x-flexRow vtex-flex-layout-0-x-flexRow--product-specification\">\n<div class=\"flex mt0 mb0 pt0 pb0 justify-start vtex-flex-layout-0-x-flexRowContent vtex-flex-layout-0-x-flexRowContent--product-specification items-stretch w-100\">\n<div class=\"pr0 items-stretch vtex-flex-layout-0-x-stretchChildrenWidth flex\">\n<div class=\"chefcompany-product-details-0-x-specificationContainer\">\n<div class=\"chefcompany-product-details-0-x-specificationItem\">\n<div class=\"chefcompany-product-details-0-x-specificationLabel\">\n<div class=\"vtex-flex-layout-0-x-flexColChild pb0\">\n<div class=\"vtex-flex-layout-0-x-flexRow vtex-flex-layout-0-x-flexRow--product-specification\">\n<div class=\"flex mt0 mb0 pt0 pb0 justify-start vtex-flex-layout-0-x-flexRowContent vtex-flex-layout-0-x-flexRowContent--product-specification items-stretch w-100\">\n<div class=\"pr0 items-stretch vtex-flex-layout-0-x-stretchChildrenWidth flex\">\n<div class=\"chefcompany-product-details-0-x-specificationContainer\">\n<div class=\"chefcompany-product-details-0-x-specificationItem\">\n<div class=\"chefcompany-product-details-0-x-specificationLabel\">\n<div class=\"vtex-flex-layout-0-x-flexColChild pb0\">\n<div class=\"vtex-flex-layout-0-x-flexRow vtex-flex-layout-0-x-flexRow--product-specification\">\n<div class=\"flex mt0 mb0 pt0 pb0 justify-start vtex-flex-layout-0-x-flexRowContent vtex-flex-layout-0-x-flexRowContent--product-specification items-stretch w-100\">\n<div class=\"pr0 items-stretch vtex-flex-layout-0-x-stretchChildrenWidth flex\">\n<div class=\"chefcompany-product-details-0-x-specificationContainer\">\n<div class=\"chefcompany-product-details-0-x-specificationItem\">\n<div class=\"chefcompany-product-details-0-x-specificationLabel\">\n<div class=\"vtex-flex-layout-0-x-flexColChild pb0\">\n<div class=\"vtex-flex-layout-0-x-flexRow vtex-flex-layout-0-x-flexRow--product-specification\">\n<div class=\"flex mt0 mb0 pt0 pb0 justify-start vtex-flex-layout-0-x-flexRowContent vtex-flex-layout-0-x-flexRowContent--product-specification items-stretch w-100\">\n<div class=\"pr0 items-stretch vtex-flex-layout-0-x-stretchChildrenWidth flex\">\n<div class=\"chefcompany-product-details-0-x-specificationContainer\">\n<div class=\"chefcompany-product-details-0-x-specificationItem\">\n<div class=\"chefcompany-product-details-0-x-specificationLabel\">\n<div class=\"vtex-flex-layout-0-x-flexColChild pb0\">\n<div class=\"vtex-flex-layout-0-x-flexRow vtex-flex-layout-0-x-flexRow--product-specification\">\n<div class=\"flex mt0 mb0 pt0 pb0 justify-start vtex-flex-layout-0-x-flexRowContent vtex-flex-layout-0-x-flexRowContent--product-specification items-stretch w-100\">\n<div class=\"pr0 items-stretch vtex-flex-layout-0-x-stretchChildrenWidth flex\">\n<div class=\"chefcompany-product-details-0-x-specificationContainer\">\n<div class=\"chefcompany-product-details-0-x-specificationItem\">\n<div class=\"chefcompany-product-details-0-x-specificationLabel\">\n<div class=\"vtex-flex-layout-0-x-flexColChild pb0\">\n<div class=\"vtex-flex-layout-0-x-flexRow vtex-flex-layout-0-x-flexRow--product-specification\">\n<div class=\"flex mt0 mb0 pt0 pb0 justify-start vtex-flex-layout-0-x-flexRowContent vtex-flex-layout-0-x-flexRowContent--product-specification items-stretch w-100\">\n<div class=\"pr0 items-stretch vtex-flex-layout-0-x-stretchChildrenWidth flex\">\n<div class=\"chefcompany-product-details-0-x-specificationContainer\">\n<div class=\"chefcompany-product-details-0-x-specificationItem\">\n<div class=\"chefcompany-product-details-0-x-specificationLabel\">\n<div class=\"vtex-flex-layout-0-x-flexColChild pb0\">\n<div class=\"vtex-flex-layout-0-x-flexRow vtex-flex-layout-0-x-flexRow--product-specification\">\n<div class=\"flex mt0 mb0 pt0 pb0 justify-start vtex-flex-layout-0-x-flexRowContent vtex-flex-layout-0-x-flexRowContent--product-specification items-stretch w-100\">\n<div class=\"pr0 items-stretch vtex-flex-layout-0-x-stretchChildrenWidth flex\">\n<div class=\"chefcompany-product-details-0-x-specificationContainer\">\n<div class=\"chefcompany-product-details-0-x-specificationItem\">\n<div class=\"chefcompany-product-details-0-x-specificationLabel\">\n<div class=\"vtex-flex-layout-0-x-flexColChild pb0\">\n<div class=\"vtex-flex-layout-0-x-flexRow vtex-flex-layout-0-x-flexRow--product-specification\">\n<div class=\"flex mt0 mb0 pt0 pb0 justify-start vtex-flex-layout-0-x-flexRowContent vtex-flex-layout-0-x-flexRowContent--product-specification items-stretch w-100\">\n<div class=\"pr0 items-stretch vtex-flex-layout-0-x-stretchChildrenWidth flex\">\n<div class=\"chefcompany-product-details-0-x-specificationContainer\">\n<div class=\"chefcompany-product-details-0-x-specificationItem\">\n<div class=\"chefcompany-product-details-0-x-specificationLabel\">\n<ul class=\"tabs wc-tabs\" role=\"tablist\">\n<li id=\"tab-title-description\" class=\"description_tab active\" role=\"tab\" aria-controls=\"tab-description\">\n<div class=\"elementor-element elementor-element-5f7b110b elementor-widget elementor-widget-text-editor\" data-id=\"5f7b110b\" data-element_type=\"widget\" data-widget_type=\"text-editor.default\">\n<div class=\"elementor-widget-container\">\n<p>Contenido del producto:<\/p>\n<\/div>\n<\/div>\n<div class=\"elementor-element elementor-element-168c5089 elementor-widget elementor-widget-woocommerce-product-content\" data-id=\"168c5089\" data-element_type=\"widget\" data-widget_type=\"woocommerce-product-content.default\">\n<div class=\"elementor-widget-container\">\n<p>Es un aislado e hidrolizado de suero de leche es obtenida a trav\u00e9s de CFM (Micro\ufb01ltraci\u00f3n por Flujo Cruzado) que asegura su calidad y pureza.<\/p>\n<p><strong>Cada servicio contiene:<\/strong><\/p>\n<ul>\n<li>30 g de prote\u00edna aislada e hidrolizado.<\/li>\n<li>1 g de carbohidratos.<\/li>\n<li>0 g de grasa totales.<\/li>\n<li>0 lactosa.<\/li>\n<li>0 az\u00facar.<\/li>\n<li>Nutraflora\u00ae (prebi\u00f3ticos) y Lactospore\u00ae (probi\u00f3ticos).<\/li>\n<\/ul>\n<p><strong>Modo de uso:<\/strong>\u00a0Adultos, tomar 1 servicio (2 Cucharas medidoras) al d\u00eda.<br data-sanitized-data-mce-fragment=\"1\" \/>Mezclar 1 servicio de ISOLATE GOURMET en 6-8 oz. de agua en un vaso o shaker.<br \/>\nAgitar hasta obtener una mezcla homog\u00e9nea.<\/p>\n<p><strong>Tama\u00f1o de la porci\u00f3n<\/strong>: 34 gr (26 Servicio aprox)<br \/>\n<strong>Contenido:<\/strong>\u00a02 Libras\/ Neto 908g<\/p>\n<p><strong>Ingredientes:<\/strong>\u00a0Prote\u00edna de Suero de Leche Aislada e Hidrolizada, S\u00f3lidos de Maiz, Prebi\u00f3ticos (Nutraflora\u00ae). Probi\u00f3ticos LactoSpore\u00ae (Bacillus coagulans, Amino\u00e1cidos de Cadena Ramificada (Leucina, Isoleucina, Valina), L-Glutamina. Sucralosa, Estabilizante (Goma Guar), Lecitina de Soya, Sabor Natural.<\/p>\n<p><strong>Sabor:<\/strong>\u00a0 Cookie and cream<\/p>\n<p><strong>M\u00e9todo de conservaci\u00f3n:<\/strong>\u00a0El producto debe estar almacenado en su empaque original a temperatura inferior a 30\u00b0C y a una humedad relativa inferior a 75%. No introducir elementos h\u00famedos, despu\u00e9s de abierto consumase en el menor tiempo posible.<\/p>\n<p><strong>Reg. San. INVIMA No.\u00a0<\/strong>RSAD02I90115<\/p>\n<\/div>\n<\/div>\n<\/li>\n<\/ul>\n<\/div>\n<\/div>\n<\/div>\n<\/div>\n<\/div>\n<\/div>\n<\/div>\n<\/div>\n<\/div>\n<\/div>\n<\/div>\n<\/div>\n<\/div>\n<\/div>\n<\/div>\n<\/div>\n<\/div>\n<\/div>\n<\/div>\n<\/div>\n<\/div>\n<\/div>\n<\/div>\n<\/div>\n<\/div>\n<\/div>\n<\/div>\n<\/div>\n<\/div>\n<\/div>\n<\/div>\n<\/div>\n<\/div>\n<\/div>\n<\/div>\n<\/div>\n<\/div>\n<\/div>\n<\/div>\n<\/div>\n<\/div>\n<\/div>\n<\/div>\n<\/div>\n<\/div>\n<\/div>\n<\/div>\n<\/div>\n<\/div>\n<\/div>\n<\/div>\n<\/div>\n<\/div>\n<\/div>\n<\/div>\n<\/div>\n<\/div>\n<\/div>\n<\/div>\n<\/div>\n<\/div>\n<\/div>\n<\/div>\n<\/div>\n<\/div>\n<\/div>\n<\/div>\n<\/div>\n<\/div>\n<\/div>\n<\/div>\n<\/div>\n<\/div>\n<\/div>\n<\/div>\n<\/div>\n<\/div>\n<\/div>\n<\/div>\n<\/div>\n<\/div>\n<\/div>\n<\/div>\n<\/div>\n<\/div>\n<\/div>\n<\/div>\n<\/div>\n<\/div>\n<\/div>\n<\/div>\n<\/div>\n<\/div>\n<\/div>\n<\/div>\n<\/div>\n<\/div>\n<\/div>\n<\/div>\n<\/div>\n<\/div>\n<\/div>\n<\/div>\n<\/div>\n<\/div>\n","protected":false},"excerpt":{"rendered":"<p>Contenido del producto: Es un aislado e hidrolizado de suero de leche es obtenida a trav\u00e9s de CFM (Micro\ufb01ltraci\u00f3n por Flujo Cruzado) que asegura su calidad y pureza. Cada servicio contiene: 30 g de prote\u00edna aislada e hidrolizado. 1 g de carbohidratos. 0 g de grasa totales. 0 lactosa. 0 az\u00facar. Nutraflora\u00ae (prebi\u00f3ticos) y Lactospore\u00ae [&hellip;]<\/p>\n","protected":false},"featured_media":2042,"comment_status":"open","ping_status":"closed","template":"","meta":{"site-sidebar-layout":"default","site-content-layout":"","ast-site-content-layout":"default","site-content-style":"default","site-sidebar-style":"default","ast-global-header-display":"","ast-banner-title-visibility":"","ast-main-header-display":"","ast-hfb-above-header-display":"","ast-hfb-below-header-display":"","ast-hfb-mobile-header-display":"","site-post-title":"","ast-breadcrumbs-content":"","ast-featured-img":"","footer-sml-layout":"","ast-disable-related-posts":"","theme-transparent-header-meta":"default","adv-header-id-meta":"","stick-header-meta":"","header-above-stick-meta":"","header-main-stick-meta":"","header-below-stick-meta":"","astra-migrate-meta-layouts":"set","ast-page-background-enabled":"default","ast-page-background-meta":{"desktop":{"background-color":"var(--ast-global-color-4)","background-image":"","background-repeat":"repeat","background-position":"center center","background-size":"auto","background-attachment":"scroll","background-type":"","background-media":"","overlay-type":"","overlay-color":"","overlay-opacity":"","overlay-gradient":""},"tablet":{"background-color":"","background-image":"","background-repeat":"repeat","background-position":"center center","background-size":"auto","background-attachment":"scroll","background-type":"","background-media":"","overlay-type":"","overlay-color":"","overlay-opacity":"","overlay-gradient":""},"mobile":{"background-color":"","background-image":"","background-repeat":"repeat","background-position":"center center","background-size":"auto","background-attachment":"scroll","background-type":"","background-media":"","overlay-type":"","overlay-color":"","overlay-opacity":"","overlay-gradient":""}},"ast-content-background-meta":{"desktop":{"background-color":"var(--ast-global-color-5)","background-image":"","background-repeat":"repeat","background-position":"center center","background-size":"auto","background-attachment":"scroll","background-type":"","background-media":"","overlay-type":"","overlay-color":"","overlay-opacity":"","overlay-gradient":""},"tablet":{"background-color":"var(--ast-global-color-5)","background-image":"","background-repeat":"repeat","background-position":"center center","background-size":"auto","background-attachment":"scroll","background-type":"","background-media":"","overlay-type":"","overlay-color":"","overlay-opacity":"","overlay-gradient":""},"mobile":{"background-color":"var(--ast-global-color-5)","background-image":"","background-repeat":"repeat","background-position":"center center","background-size":"auto","background-attachment":"scroll","background-type":"","background-media":"","overlay-type":"","overlay-color":"","overlay-opacity":"","overlay-gradient":""}}},"product_cat":[21,48],"product_tag":[47],"_links":{"self":[{"href":"https:\/\/vaejfit.com\/index.php\/wp-json\/wp\/v2\/product\/2041"}],"collection":[{"href":"https:\/\/vaejfit.com\/index.php\/wp-json\/wp\/v2\/product"}],"about":[{"href":"https:\/\/vaejfit.com\/index.php\/wp-json\/wp\/v2\/types\/product"}],"replies":[{"embeddable":true,"href":"https:\/\/vaejfit.com\/index.php\/wp-json\/wp\/v2\/comments?post=2041"}],"wp:featuredmedia":[{"embeddable":true,"href":"https:\/\/vaejfit.com\/index.php\/wp-json\/wp\/v2\/media\/2042"}],"wp:attachment":[{"href":"https:\/\/vaejfit.com\/index.php\/wp-json\/wp\/v2\/media?parent=2041"}],"wp:term":[{"taxonomy":"product_cat","embeddable":true,"href":"https:\/\/vaejfit.com\/index.php\/wp-json\/wp\/v2\/product_cat?post=2041"},{"taxonomy":"product_tag","embeddable":true,"href":"https:\/\/vaejfit.com\/index.php\/wp-json\/wp\/v2\/product_tag?post=2041"}],"curies":[{"name":"wp","href":"https:\/\/api.w.org\/{rel}","templated":true}]}}