{"id":1972,"date":"2023-08-31T15:50:29","date_gmt":"2023-08-31T15:50:29","guid":{"rendered":"https:\/\/vaejfit.com\/?post_type=product&#038;p=1972"},"modified":"2025-10-12T21:06:35","modified_gmt":"2025-10-12T21:06:35","slug":"healthy-america-320-mg-saw-palmetto-standardized-x-60-capsulas","status":"publish","type":"product","link":"https:\/\/vaejfit.com\/index.php\/product\/healthy-america-320-mg-saw-palmetto-standardized-x-60-capsulas\/","title":{"rendered":"Healthy America 320 mg Saw Palmetto Standardized x 60 C\u00e1psulas"},"content":{"rendered":"<div class=\"vtex-flex-layout-0-x-flexColChild pb0\">\n<div class=\"vtex-flex-layout-0-x-flexRow vtex-flex-layout-0-x-flexRow--product-specification\">\n<div class=\"flex mt0 mb0 pt0 pb0 justify-start vtex-flex-layout-0-x-flexRowContent vtex-flex-layout-0-x-flexRowContent--product-specification items-stretch w-100\">\n<div class=\"pr0 items-stretch vtex-flex-layout-0-x-stretchChildrenWidth flex\">\n<div class=\"chefcompany-product-details-0-x-specificationContainer\">\n<div class=\"chefcompany-product-details-0-x-specificationItem\">\n<div class=\"chefcompany-product-details-0-x-specificationLabel\">\n<div class=\"vtex-flex-layout-0-x-flexColChild pb0\">\n<div class=\"vtex-flex-layout-0-x-flexRow vtex-flex-layout-0-x-flexRow--product-specification\">\n<div class=\"flex mt0 mb0 pt0 pb0 justify-start vtex-flex-layout-0-x-flexRowContent vtex-flex-layout-0-x-flexRowContent--product-specification items-stretch w-100\">\n<div class=\"pr0 items-stretch vtex-flex-layout-0-x-stretchChildrenWidth flex\">\n<div class=\"chefcompany-product-details-0-x-specificationContainer\">\n<div class=\"chefcompany-product-details-0-x-specificationItem\">\n<div class=\"chefcompany-product-details-0-x-specificationLabel\">\n<div class=\"vtex-flex-layout-0-x-flexColChild pb0\">\n<div class=\"vtex-flex-layout-0-x-flexRow vtex-flex-layout-0-x-flexRow--product-specification\">\n<div class=\"flex mt0 mb0 pt0 pb0 justify-start vtex-flex-layout-0-x-flexRowContent vtex-flex-layout-0-x-flexRowContent--product-specification items-stretch w-100\">\n<div class=\"pr0 items-stretch vtex-flex-layout-0-x-stretchChildrenWidth flex\">\n<div class=\"chefcompany-product-details-0-x-specificationContainer\">\n<div class=\"chefcompany-product-details-0-x-specificationItem\">\n<div class=\"chefcompany-product-details-0-x-specificationLabel\">\n<div class=\"vtex-flex-layout-0-x-flexColChild pb0\">\n<div class=\"vtex-flex-layout-0-x-flexRow vtex-flex-layout-0-x-flexRow--product-specification\">\n<div class=\"flex mt0 mb0 pt0 pb0 justify-start vtex-flex-layout-0-x-flexRowContent vtex-flex-layout-0-x-flexRowContent--product-specification items-stretch w-100\">\n<div class=\"pr0 items-stretch vtex-flex-layout-0-x-stretchChildrenWidth flex\">\n<div class=\"chefcompany-product-details-0-x-specificationContainer\">\n<div class=\"chefcompany-product-details-0-x-specificationItem\">\n<div class=\"chefcompany-product-details-0-x-specificationLabel\">\n<div class=\"modules-left\">\n<div class=\"data-sheet\">\n<h3>Ficha T\u00e9cnica:<\/h3>\n<div class=\"container-data-sheet\">\n<div class=\"left\">\n<div class=\"item\">\n<div class=\"title\">Marca:<\/div>\n<div class=\"description\">Saw Palmetto<\/div>\n<\/div>\n<div class=\"item\">\n<div class=\"title\">Modelo:<\/div>\n<div class=\"description\">Saw Palmetto<\/div>\n<\/div>\n<div class=\"item\">\n<div class=\"title\">Tipo de Producto:<\/div>\n<div class=\"description\">Fitoterapeuta<\/div>\n<\/div>\n<\/div>\n<div class=\"right\">\n<div class=\"item\">\n<div class=\"title\">Cantidad:<\/div>\n<div class=\"description\">60 Softgels<\/div>\n<\/div>\n<div class=\"item\">\n<div class=\"title\">Unidades por paquete: (venta al cliente)<\/div>\n<div class=\"description\">60<\/div>\n<\/div>\n<div class=\"item\">\n<div class=\"title\">Pa\u00eds de Producci\u00f3n:<\/div>\n<div class=\"description\">Estsdos Unidos<\/div>\n<\/div>\n<div class=\"item\">\n<div class=\"title\">Registro Invima:<\/div>\n<div class=\"description\">PFM2012-0001884<\/div>\n<\/div>\n<div class=\"item\">\n<div class=\"title\">Presentaci\u00f3n del Producto:<\/div>\n<div class=\"description\">Softgels<\/div>\n<\/div>\n<div class=\"item\">\n<div class=\"title\">Profundidad ITEM:<\/div>\n<div class=\"description\">6,1 cm<\/div>\n<\/div>\n<div class=\"item\">\n<div class=\"title\">Ancho ITEM:<\/div>\n<div class=\"description\">6,1 cm<\/div>\n<\/div>\n<div class=\"item\">\n<div class=\"title\">Altura ITEM<\/div>\n<div class=\"description\">11,3 cm<\/div>\n<\/div>\n<\/div>\n<\/div>\n<\/div>\n<\/div>\n<div class=\"modules-right\">\n<div class=\"info\">\n<h2>Caracter\u00edsticas del Saw Palmetto Standardized Healthy America 320Mg x 60Cap<\/h2>\n<p>&nbsp;<\/p>\n<h3><b>Modo de uso:<\/b><\/h3>\n<p>1 c\u00e1p con una comida principal.<\/p>\n<\/div>\n<\/div>\n<\/div>\n<\/div>\n<\/div>\n<\/div>\n<\/div>\n<\/div>\n<\/div>\n<\/div>\n<\/div>\n<\/div>\n<\/div>\n<\/div>\n<\/div>\n<\/div>\n<\/div>\n<\/div>\n<\/div>\n<\/div>\n<\/div>\n<\/div>\n<\/div>\n<\/div>\n<\/div>\n<\/div>\n<\/div>\n<\/div>\n<\/div>\n<\/div>\n","protected":false},"excerpt":{"rendered":"<p>Ficha T\u00e9cnica: Marca: Saw Palmetto Modelo: Saw Palmetto Tipo de Producto: Fitoterapeuta Cantidad: 60 Softgels Unidades por paquete: (venta al cliente) 60 Pa\u00eds de Producci\u00f3n: Estsdos Unidos Registro Invima: PFM2012-0001884 Presentaci\u00f3n del Producto: Softgels Profundidad ITEM: 6,1 cm Ancho ITEM: 6,1 cm Altura ITEM 11,3 cm Caracter\u00edsticas del Saw Palmetto Standardized Healthy America 320Mg x [&hellip;]<\/p>\n","protected":false},"featured_media":1973,"comment_status":"open","ping_status":"closed","template":"","meta":{"site-sidebar-layout":"default","site-content-layout":"","ast-site-content-layout":"default","site-content-style":"default","site-sidebar-style":"default","ast-global-header-display":"","ast-banner-title-visibility":"","ast-main-header-display":"","ast-hfb-above-header-display":"","ast-hfb-below-header-display":"","ast-hfb-mobile-header-display":"","site-post-title":"","ast-breadcrumbs-content":"","ast-featured-img":"","footer-sml-layout":"","ast-disable-related-posts":"","theme-transparent-header-meta":"default","adv-header-id-meta":"","stick-header-meta":"","header-above-stick-meta":"","header-main-stick-meta":"","header-below-stick-meta":"","astra-migrate-meta-layouts":"set","ast-page-background-enabled":"default","ast-page-background-meta":{"desktop":{"background-color":"var(--ast-global-color-4)","background-image":"","background-repeat":"repeat","background-position":"center center","background-size":"auto","background-attachment":"scroll","background-type":"","background-media":"","overlay-type":"","overlay-color":"","overlay-opacity":"","overlay-gradient":""},"tablet":{"background-color":"","background-image":"","background-repeat":"repeat","background-position":"center center","background-size":"auto","background-attachment":"scroll","background-type":"","background-media":"","overlay-type":"","overlay-color":"","overlay-opacity":"","overlay-gradient":""},"mobile":{"background-color":"","background-image":"","background-repeat":"repeat","background-position":"center center","background-size":"auto","background-attachment":"scroll","background-type":"","background-media":"","overlay-type":"","overlay-color":"","overlay-opacity":"","overlay-gradient":""}},"ast-content-background-meta":{"desktop":{"background-color":"var(--ast-global-color-5)","background-image":"","background-repeat":"repeat","background-position":"center center","background-size":"auto","background-attachment":"scroll","background-type":"","background-media":"","overlay-type":"","overlay-color":"","overlay-opacity":"","overlay-gradient":""},"tablet":{"background-color":"var(--ast-global-color-5)","background-image":"","background-repeat":"repeat","background-position":"center center","background-size":"auto","background-attachment":"scroll","background-type":"","background-media":"","overlay-type":"","overlay-color":"","overlay-opacity":"","overlay-gradient":""},"mobile":{"background-color":"var(--ast-global-color-5)","background-image":"","background-repeat":"repeat","background-position":"center center","background-size":"auto","background-attachment":"scroll","background-type":"","background-media":"","overlay-type":"","overlay-color":"","overlay-opacity":"","overlay-gradient":""}}},"product_cat":[34,29],"product_tag":[47],"_links":{"self":[{"href":"https:\/\/vaejfit.com\/index.php\/wp-json\/wp\/v2\/product\/1972"}],"collection":[{"href":"https:\/\/vaejfit.com\/index.php\/wp-json\/wp\/v2\/product"}],"about":[{"href":"https:\/\/vaejfit.com\/index.php\/wp-json\/wp\/v2\/types\/product"}],"replies":[{"embeddable":true,"href":"https:\/\/vaejfit.com\/index.php\/wp-json\/wp\/v2\/comments?post=1972"}],"wp:featuredmedia":[{"embeddable":true,"href":"https:\/\/vaejfit.com\/index.php\/wp-json\/wp\/v2\/media\/1973"}],"wp:attachment":[{"href":"https:\/\/vaejfit.com\/index.php\/wp-json\/wp\/v2\/media?parent=1972"}],"wp:term":[{"taxonomy":"product_cat","embeddable":true,"href":"https:\/\/vaejfit.com\/index.php\/wp-json\/wp\/v2\/product_cat?post=1972"},{"taxonomy":"product_tag","embeddable":true,"href":"https:\/\/vaejfit.com\/index.php\/wp-json\/wp\/v2\/product_tag?post=1972"}],"curies":[{"name":"wp","href":"https:\/\/api.w.org\/{rel}","templated":true}]}}