{"id":1762,"date":"2023-08-19T20:58:44","date_gmt":"2023-08-19T20:58:44","guid":{"rendered":"https:\/\/vaejfit.com\/?post_type=product&#038;p=1762"},"modified":"2023-08-23T00:01:21","modified_gmt":"2023-08-23T00:01:21","slug":"burner-stack","status":"publish","type":"product","link":"https:\/\/vaejfit.com\/index.php\/product\/burner-stack\/","title":{"rendered":"BURNER STACK"},"content":{"rendered":"<p>Las formas comprobadas para perder peso son: Comer alimentos saludables, reducir las calor\u00edas y mantenerse f\u00edsicamente activo (fuente: FDA).<\/p>\n<p><strong>Burner stack<\/strong>\u00a0contiene 6g por porci\u00f3n de ingredientes, esta as\u00ed dise\u00f1ado para tener el 100% de las cantidades recomendadas, que a diferencia de los productos en c\u00e1psulas o tabletas solo contienen unas peque\u00f1as dosis de estos.<\/p>\n<ul class=\"list-group list-group-flush my-4\">\n<li class=\"list-group-item\">Registro Invima:\u00a0RSA-0009455-2020<\/li>\n<li class=\"list-group-item\"><img decoding=\"async\" src=\"https:\/\/nutramerican.com\/img\/saboruva.webp\" alt=\"Sabor a uva\" width=\"84\" height=\"73\" \/>DeliciosoSabor a uva<\/li>\n<\/ul>\n","protected":false},"excerpt":{"rendered":"<p>Las formas comprobadas para perder peso son: Comer alimentos saludables, reducir las calor\u00edas y mantenerse f\u00edsicamente activo (fuente: FDA). Burner stack\u00a0contiene 6g por porci\u00f3n de ingredientes, esta as\u00ed dise\u00f1ado para tener el 100% de las cantidades recomendadas, que a diferencia de los productos en c\u00e1psulas o tabletas solo contienen unas peque\u00f1as dosis de estos. Registro [&hellip;]<\/p>\n","protected":false},"featured_media":1764,"comment_status":"open","ping_status":"closed","template":"","meta":{"site-sidebar-layout":"default","site-content-layout":"","ast-site-content-layout":"default","site-content-style":"default","site-sidebar-style":"default","ast-global-header-display":"","ast-banner-title-visibility":"","ast-main-header-display":"","ast-hfb-above-header-display":"","ast-hfb-below-header-display":"","ast-hfb-mobile-header-display":"","site-post-title":"","ast-breadcrumbs-content":"","ast-featured-img":"","footer-sml-layout":"","ast-disable-related-posts":"","theme-transparent-header-meta":"default","adv-header-id-meta":"","stick-header-meta":"","header-above-stick-meta":"","header-main-stick-meta":"","header-below-stick-meta":"","astra-migrate-meta-layouts":"set","ast-page-background-enabled":"default","ast-page-background-meta":{"desktop":{"background-color":"var(--ast-global-color-4)","background-image":"","background-repeat":"repeat","background-position":"center center","background-size":"auto","background-attachment":"scroll","background-type":"","background-media":"","overlay-type":"","overlay-color":"","overlay-opacity":"","overlay-gradient":""},"tablet":{"background-color":"","background-image":"","background-repeat":"repeat","background-position":"center center","background-size":"auto","background-attachment":"scroll","background-type":"","background-media":"","overlay-type":"","overlay-color":"","overlay-opacity":"","overlay-gradient":""},"mobile":{"background-color":"","background-image":"","background-repeat":"repeat","background-position":"center center","background-size":"auto","background-attachment":"scroll","background-type":"","background-media":"","overlay-type":"","overlay-color":"","overlay-opacity":"","overlay-gradient":""}},"ast-content-background-meta":{"desktop":{"background-color":"var(--ast-global-color-5)","background-image":"","background-repeat":"repeat","background-position":"center center","background-size":"auto","background-attachment":"scroll","background-type":"","background-media":"","overlay-type":"","overlay-color":"","overlay-opacity":"","overlay-gradient":""},"tablet":{"background-color":"var(--ast-global-color-5)","background-image":"","background-repeat":"repeat","background-position":"center center","background-size":"auto","background-attachment":"scroll","background-type":"","background-media":"","overlay-type":"","overlay-color":"","overlay-opacity":"","overlay-gradient":""},"mobile":{"background-color":"var(--ast-global-color-5)","background-image":"","background-repeat":"repeat","background-position":"center center","background-size":"auto","background-attachment":"scroll","background-type":"","background-media":"","overlay-type":"","overlay-color":"","overlay-opacity":"","overlay-gradient":""}}},"product_cat":[36,25,24],"product_tag":[47],"_links":{"self":[{"href":"https:\/\/vaejfit.com\/index.php\/wp-json\/wp\/v2\/product\/1762"}],"collection":[{"href":"https:\/\/vaejfit.com\/index.php\/wp-json\/wp\/v2\/product"}],"about":[{"href":"https:\/\/vaejfit.com\/index.php\/wp-json\/wp\/v2\/types\/product"}],"replies":[{"embeddable":true,"href":"https:\/\/vaejfit.com\/index.php\/wp-json\/wp\/v2\/comments?post=1762"}],"wp:featuredmedia":[{"embeddable":true,"href":"https:\/\/vaejfit.com\/index.php\/wp-json\/wp\/v2\/media\/1764"}],"wp:attachment":[{"href":"https:\/\/vaejfit.com\/index.php\/wp-json\/wp\/v2\/media?parent=1762"}],"wp:term":[{"taxonomy":"product_cat","embeddable":true,"href":"https:\/\/vaejfit.com\/index.php\/wp-json\/wp\/v2\/product_cat?post=1762"},{"taxonomy":"product_tag","embeddable":true,"href":"https:\/\/vaejfit.com\/index.php\/wp-json\/wp\/v2\/product_tag?post=1762"}],"curies":[{"name":"wp","href":"https:\/\/api.w.org\/{rel}","templated":true}]}}