{"id":1759,"date":"2023-08-19T20:56:39","date_gmt":"2023-08-19T20:56:39","guid":{"rendered":"https:\/\/vaejfit.com\/?post_type=product&#038;p=1759"},"modified":"2025-10-12T21:06:35","modified_gmt":"2025-10-12T21:06:35","slug":"myth-legendary-pre-entreno","status":"publish","type":"product","link":"https:\/\/vaejfit.com\/index.php\/product\/myth-legendary-pre-entreno\/","title":{"rendered":"MYTH Legendary Pre Entreno"},"content":{"rendered":"<p class=\"font-px text-left\"><strong>MYTH<\/strong>, es la m\u00e1s poderosa formulaci\u00f3n de bebida energ\u00e9tica pre-entreno desarrollada, con delicioso sabor a manzana verde y ligeramente gasificada.<\/p>\n<p class=\"font-px text-left\"><strong>MYTH<\/strong>\u00a0es la primera bebida de su tipo que contiene: Extracto de naranja amarga y Glicerol sustancia con numerosos beneficios para los deportistas y que por su propiedades f\u00edsicas es de dif\u00edcil manejo en productos en polvo.<\/p>\n<p><strong>MYTH<\/strong>\u00a0posee los ingredientes en las dosis recomendadas para lograr un m\u00e1ximo boom de energ\u00eda no comparado con bebida alguna.<\/p>\n<ul class=\"list-group list-group-flush my-4\">\n<li class=\"list-group-item\">Cero calor\u00edas \u2013 Cero az\u00facares<\/li>\n<li class=\"list-group-item\">No rompe el ayuno<\/li>\n<li class=\"list-group-item\">Glicerol 1500mg<\/li>\n<li class=\"list-group-item\">Citrulina 3000mg<\/li>\n<li class=\"list-group-item\">Sulfato de agmatina 1000mg<\/li>\n<li class=\"list-group-item\">Taurina 1000mg.<\/li>\n<li class=\"list-group-item\">Cafe\u00edna 80mg<\/li>\n<li class=\"list-group-item\">Extracto de naranja amarga 15mg<\/li>\n<li class=\"list-group-item\">Arginina 1000mg<\/li>\n<li class=\"list-group-item\">Beta-alanina 2000mg<\/li>\n<\/ul>\n<p><strong>El extracto de naranja amarga<\/strong>, tambi\u00e9n conocido como Citrus aurantium, se deriva de la piel de la naranja amarga. Estudios han demostrado que ayuda a aumentar el metabolismo y la quema de grasas al actuar como un estimulante del sistema nervioso central. El extracto contiene un compuesto llamado\u00a0<strong>sinefrina<\/strong>, que es un agonista adren\u00e9rgico que puede estimular la liberaci\u00f3n de noradrenalina y aumentar el gasto energ\u00e9tico.<\/p>\n<p><strong>La beta-alanina<\/strong>\u00a0es un amino\u00e1cido no esencial que cuando se consume, se convierte en carnosina, un dip\u00e9ptido que se encuentra en grandes cantidades en los m\u00fasculos. La carnosina es capaz de tamponar el \u00e1cido l\u00e1ctico que se produce durante el ejercicio intenso, lo que ayuda a retrasar la fatiga muscular y mejorar el rendimiento f\u00edsico.<\/p>\n<p><strong>El sulfato de agmatina<\/strong>\u00a0es un compuesto derivado de la agmatina, que es un producto metab\u00f3lico de la arginina. Estudios han demostrado que el sulfato de agmatina puede aumentar la producci\u00f3n de \u00f3xido n\u00edtrico en el cuerpo, lo que a su vez puede mejorar el flujo sangu\u00edneo y la entrega de nutrientes y ox\u00edgeno a los m\u00fasculos .El sulfato de agmatina puede ser \u00fatil para mejorar el rendimiento atl\u00e9tico, aumentar la resistencia muscular y reducir la fatiga.<\/p>\n<p><strong>La citrulina<\/strong>\u00a0es un amino\u00e1cido no esencial que se encuentra naturalmente en el cuerpo humano y tambi\u00e9n se puede obtener a trav\u00e9s de la dieta, especialmente en alimentos como sand\u00eda, pepino y calabaza.<br \/>\nCuando se consume\u00a0<strong>citrulina\u00a0<\/strong>, se convierte en\u00a0<strong>arginina<\/strong>\u00a0, otro amino\u00e1cido que es un precursor\u00a0<strong>del \u00f3xido n\u00edtrico<\/strong>. El \u00f3xido n\u00edtrico es un\u00a0<strong>vasodilatador<\/strong>, lo que significa que ayuda a ensanchar los vasos sangu\u00edneos y\u00a0<strong>mejorar el flujo sangu\u00edneo en el cuerpo<\/strong>.<br \/>\nEstudios han demostrado que la suplementaci\u00f3n con\u00a0<strong>citrulina\u00a0<\/strong>puede mejorar la resistencia y reducir la fatiga muscular durante el ejercicio intenso, posiblemente a trav\u00e9s del aumento del flujo sangu\u00edneo y la entrega de nutrientes y ox\u00edgeno a los m\u00fasculos.<\/p>\n<p><strong>La arginina<\/strong>\u00a0es un amino\u00e1cido semi-esencial que es precursor del\u00a0<strong>\u00f3xido n\u00edtrico<\/strong>, un gas que se produce en el cuerpo y que tiene efectos vasodilatadores, es decir, ayuda a ensanchar los vasos sangu\u00edneos y mejorar el flujo sangu\u00edneo. Como resultado, la suplementaci\u00f3n con arginina puede\u00a0<strong>aumentar el flujo sangu\u00edneo a los m\u00fasculos<\/strong>\u00a0durante el ejercicio y, por lo tanto, mejorar el rendimiento f\u00edsico.<\/p>\n<p><strong>El glicerol<\/strong>\u00a0es un compuesto org\u00e1nico que se encuentra naturalmente en el cuerpo humano. Se ha investigado el uso de glicerol como un agente hidratante para mejorar la capacidad del cuerpo para retener l\u00edquidos y\u00a0<strong>mantener un estado de hidrataci\u00f3n<\/strong>\u00a0adecuado durante el ejercicio intenso.<br \/>\nLa suplementaci\u00f3n con glicerol se ha demostrado que\u00a0<strong>aumenta el volumen plasm\u00e1tico y la hidrataci\u00f3n<\/strong>, lo que puede reducir la frecuencia card\u00edaca, disminuir la temperatura central del cuerpo y retrasar la fatiga.<br \/>\nAdem\u00e1s,\u00a0<strong>el glicerol<\/strong>\u00a0tambi\u00e9n puede tener efectos ergog\u00e9nicos, es decir, puede\u00a0<strong>mejorar el rendimiento f\u00edsico<\/strong>. Se cree que esto puede deberse a la capacidad del glicerol para mejorar la hidrataci\u00f3n, lo que a su vez puede mejorar la resistencia y la capacidad de trabajo.<\/p>\n<p><strong>La cafe\u00edna<\/strong>\u00a0ha demostrado mejorar la resistencia aer\u00f3bica, la fuerza muscular y la potencia. Esto se debe a que la cafe\u00edna puede aumentar la capacidad del cuerpo para utilizar la grasa como combustible durante el ejercicio, lo que puede retrasar la fatiga y mejorar el rendimiento. Tambi\u00e9n se ha demostrado que la cafe\u00edna mejora la concentraci\u00f3n y el estado de alerta mental, lo que puede ser beneficioso para el rendimiento en deportes que requieren habilidades cognitivas.<\/p>\n<p><strong>La taurina\u00a0<\/strong>es un amino\u00e1cido que se ha demostrado que mejora la resistencia muscular, la funci\u00f3n cardiovascular y reducir la fatiga.<\/p>\n<p>Es un ingrediente que tiene el\u00a0<strong>Myth<\/strong>\u00a0que nos va a dar saciedad y es un problema muy com\u00fan en el d\u00e9ficit cal\u00f3rico, en la b\u00fasqueda de reducir esos porcentajes de grasa y es controlar nuestro apetito.<\/p>\n","protected":false},"excerpt":{"rendered":"<p>MYTH, es la m\u00e1s poderosa formulaci\u00f3n de bebida energ\u00e9tica pre-entreno desarrollada, con delicioso sabor a manzana verde y ligeramente gasificada. MYTH\u00a0es la primera bebida de su tipo que contiene: Extracto de naranja amarga y Glicerol sustancia con numerosos beneficios para los deportistas y que por su propiedades f\u00edsicas es de dif\u00edcil manejo en productos en [&hellip;]<\/p>\n","protected":false},"featured_media":1761,"comment_status":"open","ping_status":"closed","template":"","meta":{"site-sidebar-layout":"default","site-content-layout":"","ast-site-content-layout":"default","site-content-style":"default","site-sidebar-style":"default","ast-global-header-display":"","ast-banner-title-visibility":"","ast-main-header-display":"","ast-hfb-above-header-display":"","ast-hfb-below-header-display":"","ast-hfb-mobile-header-display":"","site-post-title":"","ast-breadcrumbs-content":"","ast-featured-img":"","footer-sml-layout":"","ast-disable-related-posts":"","theme-transparent-header-meta":"default","adv-header-id-meta":"","stick-header-meta":"","header-above-stick-meta":"","header-main-stick-meta":"","header-below-stick-meta":"","astra-migrate-meta-layouts":"set","ast-page-background-enabled":"default","ast-page-background-meta":{"desktop":{"background-color":"var(--ast-global-color-4)","background-image":"","background-repeat":"repeat","background-position":"center center","background-size":"auto","background-attachment":"scroll","background-type":"","background-media":"","overlay-type":"","overlay-color":"","overlay-opacity":"","overlay-gradient":""},"tablet":{"background-color":"","background-image":"","background-repeat":"repeat","background-position":"center center","background-size":"auto","background-attachment":"scroll","background-type":"","background-media":"","overlay-type":"","overlay-color":"","overlay-opacity":"","overlay-gradient":""},"mobile":{"background-color":"","background-image":"","background-repeat":"repeat","background-position":"center center","background-size":"auto","background-attachment":"scroll","background-type":"","background-media":"","overlay-type":"","overlay-color":"","overlay-opacity":"","overlay-gradient":""}},"ast-content-background-meta":{"desktop":{"background-color":"var(--ast-global-color-5)","background-image":"","background-repeat":"repeat","background-position":"center center","background-size":"auto","background-attachment":"scroll","background-type":"","background-media":"","overlay-type":"","overlay-color":"","overlay-opacity":"","overlay-gradient":""},"tablet":{"background-color":"var(--ast-global-color-5)","background-image":"","background-repeat":"repeat","background-position":"center center","background-size":"auto","background-attachment":"scroll","background-type":"","background-media":"","overlay-type":"","overlay-color":"","overlay-opacity":"","overlay-gradient":""},"mobile":{"background-color":"var(--ast-global-color-5)","background-image":"","background-repeat":"repeat","background-position":"center center","background-size":"auto","background-attachment":"scroll","background-type":"","background-media":"","overlay-type":"","overlay-color":"","overlay-opacity":"","overlay-gradient":""}}},"product_cat":[36,25],"product_tag":[47],"_links":{"self":[{"href":"https:\/\/vaejfit.com\/index.php\/wp-json\/wp\/v2\/product\/1759"}],"collection":[{"href":"https:\/\/vaejfit.com\/index.php\/wp-json\/wp\/v2\/product"}],"about":[{"href":"https:\/\/vaejfit.com\/index.php\/wp-json\/wp\/v2\/types\/product"}],"replies":[{"embeddable":true,"href":"https:\/\/vaejfit.com\/index.php\/wp-json\/wp\/v2\/comments?post=1759"}],"wp:featuredmedia":[{"embeddable":true,"href":"https:\/\/vaejfit.com\/index.php\/wp-json\/wp\/v2\/media\/1761"}],"wp:attachment":[{"href":"https:\/\/vaejfit.com\/index.php\/wp-json\/wp\/v2\/media?parent=1759"}],"wp:term":[{"taxonomy":"product_cat","embeddable":true,"href":"https:\/\/vaejfit.com\/index.php\/wp-json\/wp\/v2\/product_cat?post=1759"},{"taxonomy":"product_tag","embeddable":true,"href":"https:\/\/vaejfit.com\/index.php\/wp-json\/wp\/v2\/product_tag?post=1759"}],"curies":[{"name":"wp","href":"https:\/\/api.w.org\/{rel}","templated":true}]}}