{"id":1754,"date":"2023-08-19T20:50:14","date_gmt":"2023-08-19T20:50:14","guid":{"rendered":"https:\/\/vaejfit.com\/?post_type=product&#038;p=1754"},"modified":"2023-08-23T00:01:21","modified_gmt":"2023-08-23T00:01:21","slug":"crea-stack","status":"publish","type":"product","link":"https:\/\/vaejfit.com\/index.php\/product\/crea-stack\/","title":{"rendered":"CREA STACK"},"content":{"rendered":"<div class=\"mb-3\">\n<div class=\"font-px\">\n<p><strong>Crea Stack<\/strong>\u00a0es la \u00faltima generaci\u00f3n en suplementos con Creatina. Su f\u00f3rmula \u00fanica en el mercado incluye HMB, as\u00ed como \u00e1cido alfa lipoico y sulfato de vanadio en las cantidades \u00f3ptimas, obteniendo una sinergia ideal para que alcances los objetivos planteados con mayor facilidad.<\/p>\n<p>Numerosas investigaciones han demostrado los beneficios de combinar creatina con \u00e1cido alfa lipoico, el cual incrementa los efectos de la misma as\u00ed como sus niveles en el cuerpo.<\/p>\n<p>La creatina monohidrato es la fuente m\u00e1s concentrada de creatina que existe en el mercado (88% de concentraci\u00f3n) y es tambi\u00e9n la creatina con m\u00e1s estudios y mejores resultados obtenidos en ellos.<\/p>\n<p>El HMB contenido en Crea Stack (1g por porci\u00f3n), es el 100% de la dosis recomendada de HMB por ingesta y es otro de los ingredientes aprobados y con mayor cantidad de estudios sobre sus efectos en la masa muscular.<\/p>\n<ul class=\"list-group list-group-flush my-4\">\n<li class=\"list-group-item\"><img decoding=\"async\" src=\"https:\/\/nutramerican.com\/img\/saborcreastack.webp\" alt=\"Sabor a uva\" width=\"84\" height=\"56\" \/>DeliciosoSabor a frutos rojos<\/li>\n<\/ul>\n<\/div>\n<\/div>\n","protected":false},"excerpt":{"rendered":"<p>Crea Stack\u00a0es la \u00faltima generaci\u00f3n en suplementos con Creatina. Su f\u00f3rmula \u00fanica en el mercado incluye HMB, as\u00ed como \u00e1cido alfa lipoico y sulfato de vanadio en las cantidades \u00f3ptimas, obteniendo una sinergia ideal para que alcances los objetivos planteados con mayor facilidad. Numerosas investigaciones han demostrado los beneficios de combinar creatina con \u00e1cido alfa [&hellip;]<\/p>\n","protected":false},"featured_media":1755,"comment_status":"open","ping_status":"closed","template":"","meta":{"site-sidebar-layout":"default","site-content-layout":"","ast-site-content-layout":"default","site-content-style":"default","site-sidebar-style":"default","ast-global-header-display":"","ast-banner-title-visibility":"","ast-main-header-display":"","ast-hfb-above-header-display":"","ast-hfb-below-header-display":"","ast-hfb-mobile-header-display":"","site-post-title":"","ast-breadcrumbs-content":"","ast-featured-img":"","footer-sml-layout":"","ast-disable-related-posts":"","theme-transparent-header-meta":"default","adv-header-id-meta":"","stick-header-meta":"","header-above-stick-meta":"","header-main-stick-meta":"","header-below-stick-meta":"","astra-migrate-meta-layouts":"set","ast-page-background-enabled":"default","ast-page-background-meta":{"desktop":{"background-color":"var(--ast-global-color-4)","background-image":"","background-repeat":"repeat","background-position":"center center","background-size":"auto","background-attachment":"scroll","background-type":"","background-media":"","overlay-type":"","overlay-color":"","overlay-opacity":"","overlay-gradient":""},"tablet":{"background-color":"","background-image":"","background-repeat":"repeat","background-position":"center center","background-size":"auto","background-attachment":"scroll","background-type":"","background-media":"","overlay-type":"","overlay-color":"","overlay-opacity":"","overlay-gradient":""},"mobile":{"background-color":"","background-image":"","background-repeat":"repeat","background-position":"center center","background-size":"auto","background-attachment":"scroll","background-type":"","background-media":"","overlay-type":"","overlay-color":"","overlay-opacity":"","overlay-gradient":""}},"ast-content-background-meta":{"desktop":{"background-color":"var(--ast-global-color-5)","background-image":"","background-repeat":"repeat","background-position":"center center","background-size":"auto","background-attachment":"scroll","background-type":"","background-media":"","overlay-type":"","overlay-color":"","overlay-opacity":"","overlay-gradient":""},"tablet":{"background-color":"var(--ast-global-color-5)","background-image":"","background-repeat":"repeat","background-position":"center center","background-size":"auto","background-attachment":"scroll","background-type":"","background-media":"","overlay-type":"","overlay-color":"","overlay-opacity":"","overlay-gradient":""},"mobile":{"background-color":"var(--ast-global-color-5)","background-image":"","background-repeat":"repeat","background-position":"center center","background-size":"auto","background-attachment":"scroll","background-type":"","background-media":"","overlay-type":"","overlay-color":"","overlay-opacity":"","overlay-gradient":""}}},"product_cat":[22,36],"product_tag":[47],"_links":{"self":[{"href":"https:\/\/vaejfit.com\/index.php\/wp-json\/wp\/v2\/product\/1754"}],"collection":[{"href":"https:\/\/vaejfit.com\/index.php\/wp-json\/wp\/v2\/product"}],"about":[{"href":"https:\/\/vaejfit.com\/index.php\/wp-json\/wp\/v2\/types\/product"}],"replies":[{"embeddable":true,"href":"https:\/\/vaejfit.com\/index.php\/wp-json\/wp\/v2\/comments?post=1754"}],"wp:featuredmedia":[{"embeddable":true,"href":"https:\/\/vaejfit.com\/index.php\/wp-json\/wp\/v2\/media\/1755"}],"wp:attachment":[{"href":"https:\/\/vaejfit.com\/index.php\/wp-json\/wp\/v2\/media?parent=1754"}],"wp:term":[{"taxonomy":"product_cat","embeddable":true,"href":"https:\/\/vaejfit.com\/index.php\/wp-json\/wp\/v2\/product_cat?post=1754"},{"taxonomy":"product_tag","embeddable":true,"href":"https:\/\/vaejfit.com\/index.php\/wp-json\/wp\/v2\/product_tag?post=1754"}],"curies":[{"name":"wp","href":"https:\/\/api.w.org\/{rel}","templated":true}]}}