{"id":1744,"date":"2023-08-19T20:44:16","date_gmt":"2023-08-19T20:44:16","guid":{"rendered":"https:\/\/vaejfit.com\/?post_type=product&#038;p=1744"},"modified":"2023-08-23T00:01:22","modified_gmt":"2023-08-23T00:01:22","slug":"mega-lite-zero","status":"publish","type":"product","link":"https:\/\/vaejfit.com\/index.php\/product\/mega-lite-zero\/","title":{"rendered":"MEGA LITE ZERO%"},"content":{"rendered":"<div class=\"mb-3\">\n<div class=\"font-px\">\n<p><strong>Megalite Zero<\/strong>, combina en su f\u00f3rmula por toma, el 50% de la recomendaci\u00f3n diaria de prote\u00edna, obtenida de tres fuentes, con diferentes velocidades de absorci\u00f3n, buscando as\u00ed lograr un mayor tiempo de saciedad. Contiene en su f\u00f3rmula 1.000 mg L-Carnitina y 400 mcg Picolinato, aporta 20 gramos de prote\u00edna por servicio.<\/p>\n<ul class=\"list-group list-group-flush my-4\">\n<li class=\"list-group-item\">Registro Invima\u00a0<strong>RSA-0007429-2019<\/strong>.<\/li>\n<li class=\"list-group-item\">Prote\u00edna en polvo.<\/li>\n<li class=\"list-group-item\">1000mg L-Carnitina<\/li>\n<li class=\"list-group-item\">400mcg Picolinato de cromo.<\/li>\n<li class=\"list-group-item\">2000mg Fibra dietaria.<\/li>\n<li class=\"list-group-item\">20g de prote\u00edna por porci\u00f3n.<\/li>\n<li class=\"list-group-item\">150 calor\u00edas.<\/li>\n<\/ul>\n<\/div>\n<\/div>\n<div class=\"presentaciones mt-3\"><\/div>\n","protected":false},"excerpt":{"rendered":"<p>Megalite Zero, combina en su f\u00f3rmula por toma, el 50% de la recomendaci\u00f3n diaria de prote\u00edna, obtenida de tres fuentes, con diferentes velocidades de absorci\u00f3n, buscando as\u00ed lograr un mayor tiempo de saciedad. Contiene en su f\u00f3rmula 1.000 mg L-Carnitina y 400 mcg Picolinato, aporta 20 gramos de prote\u00edna por servicio. Registro Invima\u00a0RSA-0007429-2019. Prote\u00edna en [&hellip;]<\/p>\n","protected":false},"featured_media":1745,"comment_status":"open","ping_status":"closed","template":"","meta":{"site-sidebar-layout":"default","site-content-layout":"","ast-site-content-layout":"default","site-content-style":"default","site-sidebar-style":"default","ast-global-header-display":"","ast-banner-title-visibility":"","ast-main-header-display":"","ast-hfb-above-header-display":"","ast-hfb-below-header-display":"","ast-hfb-mobile-header-display":"","site-post-title":"","ast-breadcrumbs-content":"","ast-featured-img":"","footer-sml-layout":"","ast-disable-related-posts":"","theme-transparent-header-meta":"default","adv-header-id-meta":"","stick-header-meta":"","header-above-stick-meta":"","header-main-stick-meta":"","header-below-stick-meta":"","astra-migrate-meta-layouts":"set","ast-page-background-enabled":"default","ast-page-background-meta":{"desktop":{"background-color":"var(--ast-global-color-4)","background-image":"","background-repeat":"repeat","background-position":"center center","background-size":"auto","background-attachment":"scroll","background-type":"","background-media":"","overlay-type":"","overlay-color":"","overlay-opacity":"","overlay-gradient":""},"tablet":{"background-color":"","background-image":"","background-repeat":"repeat","background-position":"center center","background-size":"auto","background-attachment":"scroll","background-type":"","background-media":"","overlay-type":"","overlay-color":"","overlay-opacity":"","overlay-gradient":""},"mobile":{"background-color":"","background-image":"","background-repeat":"repeat","background-position":"center center","background-size":"auto","background-attachment":"scroll","background-type":"","background-media":"","overlay-type":"","overlay-color":"","overlay-opacity":"","overlay-gradient":""}},"ast-content-background-meta":{"desktop":{"background-color":"var(--ast-global-color-5)","background-image":"","background-repeat":"repeat","background-position":"center center","background-size":"auto","background-attachment":"scroll","background-type":"","background-media":"","overlay-type":"","overlay-color":"","overlay-opacity":"","overlay-gradient":""},"tablet":{"background-color":"var(--ast-global-color-5)","background-image":"","background-repeat":"repeat","background-position":"center center","background-size":"auto","background-attachment":"scroll","background-type":"","background-media":"","overlay-type":"","overlay-color":"","overlay-opacity":"","overlay-gradient":""},"mobile":{"background-color":"var(--ast-global-color-5)","background-image":"","background-repeat":"repeat","background-position":"center center","background-size":"auto","background-attachment":"scroll","background-type":"","background-media":"","overlay-type":"","overlay-color":"","overlay-opacity":"","overlay-gradient":""}}},"product_cat":[36,21],"product_tag":[47],"_links":{"self":[{"href":"https:\/\/vaejfit.com\/index.php\/wp-json\/wp\/v2\/product\/1744"}],"collection":[{"href":"https:\/\/vaejfit.com\/index.php\/wp-json\/wp\/v2\/product"}],"about":[{"href":"https:\/\/vaejfit.com\/index.php\/wp-json\/wp\/v2\/types\/product"}],"replies":[{"embeddable":true,"href":"https:\/\/vaejfit.com\/index.php\/wp-json\/wp\/v2\/comments?post=1744"}],"wp:featuredmedia":[{"embeddable":true,"href":"https:\/\/vaejfit.com\/index.php\/wp-json\/wp\/v2\/media\/1745"}],"wp:attachment":[{"href":"https:\/\/vaejfit.com\/index.php\/wp-json\/wp\/v2\/media?parent=1744"}],"wp:term":[{"taxonomy":"product_cat","embeddable":true,"href":"https:\/\/vaejfit.com\/index.php\/wp-json\/wp\/v2\/product_cat?post=1744"},{"taxonomy":"product_tag","embeddable":true,"href":"https:\/\/vaejfit.com\/index.php\/wp-json\/wp\/v2\/product_tag?post=1744"}],"curies":[{"name":"wp","href":"https:\/\/api.w.org\/{rel}","templated":true}]}}