{"id":1730,"date":"2023-08-19T20:35:21","date_gmt":"2023-08-19T20:35:21","guid":{"rendered":"https:\/\/vaejfit.com\/?post_type=product&#038;p=1730"},"modified":"2023-08-23T00:01:22","modified_gmt":"2023-08-23T00:01:22","slug":"protein-cake-vainilla-700gr","status":"publish","type":"product","link":"https:\/\/vaejfit.com\/index.php\/product\/protein-cake-vainilla-700gr\/","title":{"rendered":"PROTEIN CAKE VAINILLA 700gr"},"content":{"rendered":"<p><strong>Protein Cake<\/strong>\u00a0es una mezcla para preparar una deliciosa torta rica en prote\u00ednas de suero l\u00e1cteo, ideal para personas que desean tener una buena nutrici\u00f3n basada en un consumo apropiado de nutrientes; as\u00ed como para deportistas o atletas, que deseen incrementar su ingesta proteica, todo gracias a su avanzada y deliciosa f\u00f3rmula.<\/p>\n<ul class=\"list-group list-group-flush my-4\">\n<li class=\"list-group-item\">Registro Invima\u00a0<strong>RSA-0007766-2019<\/strong>.<\/li>\n<li class=\"list-group-item\">Mezcla para preparar torta de prote\u00edna en polvo<\/li>\n<li class=\"list-group-item\">20 g de prote\u00edna por porci\u00f3n.<\/li>\n<li class=\"list-group-item\">10 porciones por contenedor<\/li>\n<li class=\"list-group-item\">Contiene gluten.<\/li>\n<li class=\"list-group-item\">278 calor\u00edas.<\/li>\n<\/ul>\n","protected":false},"excerpt":{"rendered":"<p>Protein Cake\u00a0es una mezcla para preparar una deliciosa torta rica en prote\u00ednas de suero l\u00e1cteo, ideal para personas que desean tener una buena nutrici\u00f3n basada en un consumo apropiado de nutrientes; as\u00ed como para deportistas o atletas, que deseen incrementar su ingesta proteica, todo gracias a su avanzada y deliciosa f\u00f3rmula. Registro Invima\u00a0RSA-0007766-2019. Mezcla para [&hellip;]<\/p>\n","protected":false},"featured_media":1733,"comment_status":"open","ping_status":"closed","template":"","meta":{"site-sidebar-layout":"default","site-content-layout":"","ast-site-content-layout":"default","site-content-style":"default","site-sidebar-style":"default","ast-global-header-display":"","ast-banner-title-visibility":"","ast-main-header-display":"","ast-hfb-above-header-display":"","ast-hfb-below-header-display":"","ast-hfb-mobile-header-display":"","site-post-title":"","ast-breadcrumbs-content":"","ast-featured-img":"","footer-sml-layout":"","ast-disable-related-posts":"","theme-transparent-header-meta":"default","adv-header-id-meta":"","stick-header-meta":"","header-above-stick-meta":"","header-main-stick-meta":"","header-below-stick-meta":"","astra-migrate-meta-layouts":"set","ast-page-background-enabled":"default","ast-page-background-meta":{"desktop":{"background-color":"var(--ast-global-color-4)","background-image":"","background-repeat":"repeat","background-position":"center center","background-size":"auto","background-attachment":"scroll","background-type":"","background-media":"","overlay-type":"","overlay-color":"","overlay-opacity":"","overlay-gradient":""},"tablet":{"background-color":"","background-image":"","background-repeat":"repeat","background-position":"center center","background-size":"auto","background-attachment":"scroll","background-type":"","background-media":"","overlay-type":"","overlay-color":"","overlay-opacity":"","overlay-gradient":""},"mobile":{"background-color":"","background-image":"","background-repeat":"repeat","background-position":"center center","background-size":"auto","background-attachment":"scroll","background-type":"","background-media":"","overlay-type":"","overlay-color":"","overlay-opacity":"","overlay-gradient":""}},"ast-content-background-meta":{"desktop":{"background-color":"var(--ast-global-color-5)","background-image":"","background-repeat":"repeat","background-position":"center center","background-size":"auto","background-attachment":"scroll","background-type":"","background-media":"","overlay-type":"","overlay-color":"","overlay-opacity":"","overlay-gradient":""},"tablet":{"background-color":"var(--ast-global-color-5)","background-image":"","background-repeat":"repeat","background-position":"center center","background-size":"auto","background-attachment":"scroll","background-type":"","background-media":"","overlay-type":"","overlay-color":"","overlay-opacity":"","overlay-gradient":""},"mobile":{"background-color":"var(--ast-global-color-5)","background-image":"","background-repeat":"repeat","background-position":"center center","background-size":"auto","background-attachment":"scroll","background-type":"","background-media":"","overlay-type":"","overlay-color":"","overlay-opacity":"","overlay-gradient":""}}},"product_cat":[36,21],"product_tag":[47],"_links":{"self":[{"href":"https:\/\/vaejfit.com\/index.php\/wp-json\/wp\/v2\/product\/1730"}],"collection":[{"href":"https:\/\/vaejfit.com\/index.php\/wp-json\/wp\/v2\/product"}],"about":[{"href":"https:\/\/vaejfit.com\/index.php\/wp-json\/wp\/v2\/types\/product"}],"replies":[{"embeddable":true,"href":"https:\/\/vaejfit.com\/index.php\/wp-json\/wp\/v2\/comments?post=1730"}],"wp:featuredmedia":[{"embeddable":true,"href":"https:\/\/vaejfit.com\/index.php\/wp-json\/wp\/v2\/media\/1733"}],"wp:attachment":[{"href":"https:\/\/vaejfit.com\/index.php\/wp-json\/wp\/v2\/media?parent=1730"}],"wp:term":[{"taxonomy":"product_cat","embeddable":true,"href":"https:\/\/vaejfit.com\/index.php\/wp-json\/wp\/v2\/product_cat?post=1730"},{"taxonomy":"product_tag","embeddable":true,"href":"https:\/\/vaejfit.com\/index.php\/wp-json\/wp\/v2\/product_tag?post=1730"}],"curies":[{"name":"wp","href":"https:\/\/api.w.org\/{rel}","templated":true}]}}