{"id":1691,"date":"2023-08-18T00:31:31","date_gmt":"2023-08-18T00:31:31","guid":{"rendered":"https:\/\/vaejfit.com\/?post_type=product&#038;p=1691"},"modified":"2023-08-23T00:01:22","modified_gmt":"2023-08-23T00:01:22","slug":"energy-x","status":"publish","type":"product","link":"https:\/\/vaejfit.com\/index.php\/product\/energy-x\/","title":{"rendered":"Energy X"},"content":{"rendered":"<p><strong>Energy X<\/strong>, es la f\u00f3rmula en polvo perfecta que hidrata y brinda energ\u00eda al mismo tiempo, esto gracias a su incre\u00edble combinaci\u00f3n de Taurina, Cafe\u00edna y Niacina debidamente balanceados, lo cual permite que en su actividad diaria este siempre activo,\u00a0<strong>Energy X<\/strong>\u00a0cuenta con un delicioso sabor a frutos rojos y cuenta con una presentaci\u00f3n de 25 sobres por termo.<\/p>\n<ul class=\"list-group list-group-flush my-4\">\n<li class=\"list-group-item\">Registro Invima\u00a0<strong>RSA-004802-2017<\/strong>.<\/li>\n<li class=\"list-group-item\">Mezcla para preparar bebida energizante en polvo 125 g.<\/li>\n<li class=\"list-group-item\">Niacina.<\/li>\n<li class=\"list-group-item\">Taurina.<\/li>\n<li class=\"list-group-item\">Cafe\u00edna.<\/li>\n<li class=\"list-group-item\">8 Calor\u00edas.<\/li>\n<\/ul>\n","protected":false},"excerpt":{"rendered":"<p>Energy X, es la f\u00f3rmula en polvo perfecta que hidrata y brinda energ\u00eda al mismo tiempo, esto gracias a su incre\u00edble combinaci\u00f3n de Taurina, Cafe\u00edna y Niacina debidamente balanceados, lo cual permite que en su actividad diaria este siempre activo,\u00a0Energy X\u00a0cuenta con un delicioso sabor a frutos rojos y cuenta con una presentaci\u00f3n de 25 [&hellip;]<\/p>\n","protected":false},"featured_media":1693,"comment_status":"open","ping_status":"closed","template":"","meta":{"site-sidebar-layout":"default","site-content-layout":"","ast-site-content-layout":"default","site-content-style":"default","site-sidebar-style":"default","ast-global-header-display":"","ast-banner-title-visibility":"","ast-main-header-display":"","ast-hfb-above-header-display":"","ast-hfb-below-header-display":"","ast-hfb-mobile-header-display":"","site-post-title":"","ast-breadcrumbs-content":"","ast-featured-img":"","footer-sml-layout":"","ast-disable-related-posts":"","theme-transparent-header-meta":"default","adv-header-id-meta":"","stick-header-meta":"","header-above-stick-meta":"","header-main-stick-meta":"","header-below-stick-meta":"","astra-migrate-meta-layouts":"set","ast-page-background-enabled":"default","ast-page-background-meta":{"desktop":{"background-color":"var(--ast-global-color-4)","background-image":"","background-repeat":"repeat","background-position":"center center","background-size":"auto","background-attachment":"scroll","background-type":"","background-media":"","overlay-type":"","overlay-color":"","overlay-opacity":"","overlay-gradient":""},"tablet":{"background-color":"","background-image":"","background-repeat":"repeat","background-position":"center center","background-size":"auto","background-attachment":"scroll","background-type":"","background-media":"","overlay-type":"","overlay-color":"","overlay-opacity":"","overlay-gradient":""},"mobile":{"background-color":"","background-image":"","background-repeat":"repeat","background-position":"center center","background-size":"auto","background-attachment":"scroll","background-type":"","background-media":"","overlay-type":"","overlay-color":"","overlay-opacity":"","overlay-gradient":""}},"ast-content-background-meta":{"desktop":{"background-color":"var(--ast-global-color-5)","background-image":"","background-repeat":"repeat","background-position":"center center","background-size":"auto","background-attachment":"scroll","background-type":"","background-media":"","overlay-type":"","overlay-color":"","overlay-opacity":"","overlay-gradient":""},"tablet":{"background-color":"var(--ast-global-color-5)","background-image":"","background-repeat":"repeat","background-position":"center center","background-size":"auto","background-attachment":"scroll","background-type":"","background-media":"","overlay-type":"","overlay-color":"","overlay-opacity":"","overlay-gradient":""},"mobile":{"background-color":"var(--ast-global-color-5)","background-image":"","background-repeat":"repeat","background-position":"center center","background-size":"auto","background-attachment":"scroll","background-type":"","background-media":"","overlay-type":"","overlay-color":"","overlay-opacity":"","overlay-gradient":""}}},"product_cat":[36,25],"product_tag":[47],"_links":{"self":[{"href":"https:\/\/vaejfit.com\/index.php\/wp-json\/wp\/v2\/product\/1691"}],"collection":[{"href":"https:\/\/vaejfit.com\/index.php\/wp-json\/wp\/v2\/product"}],"about":[{"href":"https:\/\/vaejfit.com\/index.php\/wp-json\/wp\/v2\/types\/product"}],"replies":[{"embeddable":true,"href":"https:\/\/vaejfit.com\/index.php\/wp-json\/wp\/v2\/comments?post=1691"}],"wp:featuredmedia":[{"embeddable":true,"href":"https:\/\/vaejfit.com\/index.php\/wp-json\/wp\/v2\/media\/1693"}],"wp:attachment":[{"href":"https:\/\/vaejfit.com\/index.php\/wp-json\/wp\/v2\/media?parent=1691"}],"wp:term":[{"taxonomy":"product_cat","embeddable":true,"href":"https:\/\/vaejfit.com\/index.php\/wp-json\/wp\/v2\/product_cat?post=1691"},{"taxonomy":"product_tag","embeddable":true,"href":"https:\/\/vaejfit.com\/index.php\/wp-json\/wp\/v2\/product_tag?post=1691"}],"curies":[{"name":"wp","href":"https:\/\/api.w.org\/{rel}","templated":true}]}}