{"id":1687,"date":"2023-08-18T00:27:04","date_gmt":"2023-08-18T00:27:04","guid":{"rendered":"https:\/\/vaejfit.com\/?post_type=product&#038;p=1687"},"modified":"2025-10-12T21:10:50","modified_gmt":"2025-10-12T21:10:50","slug":"bi-pro-classic-vainilla-2lb","status":"publish","type":"product","link":"https:\/\/vaejfit.com\/index.php\/product\/bi-pro-classic-vainilla-2lb\/","title":{"rendered":"Bi pro classic vainilla 2LB"},"content":{"rendered":"<p><strong>Bipro Classic\u00a0<\/strong>es una prote\u00edna de suero de alta pureza y concentraci\u00f3n, con m\u00ednimos niveles de grasa y lactosa.<\/p>\n<p><strong>Bipro Classic\u00a0<\/strong>es un m\u00f3dulo proteico versatil, que se adapta a tu plan nutricional. La prote\u00edna de suero posee bajo peso molecular y r\u00e1pida digesti\u00f3n, haciendola ideal para ser consumida inmediatamente despu\u00e9s de entrenar y asi logres tu objetivo deseado f\u00e1cilmente.<\/p>\n<p>La prote\u00edna de suero\u00a0<strong>es la mayor fuente natural<\/strong>\u00a0de amino\u00e1cidos de cadena ramificada y amino\u00e1cidos esenciales, haciendola una proteina ideal para deportistas o personas con altas necesidades proteicas.<\/p>\n<p><strong>Bipro<\/strong>\u00a0puede ser incluido en programas nutricionales con calor\u00edas controladas, obteniendo excelentes resultados, debido a que la prote\u00edna de suero posee el mayor valor biol\u00f3gico de todas las prote\u00ednas.<\/p>\n<p>La prote\u00edna de suero\u00a0<strong>tiene mayor valor nutricional<\/strong>\u00a0que el pollo, la carne o el pescado; pudiendo esta ser incluida en la nutrici\u00f3n de personas, que deseen tener una fuente alterna de prote\u00ednas o incrementar su ingesta proteica.<\/p>\n<ul class=\"list-group list-group-flush my-4\">\n<li class=\"list-group-item\">Registro Invima\u00a0<strong>RSA-0007428-2019<\/strong>.<\/li>\n<li class=\"list-group-item\">Prote\u00edna en polvo.<\/li>\n<li class=\"list-group-item\">21 g por porci\u00f3n.<\/li>\n<li class=\"list-group-item\">90 calor\u00edas.<\/li>\n<\/ul>\n","protected":false},"excerpt":{"rendered":"<p>Bipro Classic\u00a0es una prote\u00edna de suero de alta pureza y concentraci\u00f3n, con m\u00ednimos niveles de grasa y lactosa. Bipro Classic\u00a0es un m\u00f3dulo proteico versatil, que se adapta a tu plan nutricional. La prote\u00edna de suero posee bajo peso molecular y r\u00e1pida digesti\u00f3n, haciendola ideal para ser consumida inmediatamente despu\u00e9s de entrenar y asi logres tu [&hellip;]<\/p>\n","protected":false},"featured_media":1688,"comment_status":"open","ping_status":"closed","template":"","meta":{"site-sidebar-layout":"default","site-content-layout":"","ast-site-content-layout":"default","site-content-style":"default","site-sidebar-style":"default","ast-global-header-display":"","ast-banner-title-visibility":"","ast-main-header-display":"","ast-hfb-above-header-display":"","ast-hfb-below-header-display":"","ast-hfb-mobile-header-display":"","site-post-title":"","ast-breadcrumbs-content":"","ast-featured-img":"","footer-sml-layout":"","ast-disable-related-posts":"","theme-transparent-header-meta":"default","adv-header-id-meta":"","stick-header-meta":"","header-above-stick-meta":"","header-main-stick-meta":"","header-below-stick-meta":"","astra-migrate-meta-layouts":"set","ast-page-background-enabled":"default","ast-page-background-meta":{"desktop":{"background-color":"var(--ast-global-color-4)","background-image":"","background-repeat":"repeat","background-position":"center center","background-size":"auto","background-attachment":"scroll","background-type":"","background-media":"","overlay-type":"","overlay-color":"","overlay-opacity":"","overlay-gradient":""},"tablet":{"background-color":"","background-image":"","background-repeat":"repeat","background-position":"center center","background-size":"auto","background-attachment":"scroll","background-type":"","background-media":"","overlay-type":"","overlay-color":"","overlay-opacity":"","overlay-gradient":""},"mobile":{"background-color":"","background-image":"","background-repeat":"repeat","background-position":"center center","background-size":"auto","background-attachment":"scroll","background-type":"","background-media":"","overlay-type":"","overlay-color":"","overlay-opacity":"","overlay-gradient":""}},"ast-content-background-meta":{"desktop":{"background-color":"var(--ast-global-color-5)","background-image":"","background-repeat":"repeat","background-position":"center center","background-size":"auto","background-attachment":"scroll","background-type":"","background-media":"","overlay-type":"","overlay-color":"","overlay-opacity":"","overlay-gradient":""},"tablet":{"background-color":"var(--ast-global-color-5)","background-image":"","background-repeat":"repeat","background-position":"center center","background-size":"auto","background-attachment":"scroll","background-type":"","background-media":"","overlay-type":"","overlay-color":"","overlay-opacity":"","overlay-gradient":""},"mobile":{"background-color":"var(--ast-global-color-5)","background-image":"","background-repeat":"repeat","background-position":"center center","background-size":"auto","background-attachment":"scroll","background-type":"","background-media":"","overlay-type":"","overlay-color":"","overlay-opacity":"","overlay-gradient":""}}},"product_cat":[36,21],"product_tag":[47],"_links":{"self":[{"href":"https:\/\/vaejfit.com\/index.php\/wp-json\/wp\/v2\/product\/1687"}],"collection":[{"href":"https:\/\/vaejfit.com\/index.php\/wp-json\/wp\/v2\/product"}],"about":[{"href":"https:\/\/vaejfit.com\/index.php\/wp-json\/wp\/v2\/types\/product"}],"replies":[{"embeddable":true,"href":"https:\/\/vaejfit.com\/index.php\/wp-json\/wp\/v2\/comments?post=1687"}],"wp:featuredmedia":[{"embeddable":true,"href":"https:\/\/vaejfit.com\/index.php\/wp-json\/wp\/v2\/media\/1688"}],"wp:attachment":[{"href":"https:\/\/vaejfit.com\/index.php\/wp-json\/wp\/v2\/media?parent=1687"}],"wp:term":[{"taxonomy":"product_cat","embeddable":true,"href":"https:\/\/vaejfit.com\/index.php\/wp-json\/wp\/v2\/product_cat?post=1687"},{"taxonomy":"product_tag","embeddable":true,"href":"https:\/\/vaejfit.com\/index.php\/wp-json\/wp\/v2\/product_tag?post=1687"}],"curies":[{"name":"wp","href":"https:\/\/api.w.org\/{rel}","templated":true}]}}