{"id":1683,"date":"2023-08-18T00:25:04","date_gmt":"2023-08-18T00:25:04","guid":{"rendered":"https:\/\/vaejfit.com\/?post_type=product&#038;p=1683"},"modified":"2025-10-12T21:10:57","modified_gmt":"2025-10-12T21:10:57","slug":"bi-rpo-lite-rosada-vainilla-2-4lb","status":"publish","type":"product","link":"https:\/\/vaejfit.com\/index.php\/product\/bi-rpo-lite-rosada-vainilla-2-4lb\/","title":{"rendered":"BI RPO LITE ROSADA VAINILLA 2.4LB"},"content":{"rendered":"<p>Las formas comprobadas para perder peso son: comer alimentos saludables, reducir las calor\u00edas y mantenerse f\u00edsicamente activo (fuente: FDA)<\/p>\n<p><strong>Bipro Lite<\/strong>\u00a0puede ser incluido como una comida del d\u00eda dentro de un plan nutricional con calor\u00edas controladas, obteniendo excelentes resultados, debido a su alto valor nutricional y su contenido de Picolinato de Cromo y L- Carnitina.<\/p>\n<p><strong>Bi-Pro Lite<\/strong>\u00a0es una f\u00f3rmula nutricional elaborada a base de prote\u00edna de suero y case\u00edna, prote\u00ednas l\u00e1cteas con excelentes perfiles nutricionales y diferentes velocidades de absorci\u00f3n, contiene en su f\u00f3rmula 1.000 mg L-Carnitina, 400 mcg Picolinato de cromo y 5000 mg de col\u00e1geno hidrolizado, en las proporciones adecuadas, aporta 26 gramos de prote\u00edna por servicio.<\/p>\n<p>Consulte a su medico nutricionista.<\/p>\n<ul class=\"list-group list-group-flush my-4\">\n<li class=\"list-group-item\">Registro Invima\u00a0<strong>RSA-0007429-2019<\/strong>.<\/li>\n<li class=\"list-group-item\">Prote\u00edna en polvo.<\/li>\n<li class=\"list-group-item\">Avena como \u00fanica fuente de carbohidratos.<\/li>\n<li class=\"list-group-item\">5g Col\u00e1geno hidrolizado.<\/li>\n<li class=\"list-group-item\">1000mg L-Carnitina.<\/li>\n<li class=\"list-group-item\">400mcg Picolinato de cromo.<\/li>\n<li class=\"list-group-item\">26g de prote\u00edna por servicio.<\/li>\n<\/ul>\n","protected":false},"excerpt":{"rendered":"<p>Las formas comprobadas para perder peso son: comer alimentos saludables, reducir las calor\u00edas y mantenerse f\u00edsicamente activo (fuente: FDA) Bipro Lite\u00a0puede ser incluido como una comida del d\u00eda dentro de un plan nutricional con calor\u00edas controladas, obteniendo excelentes resultados, debido a su alto valor nutricional y su contenido de Picolinato de Cromo y L- Carnitina. [&hellip;]<\/p>\n","protected":false},"featured_media":1684,"comment_status":"open","ping_status":"closed","template":"","meta":{"site-sidebar-layout":"default","site-content-layout":"","ast-site-content-layout":"default","site-content-style":"default","site-sidebar-style":"default","ast-global-header-display":"","ast-banner-title-visibility":"","ast-main-header-display":"","ast-hfb-above-header-display":"","ast-hfb-below-header-display":"","ast-hfb-mobile-header-display":"","site-post-title":"","ast-breadcrumbs-content":"","ast-featured-img":"","footer-sml-layout":"","ast-disable-related-posts":"","theme-transparent-header-meta":"default","adv-header-id-meta":"","stick-header-meta":"","header-above-stick-meta":"","header-main-stick-meta":"","header-below-stick-meta":"","astra-migrate-meta-layouts":"set","ast-page-background-enabled":"default","ast-page-background-meta":{"desktop":{"background-color":"var(--ast-global-color-4)","background-image":"","background-repeat":"repeat","background-position":"center center","background-size":"auto","background-attachment":"scroll","background-type":"","background-media":"","overlay-type":"","overlay-color":"","overlay-opacity":"","overlay-gradient":""},"tablet":{"background-color":"","background-image":"","background-repeat":"repeat","background-position":"center center","background-size":"auto","background-attachment":"scroll","background-type":"","background-media":"","overlay-type":"","overlay-color":"","overlay-opacity":"","overlay-gradient":""},"mobile":{"background-color":"","background-image":"","background-repeat":"repeat","background-position":"center center","background-size":"auto","background-attachment":"scroll","background-type":"","background-media":"","overlay-type":"","overlay-color":"","overlay-opacity":"","overlay-gradient":""}},"ast-content-background-meta":{"desktop":{"background-color":"var(--ast-global-color-5)","background-image":"","background-repeat":"repeat","background-position":"center center","background-size":"auto","background-attachment":"scroll","background-type":"","background-media":"","overlay-type":"","overlay-color":"","overlay-opacity":"","overlay-gradient":""},"tablet":{"background-color":"var(--ast-global-color-5)","background-image":"","background-repeat":"repeat","background-position":"center center","background-size":"auto","background-attachment":"scroll","background-type":"","background-media":"","overlay-type":"","overlay-color":"","overlay-opacity":"","overlay-gradient":""},"mobile":{"background-color":"var(--ast-global-color-5)","background-image":"","background-repeat":"repeat","background-position":"center center","background-size":"auto","background-attachment":"scroll","background-type":"","background-media":"","overlay-type":"","overlay-color":"","overlay-opacity":"","overlay-gradient":""}}},"product_cat":[36,21],"product_tag":[47],"_links":{"self":[{"href":"https:\/\/vaejfit.com\/index.php\/wp-json\/wp\/v2\/product\/1683"}],"collection":[{"href":"https:\/\/vaejfit.com\/index.php\/wp-json\/wp\/v2\/product"}],"about":[{"href":"https:\/\/vaejfit.com\/index.php\/wp-json\/wp\/v2\/types\/product"}],"replies":[{"embeddable":true,"href":"https:\/\/vaejfit.com\/index.php\/wp-json\/wp\/v2\/comments?post=1683"}],"wp:featuredmedia":[{"embeddable":true,"href":"https:\/\/vaejfit.com\/index.php\/wp-json\/wp\/v2\/media\/1684"}],"wp:attachment":[{"href":"https:\/\/vaejfit.com\/index.php\/wp-json\/wp\/v2\/media?parent=1683"}],"wp:term":[{"taxonomy":"product_cat","embeddable":true,"href":"https:\/\/vaejfit.com\/index.php\/wp-json\/wp\/v2\/product_cat?post=1683"},{"taxonomy":"product_tag","embeddable":true,"href":"https:\/\/vaejfit.com\/index.php\/wp-json\/wp\/v2\/product_tag?post=1683"}],"curies":[{"name":"wp","href":"https:\/\/api.w.org\/{rel}","templated":true}]}}