{"id":1680,"date":"2023-08-18T00:17:44","date_gmt":"2023-08-18T00:17:44","guid":{"rendered":"https:\/\/vaejfit.com\/?post_type=product&#038;p=1680"},"modified":"2025-10-12T21:11:24","modified_gmt":"2025-10-12T21:11:24","slug":"iso-clean-vainilla","status":"publish","type":"product","link":"https:\/\/vaejfit.com\/index.php\/product\/iso-clean-vainilla\/","title":{"rendered":"ISO CLEAN VAINILLA"},"content":{"rendered":"<p>Iso Clean es la \u00faltima tecnolog\u00eda en prote\u00ednas aisladas de suero adicionada con hidroxibetametilbutirato 1000 mg (HMB) y \u00e1cido linoleico conjugado 1000 mg (CLA) ideal para personas y atletas con altos requerimientos de prote\u00ednas y amino\u00e1cidos de la m\u00e1s alta calidad.<\/p>\n<ul class=\"list-group list-group-flush my-4\">\n<li class=\"list-group-item\">Registro Invima\u00a0<strong>RSA-0022166-2022<\/strong>.<\/li>\n<li class=\"list-group-item\">Prote\u00edna en polvo.<\/li>\n<li class=\"list-group-item\">20 g por porci\u00f3n.<\/li>\n<li class=\"list-group-item\">1000 mg CLA (\u00e1cido linoleico conjugado).<\/li>\n<li class=\"list-group-item\">1000 mg HMB (hidroximetilbutirato).<\/li>\n<li class=\"list-group-item\">Cero Az\u00facar a\u00f1adida.<\/li>\n<li class=\"list-group-item\">90 calor\u00edas.<\/li>\n<\/ul>\n","protected":false},"excerpt":{"rendered":"<p>Iso Clean es la \u00faltima tecnolog\u00eda en prote\u00ednas aisladas de suero adicionada con hidroxibetametilbutirato 1000 mg (HMB) y \u00e1cido linoleico conjugado 1000 mg (CLA) ideal para personas y atletas con altos requerimientos de prote\u00ednas y amino\u00e1cidos de la m\u00e1s alta calidad. Registro Invima\u00a0RSA-0022166-2022. Prote\u00edna en polvo. 20 g por porci\u00f3n. 1000 mg CLA (\u00e1cido linoleico [&hellip;]<\/p>\n","protected":false},"featured_media":1681,"comment_status":"open","ping_status":"closed","template":"","meta":{"site-sidebar-layout":"default","site-content-layout":"","ast-site-content-layout":"default","site-content-style":"default","site-sidebar-style":"default","ast-global-header-display":"","ast-banner-title-visibility":"","ast-main-header-display":"","ast-hfb-above-header-display":"","ast-hfb-below-header-display":"","ast-hfb-mobile-header-display":"","site-post-title":"","ast-breadcrumbs-content":"","ast-featured-img":"","footer-sml-layout":"","ast-disable-related-posts":"","theme-transparent-header-meta":"default","adv-header-id-meta":"","stick-header-meta":"","header-above-stick-meta":"","header-main-stick-meta":"","header-below-stick-meta":"","astra-migrate-meta-layouts":"set","ast-page-background-enabled":"default","ast-page-background-meta":{"desktop":{"background-color":"var(--ast-global-color-4)","background-image":"","background-repeat":"repeat","background-position":"center center","background-size":"auto","background-attachment":"scroll","background-type":"","background-media":"","overlay-type":"","overlay-color":"","overlay-opacity":"","overlay-gradient":""},"tablet":{"background-color":"","background-image":"","background-repeat":"repeat","background-position":"center center","background-size":"auto","background-attachment":"scroll","background-type":"","background-media":"","overlay-type":"","overlay-color":"","overlay-opacity":"","overlay-gradient":""},"mobile":{"background-color":"","background-image":"","background-repeat":"repeat","background-position":"center center","background-size":"auto","background-attachment":"scroll","background-type":"","background-media":"","overlay-type":"","overlay-color":"","overlay-opacity":"","overlay-gradient":""}},"ast-content-background-meta":{"desktop":{"background-color":"var(--ast-global-color-5)","background-image":"","background-repeat":"repeat","background-position":"center center","background-size":"auto","background-attachment":"scroll","background-type":"","background-media":"","overlay-type":"","overlay-color":"","overlay-opacity":"","overlay-gradient":""},"tablet":{"background-color":"var(--ast-global-color-5)","background-image":"","background-repeat":"repeat","background-position":"center center","background-size":"auto","background-attachment":"scroll","background-type":"","background-media":"","overlay-type":"","overlay-color":"","overlay-opacity":"","overlay-gradient":""},"mobile":{"background-color":"var(--ast-global-color-5)","background-image":"","background-repeat":"repeat","background-position":"center center","background-size":"auto","background-attachment":"scroll","background-type":"","background-media":"","overlay-type":"","overlay-color":"","overlay-opacity":"","overlay-gradient":""}}},"product_cat":[36,21],"product_tag":[47],"_links":{"self":[{"href":"https:\/\/vaejfit.com\/index.php\/wp-json\/wp\/v2\/product\/1680"}],"collection":[{"href":"https:\/\/vaejfit.com\/index.php\/wp-json\/wp\/v2\/product"}],"about":[{"href":"https:\/\/vaejfit.com\/index.php\/wp-json\/wp\/v2\/types\/product"}],"replies":[{"embeddable":true,"href":"https:\/\/vaejfit.com\/index.php\/wp-json\/wp\/v2\/comments?post=1680"}],"wp:featuredmedia":[{"embeddable":true,"href":"https:\/\/vaejfit.com\/index.php\/wp-json\/wp\/v2\/media\/1681"}],"wp:attachment":[{"href":"https:\/\/vaejfit.com\/index.php\/wp-json\/wp\/v2\/media?parent=1680"}],"wp:term":[{"taxonomy":"product_cat","embeddable":true,"href":"https:\/\/vaejfit.com\/index.php\/wp-json\/wp\/v2\/product_cat?post=1680"},{"taxonomy":"product_tag","embeddable":true,"href":"https:\/\/vaejfit.com\/index.php\/wp-json\/wp\/v2\/product_tag?post=1680"}],"curies":[{"name":"wp","href":"https:\/\/api.w.org\/{rel}","templated":true}]}}