{"id":1672,"date":"2023-08-18T00:11:56","date_gmt":"2023-08-18T00:11:56","guid":{"rendered":"https:\/\/vaejfit.com\/?post_type=product&#038;p=1672"},"modified":"2025-10-12T21:12:03","modified_gmt":"2025-10-12T21:12:03","slug":"bi-pro-mass-3lb","status":"publish","type":"product","link":"https:\/\/vaejfit.com\/index.php\/product\/bi-pro-mass-3lb\/","title":{"rendered":"BI PRO MASS 3LB"},"content":{"rendered":"<p>Bi-Pro Mass contiene prote\u00edna de suero de leche bovina (Alfa lactoalb\u00famina, Beta lactoglobulina, Lactoferrina, Albumina del suero), como la \u00fanica fuente de prote\u00edna (no contiene soya ni case\u00ednatos), ideal para ser consumida despu\u00e9s de entrenar por su bajo peso molecular. Contiene 1.000 mg HMB, 7.000 mg de Bcaas (Amino\u00e1cidos de cadena ramificada) a\u00f1adidos, aporta 30 gramos de prote\u00edna por servicio.<\/p>\n<ul class=\"list-group list-group-flush my-4\">\n<li class=\"list-group-item\">Registro Invima\u00a0<strong>RSA-0007429-2019<\/strong>.<\/li>\n<li class=\"list-group-item\">Prote\u00edna en polvo.<\/li>\n<li class=\"list-group-item\">Complemento para planes nutricionales de aumento de masa muscular.<\/li>\n<li class=\"list-group-item\">1g HMB (Hidroximetilbutirato).<\/li>\n<li class=\"list-group-item\">7g Bcaas (Amino\u00e1cidos de cadena ramificada).<\/li>\n<li class=\"list-group-item\">30g de prote\u00edna por porci\u00f3n.<\/li>\n<li class=\"list-group-item\">270 calor\u00edas.<\/li>\n<\/ul>\n","protected":false},"excerpt":{"rendered":"<p>Bi-Pro Mass contiene prote\u00edna de suero de leche bovina (Alfa lactoalb\u00famina, Beta lactoglobulina, Lactoferrina, Albumina del suero), como la \u00fanica fuente de prote\u00edna (no contiene soya ni case\u00ednatos), ideal para ser consumida despu\u00e9s de entrenar por su bajo peso molecular. Contiene 1.000 mg HMB, 7.000 mg de Bcaas (Amino\u00e1cidos de cadena ramificada) a\u00f1adidos, aporta 30 [&hellip;]<\/p>\n","protected":false},"featured_media":1673,"comment_status":"open","ping_status":"closed","template":"","meta":{"site-sidebar-layout":"default","site-content-layout":"","ast-site-content-layout":"default","site-content-style":"default","site-sidebar-style":"default","ast-global-header-display":"","ast-banner-title-visibility":"","ast-main-header-display":"","ast-hfb-above-header-display":"","ast-hfb-below-header-display":"","ast-hfb-mobile-header-display":"","site-post-title":"","ast-breadcrumbs-content":"","ast-featured-img":"","footer-sml-layout":"","ast-disable-related-posts":"","theme-transparent-header-meta":"default","adv-header-id-meta":"","stick-header-meta":"","header-above-stick-meta":"","header-main-stick-meta":"","header-below-stick-meta":"","astra-migrate-meta-layouts":"set","ast-page-background-enabled":"default","ast-page-background-meta":{"desktop":{"background-color":"var(--ast-global-color-4)","background-image":"","background-repeat":"repeat","background-position":"center center","background-size":"auto","background-attachment":"scroll","background-type":"","background-media":"","overlay-type":"","overlay-color":"","overlay-opacity":"","overlay-gradient":""},"tablet":{"background-color":"","background-image":"","background-repeat":"repeat","background-position":"center center","background-size":"auto","background-attachment":"scroll","background-type":"","background-media":"","overlay-type":"","overlay-color":"","overlay-opacity":"","overlay-gradient":""},"mobile":{"background-color":"","background-image":"","background-repeat":"repeat","background-position":"center center","background-size":"auto","background-attachment":"scroll","background-type":"","background-media":"","overlay-type":"","overlay-color":"","overlay-opacity":"","overlay-gradient":""}},"ast-content-background-meta":{"desktop":{"background-color":"var(--ast-global-color-5)","background-image":"","background-repeat":"repeat","background-position":"center center","background-size":"auto","background-attachment":"scroll","background-type":"","background-media":"","overlay-type":"","overlay-color":"","overlay-opacity":"","overlay-gradient":""},"tablet":{"background-color":"var(--ast-global-color-5)","background-image":"","background-repeat":"repeat","background-position":"center center","background-size":"auto","background-attachment":"scroll","background-type":"","background-media":"","overlay-type":"","overlay-color":"","overlay-opacity":"","overlay-gradient":""},"mobile":{"background-color":"var(--ast-global-color-5)","background-image":"","background-repeat":"repeat","background-position":"center center","background-size":"auto","background-attachment":"scroll","background-type":"","background-media":"","overlay-type":"","overlay-color":"","overlay-opacity":"","overlay-gradient":""}}},"product_cat":[36,21],"product_tag":[47],"_links":{"self":[{"href":"https:\/\/vaejfit.com\/index.php\/wp-json\/wp\/v2\/product\/1672"}],"collection":[{"href":"https:\/\/vaejfit.com\/index.php\/wp-json\/wp\/v2\/product"}],"about":[{"href":"https:\/\/vaejfit.com\/index.php\/wp-json\/wp\/v2\/types\/product"}],"replies":[{"embeddable":true,"href":"https:\/\/vaejfit.com\/index.php\/wp-json\/wp\/v2\/comments?post=1672"}],"wp:featuredmedia":[{"embeddable":true,"href":"https:\/\/vaejfit.com\/index.php\/wp-json\/wp\/v2\/media\/1673"}],"wp:attachment":[{"href":"https:\/\/vaejfit.com\/index.php\/wp-json\/wp\/v2\/media?parent=1672"}],"wp:term":[{"taxonomy":"product_cat","embeddable":true,"href":"https:\/\/vaejfit.com\/index.php\/wp-json\/wp\/v2\/product_cat?post=1672"},{"taxonomy":"product_tag","embeddable":true,"href":"https:\/\/vaejfit.com\/index.php\/wp-json\/wp\/v2\/product_tag?post=1672"}],"curies":[{"name":"wp","href":"https:\/\/api.w.org\/{rel}","templated":true}]}}