{"id":1667,"date":"2023-08-18T00:08:00","date_gmt":"2023-08-18T00:08:00","guid":{"rendered":"https:\/\/vaejfit.com\/?post_type=product&#038;p=1667"},"modified":"2025-10-12T21:12:21","modified_gmt":"2025-10-12T21:12:21","slug":"bi-pro-ripped-2-4lb","status":"publish","type":"product","link":"https:\/\/vaejfit.com\/index.php\/product\/bi-pro-ripped-2-4lb\/","title":{"rendered":"BI PRO RIPPED 2.4LB"},"content":{"rendered":"<p><strong>BiPro-Ripped<\/strong>\u00a0es una f\u00f3rmula nutricional elaborada a base de prote\u00edna de suero y case\u00edna, prote\u00ednas l\u00e1cteas con excelentes perfiles nutricionales y diferentes velocidades de absorci\u00f3n, contiene en su f\u00f3rmula L-Carnitina y Picolinato de cromo, en las proporciones adecuadas.<\/p>\n<p>BiPro-Ripped\u00a0contiene avena como fuente de carbohidratos, ideal para personas que buscan alimentos con fibra y bajo \u00edndice gluc\u00e9mico. Adem\u00e1s posee el m\u00e1s delicioso y cremoso sabor para disfrutar al m\u00e1ximo el programa nutricional.<\/p>\n<p><strong>\u00bfPara qu\u00e9 sirve la Bi Pro Ripped?<\/strong><\/p>\n<p>Bi Pro Ripped es una prote\u00edna compuesta por prote\u00edna de suero de leche y case\u00edna. Contiene 20 gramos de carbohidratos, 30 gramos de prote\u00edna, 1 gramo de L Carnitina y 1 gramo de grasa. Es la aliada perfecta si est\u00e1s buscando una prote\u00edna para reemplazar una comida y reducir tu porcentaje de grasa corporal. Tambi\u00e9n te puede ayudar a aumentar tu masa muscular.<\/p>\n<p><strong>C\u00f3mo tomar Bi Pro Ripped?<\/strong><\/p>\n<p>Mezcle Bipro Ripped\u00a0 54g (1 medida\/cucharadas) en 300ml de agua o leche descremada. Cons\u00famalo inmediatamente despu\u00e9s de entrenar. Para reducir porcentaje de grasa corporal reemplazar una comida por un batido de Bi Pro Ripped. Para aumento de peso no reemplace ninguna comida con este producto. Incluye medidor (cuchara dosificadora).<\/p>\n<div class=\"aiosrs-rating-wrap\" data-schema-id=\"1278\">\n<div class=\"aiosrs-star-rating-wrap \">\n<div class=\"woocommerce-product-details__short-description\">\n<ul>\n<li>Prote\u00edna en polvo.<\/li>\n<li>Aumento de masa muscular.<\/li>\n<li>1 g L-Carnitina.<\/li>\n<li>400 mcg Picolinato de cromo.<\/li>\n<li>30 g por porci\u00f3n.<\/li>\n<li>210 calor\u00edas.<\/li>\n<li>Registro Invima: RSA-0007429 -2019.<\/li>\n<li>No aplica devoluci\u00f3n por retracto al ser de uso personal.<\/li>\n<\/ul>\n<\/div>\n<\/div>\n<\/div>\n","protected":false},"excerpt":{"rendered":"<p>BiPro-Ripped\u00a0es una f\u00f3rmula nutricional elaborada a base de prote\u00edna de suero y case\u00edna, prote\u00ednas l\u00e1cteas con excelentes perfiles nutricionales y diferentes velocidades de absorci\u00f3n, contiene en su f\u00f3rmula L-Carnitina y Picolinato de cromo, en las proporciones adecuadas. BiPro-Ripped\u00a0contiene avena como fuente de carbohidratos, ideal para personas que buscan alimentos con fibra y bajo \u00edndice gluc\u00e9mico. [&hellip;]<\/p>\n","protected":false},"featured_media":1671,"comment_status":"open","ping_status":"closed","template":"","meta":{"site-sidebar-layout":"default","site-content-layout":"","ast-site-content-layout":"default","site-content-style":"default","site-sidebar-style":"default","ast-global-header-display":"","ast-banner-title-visibility":"","ast-main-header-display":"","ast-hfb-above-header-display":"","ast-hfb-below-header-display":"","ast-hfb-mobile-header-display":"","site-post-title":"","ast-breadcrumbs-content":"","ast-featured-img":"","footer-sml-layout":"","ast-disable-related-posts":"","theme-transparent-header-meta":"default","adv-header-id-meta":"","stick-header-meta":"","header-above-stick-meta":"","header-main-stick-meta":"","header-below-stick-meta":"","astra-migrate-meta-layouts":"set","ast-page-background-enabled":"default","ast-page-background-meta":{"desktop":{"background-color":"var(--ast-global-color-4)","background-image":"","background-repeat":"repeat","background-position":"center center","background-size":"auto","background-attachment":"scroll","background-type":"","background-media":"","overlay-type":"","overlay-color":"","overlay-opacity":"","overlay-gradient":""},"tablet":{"background-color":"","background-image":"","background-repeat":"repeat","background-position":"center center","background-size":"auto","background-attachment":"scroll","background-type":"","background-media":"","overlay-type":"","overlay-color":"","overlay-opacity":"","overlay-gradient":""},"mobile":{"background-color":"","background-image":"","background-repeat":"repeat","background-position":"center center","background-size":"auto","background-attachment":"scroll","background-type":"","background-media":"","overlay-type":"","overlay-color":"","overlay-opacity":"","overlay-gradient":""}},"ast-content-background-meta":{"desktop":{"background-color":"var(--ast-global-color-5)","background-image":"","background-repeat":"repeat","background-position":"center center","background-size":"auto","background-attachment":"scroll","background-type":"","background-media":"","overlay-type":"","overlay-color":"","overlay-opacity":"","overlay-gradient":""},"tablet":{"background-color":"var(--ast-global-color-5)","background-image":"","background-repeat":"repeat","background-position":"center center","background-size":"auto","background-attachment":"scroll","background-type":"","background-media":"","overlay-type":"","overlay-color":"","overlay-opacity":"","overlay-gradient":""},"mobile":{"background-color":"var(--ast-global-color-5)","background-image":"","background-repeat":"repeat","background-position":"center center","background-size":"auto","background-attachment":"scroll","background-type":"","background-media":"","overlay-type":"","overlay-color":"","overlay-opacity":"","overlay-gradient":""}}},"product_cat":[36,21],"product_tag":[],"_links":{"self":[{"href":"https:\/\/vaejfit.com\/index.php\/wp-json\/wp\/v2\/product\/1667"}],"collection":[{"href":"https:\/\/vaejfit.com\/index.php\/wp-json\/wp\/v2\/product"}],"about":[{"href":"https:\/\/vaejfit.com\/index.php\/wp-json\/wp\/v2\/types\/product"}],"replies":[{"embeddable":true,"href":"https:\/\/vaejfit.com\/index.php\/wp-json\/wp\/v2\/comments?post=1667"}],"wp:featuredmedia":[{"embeddable":true,"href":"https:\/\/vaejfit.com\/index.php\/wp-json\/wp\/v2\/media\/1671"}],"wp:attachment":[{"href":"https:\/\/vaejfit.com\/index.php\/wp-json\/wp\/v2\/media?parent=1667"}],"wp:term":[{"taxonomy":"product_cat","embeddable":true,"href":"https:\/\/vaejfit.com\/index.php\/wp-json\/wp\/v2\/product_cat?post=1667"},{"taxonomy":"product_tag","embeddable":true,"href":"https:\/\/vaejfit.com\/index.php\/wp-json\/wp\/v2\/product_tag?post=1667"}],"curies":[{"name":"wp","href":"https:\/\/api.w.org\/{rel}","templated":true}]}}